{"id":7717,"date":"2023-06-08T15:05:40","date_gmt":"2023-06-08T08:05:40","guid":{"rendered":"https:\/\/www.siet.vn\/?page_id=7717"},"modified":"2023-06-19T11:21:54","modified_gmt":"2023-06-19T04:21:54","slug":"giang-vien","status":"publish","type":"page","link":"https:\/\/www.siet.vn\/en\/giang-vien","title":{"rendered":"Teachers"},"content":{"rendered":"<div data-elementor-type=\"wp-page\" data-elementor-id=\"7717\" class=\"elementor elementor-7717\">\n\t\t\t\t\t\t\t\t\t<section class=\"elementor-section elementor-top-section elementor-element elementor-element-d68f5ca elementor-section-boxed elementor-section-height-default elementor-section-height-default\" data-id=\"d68f5ca\" data-element_type=\"section\">\n\t\t\t\t\t\t<div class=\"elementor-container elementor-column-gap-default\">\n\t\t\t\t\t<div class=\"elementor-column elementor-col-100 elementor-top-column elementor-element elementor-element-886a7e0\" data-id=\"886a7e0\" data-element_type=\"column\">\n\t\t\t<div class=\"elementor-widget-wrap elementor-element-populated\">\n\t\t\t\t\t\t\t\t<section class=\"elementor-section elementor-inner-section elementor-element elementor-element-15fc305 elementor-section-boxed elementor-section-height-default elementor-section-height-default\" data-id=\"15fc305\" data-element_type=\"section\">\n\t\t\t\t\t\t<div class=\"elementor-container elementor-column-gap-default\">\n\t\t\t\t\t<div class=\"elementor-column elementor-col-50 elementor-inner-column elementor-element elementor-element-cb21d6e\" data-id=\"cb21d6e\" data-element_type=\"column\">\n\t\t\t<div class=\"elementor-widget-wrap elementor-element-populated\">\n\t\t\t\t\t\t\t\t<div class=\"elementor-element elementor-element-d5f5031 elementor-widget elementor-widget-image\" data-id=\"d5f5031\" data-element_type=\"widget\" data-widget_type=\"image.default\">\n\t\t\t\t<div class=\"elementor-widget-container\">\n\t\t\t<style>\/*! elementor - v3.13.3 - 28-05-2023 *\/\n.elementor-widget-image{text-align:center}.elementor-widget-image a{display:inline-block}.elementor-widget-image a img[src$=\".svg\"]{width:48px}.elementor-widget-image img{vertical-align:middle;display:inline-block}<\/style>\t\t\t\t\t\t\t\t\t\t\t\t<img loading=\"lazy\" decoding=\"async\" width=\"275\" height=\"300\" src=\"https:\/\/www.siet.vn\/wp-content\/uploads\/2023\/06\/z4415042753757_1b2a4765b24b6080e4ea58f4a0fdb468-275x300.jpg\" class=\"attachment-medium size-medium wp-image-7728\" alt=\"\" srcset=\"https:\/\/www.siet.vn\/wp-content\/uploads\/2023\/06\/z4415042753757_1b2a4765b24b6080e4ea58f4a0fdb468-275x300.jpg 275w, https:\/\/www.siet.vn\/wp-content\/uploads\/2023\/06\/z4415042753757_1b2a4765b24b6080e4ea58f4a0fdb468-937x1024.jpg 937w, https:\/\/www.siet.vn\/wp-content\/uploads\/2023\/06\/z4415042753757_1b2a4765b24b6080e4ea58f4a0fdb468-768x839.jpg 768w, https:\/\/www.siet.vn\/wp-content\/uploads\/2023\/06\/z4415042753757_1b2a4765b24b6080e4ea58f4a0fdb468-1406x1536.jpg 1406w, https:\/\/www.siet.vn\/wp-content\/uploads\/2023\/06\/z4415042753757_1b2a4765b24b6080e4ea58f4a0fdb468-11x12.jpg 11w, https:\/\/www.siet.vn\/wp-content\/uploads\/2023\/06\/z4415042753757_1b2a4765b24b6080e4ea58f4a0fdb468-900x983.jpg 900w, https:\/\/www.siet.vn\/wp-content\/uploads\/2023\/06\/z4415042753757_1b2a4765b24b6080e4ea58f4a0fdb468-600x656.jpg 600w, https:\/\/www.siet.vn\/wp-content\/uploads\/2023\/06\/z4415042753757_1b2a4765b24b6080e4ea58f4a0fdb468.jpg 1686w\" sizes=\"auto, (max-width: 275px) 100vw, 275px\" \/>\t\t\t\t\t\t\t\t\t\t\t\t\t\t\t<\/div>\n\t\t\t\t<\/div>\n\t\t\t\t\t<\/div>\n\t\t<\/div>\n\t\t\t\t<div class=\"elementor-column elementor-col-50 elementor-inner-column elementor-element elementor-element-407c978\" data-id=\"407c978\" data-element_type=\"column\">\n\t\t\t<div class=\"elementor-widget-wrap elementor-element-populated\">\n\t\t\t\t\t\t\t\t<div class=\"elementor-element elementor-element-041444d elementor-widget elementor-widget-text-editor\" data-id=\"041444d\" data-element_type=\"widget\" data-widget_type=\"text-editor.default\">\n\t\t\t\t<div class=\"elementor-widget-container\">\n\t\t\t<style>\/*! elementor - v3.13.3 - 28-05-2023 *\/\n.elementor-widget-text-editor.elementor-drop-cap-view-stacked .elementor-drop-cap{background-color:#69727d;color:#fff}.elementor-widget-text-editor.elementor-drop-cap-view-framed .elementor-drop-cap{color:#69727d;border:3px solid;background-color:transparent}.elementor-widget-text-editor:not(.elementor-drop-cap-view-default) .elementor-drop-cap{margin-top:8px}.elementor-widget-text-editor:not(.elementor-drop-cap-view-default) .elementor-drop-cap-letter{width:1em;height:1em}.elementor-widget-text-editor .elementor-drop-cap{float:left;text-align:center;line-height:1;font-size:50px}.elementor-widget-text-editor .elementor-drop-cap-letter{display:inline-block}<\/style>\t\t\t\t<h2>MS. LILY LE<\/h2>\n<div>\n<ul>\n<li><span style=\"color: #081c36; font-family: SegoeuiPc, 'Segoe UI', 'San Francisco', 'Helvetica Neue', Helvetica, 'Lucida Grande', Roboto, Ubuntu, Tahoma, 'Microsoft Sans Serif', Arial, sans-serif; font-size: 15px; letter-spacing: 0.2px; text-align: start; white-space-collapse: preserve;\">PhD student, Master of Business Administration majoring in Brand Development<\/span><\/li>\n<li><span style=\"color: #081c36; font-family: SegoeuiPc, 'Segoe UI', 'San Francisco', 'Helvetica Neue', Helvetica, 'Lucida Grande', Roboto, Ubuntu, Tahoma, 'Microsoft Sans Serif', Arial, sans-serif; font-size: 15px; letter-spacing: 0.2px; text-align: start; white-space-collapse: preserve;\">Director of LBG Asia, specializing in Trade, Investment and Technology Promotion <\/span><\/li>\n<li><span style=\"color: #081c36; font-family: SegoeuiPc, 'Segoe UI', 'San Francisco', 'Helvetica Neue', Helvetica, 'Lucida Grande', Roboto, Ubuntu, Tahoma, 'Microsoft Sans Serif', Arial, sans-serif; font-size: 15px; letter-spacing: 0.2px; text-align: start; white-space-collapse: preserve;\">Former Marketing Manager of Vingroup, IPPG, VCCI and TMA Solutions<\/span><\/li>\n<\/ul>\n<\/div>\n\t\t\t\t\t\t<\/div>\n\t\t\t\t<\/div>\n\t\t\t\t\t<\/div>\n\t\t<\/div>\n\t\t\t\t\t\t\t<\/div>\n\t\t<\/section>\n\t\t\t\t\t<\/div>\n\t\t<\/div>\n\t\t\t\t\t\t\t<\/div>\n\t\t<\/section>\n\t\t\t\t<section class=\"elementor-section elementor-top-section elementor-element elementor-element-154ee39 elementor-section-boxed elementor-section-height-default elementor-section-height-default\" data-id=\"154ee39\" data-element_type=\"section\">\n\t\t\t\t\t\t<div class=\"elementor-container elementor-column-gap-default\">\n\t\t\t\t\t<div class=\"elementor-column elementor-col-50 elementor-top-column elementor-element elementor-element-bd066a3\" data-id=\"bd066a3\" data-element_type=\"column\">\n\t\t\t<div class=\"elementor-widget-wrap elementor-element-populated\">\n\t\t\t\t\t\t\t\t<div class=\"elementor-element elementor-element-417b3bc elementor-widget elementor-widget-image\" data-id=\"417b3bc\" data-element_type=\"widget\" data-widget_type=\"image.default\">\n\t\t\t\t<div class=\"elementor-widget-container\">\n\t\t\t\t\t\t\t\t\t\t\t\t\t\t\t<img decoding=\"async\" src=\"https:\/\/www.siet.vn\/wp-content\/uploads\/elementor\/thumbs\/z4414909843318_eb8354fcf3a1e9a742bf947693fa132b-e1686536467162-qfmo3e53bds8lj0ffg3d53u7cfifx30v318lct2sm8.jpg\" title=\"z4414909843318_eb8354fcf3a1e9a742bf947693fa132b\" alt=\"z4414909843318_eb8354fcf3a1e9a742bf947693fa132b\" loading=\"lazy\" \/>\t\t\t\t\t\t\t\t\t\t\t\t\t\t\t<\/div>\n\t\t\t\t<\/div>\n\t\t\t\t\t<\/div>\n\t\t<\/div>\n\t\t\t\t<div class=\"elementor-column elementor-col-50 elementor-top-column elementor-element elementor-element-1dc4593\" data-id=\"1dc4593\" data-element_type=\"column\">\n\t\t\t<div class=\"elementor-widget-wrap elementor-element-populated\">\n\t\t\t\t\t\t\t\t<div class=\"elementor-element elementor-element-a7e19ab elementor-widget-tablet__width-initial elementor-widget elementor-widget-text-editor\" data-id=\"a7e19ab\" data-element_type=\"widget\" data-widget_type=\"text-editor.default\">\n\t\t\t\t<div class=\"elementor-widget-container\">\n\t\t\t\t\t\t\t<h2 class=\" translation-block\">MR. XUAN LINH NGUYEN<\/h2>\n<ul>\n<li><span style=\"color: rgb(8, 28, 54); font-family: SegoeuiPc, &quot;Segoe UI&quot;, &quot;San Francisco&quot;, &quot;Helvetica Neue&quot;, Helvetica, &quot;Lucida Grande&quot;, Roboto, Ubuntu, Tahoma, &quot;Microsoft Sans Serif&quot;, Arial, sans-serif; font-size: 15px; letter-spacing: 0.2px; white-space: pre-wrap;\">Master of Economics, Lecturer of the Faculty of Public Relations &amp; Communications - Van Lang University<\/span><\/li>\n<li><span style=\"font-size: 15px; letter-spacing: 0.20000000298023224px; white-space: pre-wrap; color: rgb(8, 28, 54); font-family: SegoeuiPc, &quot;Segoe UI&quot;, &quot;San Francisco&quot;, &quot;Helvetica Neue&quot;, Helvetica, &quot;Lucida Grande&quot;, Roboto, Ubuntu, Tahoma, &quot;Microsoft Sans Serif&quot;, Arial, sans-serif;\">Former Marketing Director of Matxi Corp Vietnam and worked in the field of communication and marketing of Unilever, VIFON Vietnam, etc.<\/span><\/li>\n<ul>\n<\/ul>\n<\/ul>\n\t\t\t\t\t\t<\/div>\n\t\t\t\t<\/div>\n\t\t\t\t\t<\/div>\n\t\t<\/div>\n\t\t\t\t\t\t\t<\/div>\n\t\t<\/section>\n\t\t\t\t<section class=\"elementor-section elementor-top-section elementor-element elementor-element-857118f elementor-section-boxed elementor-section-height-default elementor-section-height-default\" data-id=\"857118f\" data-element_type=\"section\">\n\t\t\t\t\t\t<div class=\"elementor-container elementor-column-gap-default\">\n\t\t\t\t\t<div class=\"elementor-column elementor-col-100 elementor-top-column elementor-element elementor-element-dfad133\" data-id=\"dfad133\" data-element_type=\"column\">\n\t\t\t<div class=\"elementor-widget-wrap elementor-element-populated\">\n\t\t\t\t\t\t\t\t<section class=\"elementor-section elementor-inner-section elementor-element elementor-element-0e796a4 elementor-section-boxed elementor-section-height-default elementor-section-height-default\" data-id=\"0e796a4\" data-element_type=\"section\">\n\t\t\t\t\t\t<div class=\"elementor-container elementor-column-gap-default\">\n\t\t\t\t\t<div class=\"elementor-column elementor-col-50 elementor-inner-column elementor-element elementor-element-d8b2324\" data-id=\"d8b2324\" data-element_type=\"column\">\n\t\t\t<div class=\"elementor-widget-wrap elementor-element-populated\">\n\t\t\t\t\t\t\t\t<div class=\"elementor-element elementor-element-aed1bc0 elementor-widget elementor-widget-image\" data-id=\"aed1bc0\" data-element_type=\"widget\" data-widget_type=\"image.default\">\n\t\t\t\t<div class=\"elementor-widget-container\">\n\t\t\t\t\t\t\t\t\t\t\t\t\t\t\t<img decoding=\"async\" src=\"https:\/\/www.siet.vn\/wp-content\/uploads\/elementor\/thumbs\/z4416672577678_3c03078b764a51633f0f09874c612ac7-qfmo3g0s00jlw4frucuk47d7kx5rt6g3sto1ql12t0.jpg\" title=\"z4416672577678_3c03078b764a51633f0f09874c612ac7\" alt=\"z4416672577678_3c03078b764a51633f0f09874c612ac7\" loading=\"lazy\" \/>\t\t\t\t\t\t\t\t\t\t\t\t\t\t\t<\/div>\n\t\t\t\t<\/div>\n\t\t\t\t\t<\/div>\n\t\t<\/div>\n\t\t\t\t<div class=\"elementor-column elementor-col-50 elementor-inner-column elementor-element elementor-element-1f313bf\" data-id=\"1f313bf\" data-element_type=\"column\">\n\t\t\t<div class=\"elementor-widget-wrap elementor-element-populated\">\n\t\t\t\t\t\t\t\t<div class=\"elementor-element elementor-element-48449ce elementor-widget elementor-widget-heading\" data-id=\"48449ce\" data-element_type=\"widget\" data-widget_type=\"heading.default\">\n\t\t\t\t<div class=\"elementor-widget-container\">\n\t\t\t<style>\/*! elementor - v3.13.3 - 28-05-2023 *\/\n.elementor-heading-title{padding:0;margin:0;line-height:1}.elementor-widget-heading .elementor-heading-title[class*=elementor-size-]>a{color:inherit;font-size:inherit;line-height:inherit}.elementor-widget-heading .elementor-heading-title.elementor-size-small{font-size:15px}.elementor-widget-heading .elementor-heading-title.elementor-size-medium{font-size:19px}.elementor-widget-heading .elementor-heading-title.elementor-size-large{font-size:29px}.elementor-widget-heading .elementor-heading-title.elementor-size-xl{font-size:39px}.elementor-widget-heading .elementor-heading-title.elementor-size-xxl{font-size:59px}<\/style><h2 class=\"elementor-heading-title elementor-size-default\">MR. THANH LAM NGUYEN<\/h2>\t\t<\/div>\n\t\t\t\t<\/div>\n\t\t\t\t<div class=\"elementor-element elementor-element-ff38542 elementor-widget elementor-widget-text-editor\" data-id=\"ff38542\" data-element_type=\"widget\" data-widget_type=\"text-editor.default\">\n\t\t\t\t<div class=\"elementor-widget-container\">\n\t\t\t\t\t\t\t<ul>\n<li><span style=\"color: #081c36; font-family: SegoeuiPc, 'Segoe UI', 'San Francisco', 'Helvetica Neue', Helvetica, 'Lucida Grande', Roboto, Ubuntu, Tahoma, 'Microsoft Sans Serif', Arial, sans-serif; font-size: 15px; letter-spacing: 0.2px; white-space-collapse: preserve;\">Master of Business Administration \u2013 University of Bolton (UK)<\/span><\/li>\n<li><span style=\"color: #081c36; font-family: SegoeuiPc, 'Segoe UI', 'San Francisco', 'Helvetica Neue', Helvetica, 'Lucida Grande', Roboto, Ubuntu, Tahoma, 'Microsoft Sans Serif', Arial, sans-serif; font-size: 15px; letter-spacing: 0.2px; white-space-collapse: preserve;\">Master of Media &amp; Communications - University of Stirling (UK)<\/span><\/li>\n<li><span style=\"color: #081c36; font-family: SegoeuiPc, 'Segoe UI', 'San Francisco', 'Helvetica Neue', Helvetica, 'Lucida Grande', Roboto, Ubuntu, Tahoma, 'Microsoft Sans Serif', Arial, sans-serif; font-size: 15px; letter-spacing: 0.2px; white-space-collapse: preserve;\">Lecturer of the Faculty of Public Relations &amp; Communications - Van Lang University<\/span><\/li>\n<li><span style=\"color: #081c36; font-family: SegoeuiPc, 'Segoe UI', 'San Francisco', 'Helvetica Neue', Helvetica, 'Lucida Grande', Roboto, Ubuntu, Tahoma, 'Microsoft Sans Serif', Arial, sans-serif; font-size: 15px; letter-spacing: 0.2px; white-space-collapse: preserve;\">12 years of experience in multimedia &amp; content marketing<\/span><\/li>\n<li><span style=\"color: #081c36; font-family: SegoeuiPc, 'Segoe UI', 'San Francisco', 'Helvetica Neue', Helvetica, 'Lucida Grande', Roboto, Ubuntu, Tahoma, 'Microsoft Sans Serif', Arial, sans-serif; font-size: 15px; letter-spacing: 0.2px; white-space-collapse: preserve;\">Former Chief Customer Officer of Doctor House Group<\/span><\/li>\n<li><span style=\"color: #081c36; font-family: SegoeuiPc, 'Segoe UI', 'San Francisco', 'Helvetica Neue', Helvetica, 'Lucida Grande', Roboto, Ubuntu, Tahoma, 'Microsoft Sans Serif', Arial, sans-serif; font-size: 15px; letter-spacing: 0.2px; white-space-collapse: preserve;\">Deputy Director of An Phuoc construction company<\/span><\/li>\n<\/ul>\n\t\t\t\t\t\t<\/div>\n\t\t\t\t<\/div>\n\t\t\t\t\t<\/div>\n\t\t<\/div>\n\t\t\t\t\t\t\t<\/div>\n\t\t<\/section>\n\t\t\t\t\t<\/div>\n\t\t<\/div>\n\t\t\t\t\t\t\t<\/div>\n\t\t<\/section>\n\t\t\t\t\t\t\t<\/div>","protected":false},"excerpt":{"rendered":"<p>C\u00d4 LILY LE NCS Th\u1ea1c S\u0129 QTKD chuy\u00ean ng\u00e0nh Ph\u00e1t Tri\u1ec3n Th\u01b0\u01a1ng Hi\u1ec7u Gi\u00e1m \u0111\u1ed1c c\u00f4ng ty LBG Asia, chuy\u00ean X\u00fac ti\u1ebfn Th\u01b0\u01a1ng m\u1ea1i, \u0110\u1ea7u t\u01b0 v\u00e0 C\u00f4ng ngh\u1ec7 Nguy\u00ean qu\u1ea3n l\u00fd Marketing c\u1ee7a T\u1eadp \u0111o\u00e0n Vingroup, IPPG, VCCI v\u00e0 TMA Solutions TH\u1ea6Y NGUY\u1ec4N XU\u00c2N LINH Th\u1ea1c s\u1ef9 Kinh T\u1ebf, Gi\u1ea3ng vi\u00ean khoa Quan h\u1ec7<\/p>","protected":false},"author":1,"featured_media":0,"parent":0,"menu_order":0,"comment_status":"closed","ping_status":"closed","template":"","meta":{"footnotes":""},"class_list":["post-7717","page","type-page","status-publish","hentry"],"yoast_head":"<!-- This site is optimized with the Yoast SEO plugin v20.2 - https:\/\/yoast.com\/wordpress\/plugins\/seo\/ -->\n<title>Gi\u1ea3ng vi\u00ean - Vi\u1ec7n Kinh T\u1ebf v\u00e0 C\u00f4ng Ngh\u1ec7 - SIET<\/title>\n<meta name=\"robots\" content=\"index, follow, max-snippet:-1, max-image-preview:large, max-video-preview:-1\" \/>\n<link rel=\"canonical\" href=\"https:\/\/www.siet.vn\/en\/giang-vien\/\" \/>\n<meta property=\"og:locale\" content=\"en_US\" \/>\n<meta property=\"og:type\" content=\"article\" \/>\n<meta property=\"og:title\" content=\"Gi\u1ea3ng vi\u00ean - Vi\u1ec7n Kinh T\u1ebf v\u00e0 C\u00f4ng Ngh\u1ec7 - SIET\" \/>\n<meta property=\"og:description\" content=\"C\u00d4 LILY LE NCS Th\u1ea1c S\u0129 QTKD chuy\u00ean ng\u00e0nh Ph\u00e1t Tri\u1ec3n Th\u01b0\u01a1ng Hi\u1ec7u Gi\u00e1m \u0111\u1ed1c c\u00f4ng ty LBG Asia, chuy\u00ean X\u00fac ti\u1ebfn Th\u01b0\u01a1ng m\u1ea1i, \u0110\u1ea7u t\u01b0 v\u00e0 C\u00f4ng ngh\u1ec7 Nguy\u00ean qu\u1ea3n l\u00fd Marketing c\u1ee7a T\u1eadp \u0111o\u00e0n Vingroup, IPPG, VCCI v\u00e0 TMA Solutions TH\u1ea6Y NGUY\u1ec4N XU\u00c2N LINH Th\u1ea1c s\u1ef9 Kinh T\u1ebf, Gi\u1ea3ng vi\u00ean khoa Quan h\u1ec7\" \/>\n<meta property=\"og:url\" content=\"https:\/\/www.siet.vn\/en\/giang-vien\/\" \/>\n<meta property=\"og:site_name\" content=\"Vi\u1ec7n Kinh T\u1ebf v\u00e0 C\u00f4ng Ngh\u1ec7 - SIET\" \/>\n<meta property=\"article:publisher\" content=\"https:\/\/www.facebook.com\/siet.vn\" \/>\n<meta property=\"article:modified_time\" content=\"2023-06-19T04:21:54+00:00\" \/>\n<meta property=\"og:image\" content=\"https:\/\/www.siet.vn\/wp-content\/uploads\/2023\/06\/z4415042753757_1b2a4765b24b6080e4ea58f4a0fdb468-275x300.jpg\" \/>\n<meta name=\"twitter:card\" content=\"summary_large_image\" \/>\n<meta name=\"twitter:label1\" content=\"Est. reading time\" \/>\n\t<meta name=\"twitter:data1\" content=\"2 minutes\" \/>\n<script type=\"application\/ld+json\" class=\"yoast-schema-graph\">{\"@context\":\"https:\/\/schema.org\",\"@graph\":[{\"@type\":\"WebPage\",\"@id\":\"https:\/\/www.siet.vn\/giang-vien\",\"url\":\"https:\/\/www.siet.vn\/giang-vien\",\"name\":\"Gi\u1ea3ng vi\u00ean - Vi\u1ec7n Kinh T\u1ebf v\u00e0 C\u00f4ng Ngh\u1ec7 - SIET\",\"isPartOf\":{\"@id\":\"https:\/\/www.siet.vn\/en\/#website\"},\"datePublished\":\"2023-06-08T08:05:40+00:00\",\"dateModified\":\"2023-06-19T04:21:54+00:00\",\"breadcrumb\":{\"@id\":\"https:\/\/www.siet.vn\/giang-vien#breadcrumb\"},\"inLanguage\":\"en-US\",\"potentialAction\":[{\"@type\":\"ReadAction\",\"target\":[\"https:\/\/www.siet.vn\/giang-vien\"]}]},{\"@type\":\"BreadcrumbList\",\"@id\":\"https:\/\/www.siet.vn\/giang-vien#breadcrumb\",\"itemListElement\":[{\"@type\":\"ListItem\",\"position\":1,\"name\":\"Trang ch\u1ee7\",\"item\":\"https:\/\/www.siet.vn\/\"},{\"@type\":\"ListItem\",\"position\":2,\"name\":\"Gi\u1ea3ng vi\u00ean\"}]},{\"@type\":\"WebSite\",\"@id\":\"https:\/\/www.siet.vn\/en\/#website\",\"url\":\"https:\/\/www.siet.vn\/en\/\",\"name\":\"Vi\u1ec7n Kinh T\u1ebf v\u00e0 C\u00f4ng Ngh\u1ec7 - SIET\",\"description\":\"Vi\u1ec7n Nghi\u00ean C\u1ee9u &amp; \u1ee8ng D\u1ee5ng\",\"publisher\":{\"@id\":\"https:\/\/www.siet.vn\/en\/#organization\"},\"potentialAction\":[{\"@type\":\"SearchAction\",\"target\":{\"@type\":\"EntryPoint\",\"urlTemplate\":\"https:\/\/www.siet.vn\/en\/?s={search_term_string}\"},\"query-input\":\"required name=search_term_string\"}],\"inLanguage\":\"en-US\"},{\"@type\":\"Organization\",\"@id\":\"https:\/\/www.siet.vn\/en\/#organization\",\"name\":\"Vi\u1ec7n Kinh T\u1ebf v\u00e0 C\u00f4ng Ngh\u1ec7 - SIET\",\"url\":\"https:\/\/www.siet.vn\/en\/\",\"logo\":{\"@type\":\"ImageObject\",\"inLanguage\":\"en-US\",\"@id\":\"https:\/\/www.siet.vn\/en\/#\/schema\/logo\/image\/\",\"url\":\"https:\/\/www.siet.vn\/wp-content\/uploads\/2022\/09\/siet-1.png\",\"contentUrl\":\"https:\/\/www.siet.vn\/wp-content\/uploads\/2022\/09\/siet-1.png\",\"width\":463,\"height\":313,\"caption\":\"Vi\u1ec7n Kinh T\u1ebf v\u00e0 C\u00f4ng Ngh\u1ec7 - SIET\"},\"image\":{\"@id\":\"https:\/\/www.siet.vn\/en\/#\/schema\/logo\/image\/\"},\"sameAs\":[\"https:\/\/www.facebook.com\/siet.vn\"]}]}<\/script>\n<!-- \/ Yoast SEO plugin. -->","yoast_head_json":{"title":"Gi\u1ea3ng vi\u00ean - Vi\u1ec7n Kinh T\u1ebf v\u00e0 C\u00f4ng Ngh\u1ec7 - SIET","robots":{"index":"index","follow":"follow","max-snippet":"max-snippet:-1","max-image-preview":"max-image-preview:large","max-video-preview":"max-video-preview:-1"},"canonical":"https:\/\/www.siet.vn\/en\/giang-vien\/","og_locale":"en_US","og_type":"article","og_title":"Gi\u1ea3ng vi\u00ean - Vi\u1ec7n Kinh T\u1ebf v\u00e0 C\u00f4ng Ngh\u1ec7 - SIET","og_description":"C\u00d4 LILY LE NCS Th\u1ea1c S\u0129 QTKD chuy\u00ean ng\u00e0nh Ph\u00e1t Tri\u1ec3n Th\u01b0\u01a1ng Hi\u1ec7u Gi\u00e1m \u0111\u1ed1c c\u00f4ng ty LBG Asia, chuy\u00ean X\u00fac ti\u1ebfn Th\u01b0\u01a1ng m\u1ea1i, \u0110\u1ea7u t\u01b0 v\u00e0 C\u00f4ng ngh\u1ec7 Nguy\u00ean qu\u1ea3n l\u00fd Marketing c\u1ee7a T\u1eadp \u0111o\u00e0n Vingroup, IPPG, VCCI v\u00e0 TMA Solutions TH\u1ea6Y NGUY\u1ec4N XU\u00c2N LINH Th\u1ea1c s\u1ef9 Kinh T\u1ebf, Gi\u1ea3ng vi\u00ean khoa Quan h\u1ec7","og_url":"https:\/\/www.siet.vn\/en\/giang-vien\/","og_site_name":"Vi\u1ec7n Kinh T\u1ebf v\u00e0 C\u00f4ng Ngh\u1ec7 - SIET","article_publisher":"https:\/\/www.facebook.com\/siet.vn","article_modified_time":"2023-06-19T04:21:54+00:00","og_image":[{"url":"https:\/\/www.siet.vn\/wp-content\/uploads\/2023\/06\/z4415042753757_1b2a4765b24b6080e4ea58f4a0fdb468-275x300.jpg"}],"twitter_card":"summary_large_image","twitter_misc":{"Est. reading time":"2 minutes"},"schema":{"@context":"https:\/\/schema.org","@graph":[{"@type":"WebPage","@id":"https:\/\/www.siet.vn\/giang-vien","url":"https:\/\/www.siet.vn\/giang-vien","name":"Gi\u1ea3ng vi\u00ean - Vi\u1ec7n Kinh T\u1ebf v\u00e0 C\u00f4ng Ngh\u1ec7 - SIET","isPartOf":{"@id":"https:\/\/www.siet.vn\/en\/#website"},"datePublished":"2023-06-08T08:05:40+00:00","dateModified":"2023-06-19T04:21:54+00:00","breadcrumb":{"@id":"https:\/\/www.siet.vn\/giang-vien#breadcrumb"},"inLanguage":"en-US","potentialAction":[{"@type":"ReadAction","target":["https:\/\/www.siet.vn\/giang-vien"]}]},{"@type":"BreadcrumbList","@id":"https:\/\/www.siet.vn\/giang-vien#breadcrumb","itemListElement":[{"@type":"ListItem","position":1,"name":"Trang ch\u1ee7","item":"https:\/\/www.siet.vn\/"},{"@type":"ListItem","position":2,"name":"Gi\u1ea3ng vi\u00ean"}]},{"@type":"WebSite","@id":"https:\/\/www.siet.vn\/en\/#website","url":"https:\/\/www.siet.vn\/en\/","name":"Vi\u1ec7n Kinh T\u1ebf v\u00e0 C\u00f4ng Ngh\u1ec7 - SIET","description":"Vi\u1ec7n Nghi\u00ean C\u1ee9u &amp; \u1ee8ng D\u1ee5ng","publisher":{"@id":"https:\/\/www.siet.vn\/en\/#organization"},"potentialAction":[{"@type":"SearchAction","target":{"@type":"EntryPoint","urlTemplate":"https:\/\/www.siet.vn\/en\/?s={search_term_string}"},"query-input":"required name=search_term_string"}],"inLanguage":"en-US"},{"@type":"Organization","@id":"https:\/\/www.siet.vn\/en\/#organization","name":"Vi\u1ec7n Kinh T\u1ebf v\u00e0 C\u00f4ng Ngh\u1ec7 - SIET","url":"https:\/\/www.siet.vn\/en\/","logo":{"@type":"ImageObject","inLanguage":"en-US","@id":"https:\/\/www.siet.vn\/en\/#\/schema\/logo\/image\/","url":"https:\/\/www.siet.vn\/wp-content\/uploads\/2022\/09\/siet-1.png","contentUrl":"https:\/\/www.siet.vn\/wp-content\/uploads\/2022\/09\/siet-1.png","width":463,"height":313,"caption":"Vi\u1ec7n Kinh T\u1ebf v\u00e0 C\u00f4ng Ngh\u1ec7 - SIET"},"image":{"@id":"https:\/\/www.siet.vn\/en\/#\/schema\/logo\/image\/"},"sameAs":["https:\/\/www.facebook.com\/siet.vn"]}]}},"_links":{"self":[{"href":"https:\/\/www.siet.vn\/en\/wp-json\/wp\/v2\/pages\/7717","targetHints":{"allow":["GET"]}}],"collection":[{"href":"https:\/\/www.siet.vn\/en\/wp-json\/wp\/v2\/pages"}],"about":[{"href":"https:\/\/www.siet.vn\/en\/wp-json\/wp\/v2\/types\/page"}],"author":[{"embeddable":true,"href":"https:\/\/www.siet.vn\/en\/wp-json\/wp\/v2\/users\/1"}],"replies":[{"embeddable":true,"href":"https:\/\/www.siet.vn\/en\/wp-json\/wp\/v2\/comments?post=7717"}],"version-history":[{"count":73,"href":"https:\/\/www.siet.vn\/en\/wp-json\/wp\/v2\/pages\/7717\/revisions"}],"predecessor-version":[{"id":7920,"href":"https:\/\/www.siet.vn\/en\/wp-json\/wp\/v2\/pages\/7717\/revisions\/7920"}],"wp:attachment":[{"href":"https:\/\/www.siet.vn\/en\/wp-json\/wp\/v2\/media?parent=7717"}],"curies":[{"name":"wp","href":"https:\/\/api.w.org\/{rel}","templated":true}]}}