{"id":7679,"date":"2023-06-06T13:26:45","date_gmt":"2023-06-06T06:26:45","guid":{"rendered":"https:\/\/www.siet.vn\/?page_id=7679"},"modified":"2023-06-14T11:16:08","modified_gmt":"2023-06-14T04:16:08","slug":"doi-tac-chien-luoc","status":"publish","type":"page","link":"https:\/\/www.siet.vn\/en\/doi-tac-chien-luoc","title":{"rendered":"Strategic partners"},"content":{"rendered":"<div data-elementor-type=\"wp-page\" data-elementor-id=\"7679\" class=\"elementor elementor-7679\">\n\t\t\t\t\t\t\t\t\t<section class=\"elementor-section elementor-top-section elementor-element elementor-element-5286b77d elementor-section-boxed elementor-section-height-default elementor-section-height-default\" data-id=\"5286b77d\" data-element_type=\"section\">\n\t\t\t\t\t\t<div class=\"elementor-container elementor-column-gap-default\">\n\t\t\t\t\t<div class=\"elementor-column elementor-col-100 elementor-top-column elementor-element elementor-element-67f44917\" data-id=\"67f44917\" data-element_type=\"column\">\n\t\t\t<div class=\"elementor-widget-wrap elementor-element-populated\">\n\t\t\t\t\t\t\t\t<div class=\"elementor-element elementor-element-7d5ba136 elementor-widget elementor-widget-text-editor\" data-id=\"7d5ba136\" data-element_type=\"widget\" data-widget_type=\"text-editor.default\">\n\t\t\t\t<div class=\"elementor-widget-container\">\n\t\t\t<style>\/*! elementor - v3.13.3 - 28-05-2023 *\/\n.elementor-widget-text-editor.elementor-drop-cap-view-stacked .elementor-drop-cap{background-color:#69727d;color:#fff}.elementor-widget-text-editor.elementor-drop-cap-view-framed .elementor-drop-cap{color:#69727d;border:3px solid;background-color:transparent}.elementor-widget-text-editor:not(.elementor-drop-cap-view-default) .elementor-drop-cap{margin-top:8px}.elementor-widget-text-editor:not(.elementor-drop-cap-view-default) .elementor-drop-cap-letter{width:1em;height:1em}.elementor-widget-text-editor .elementor-drop-cap{float:left;text-align:center;line-height:1;font-size:50px}.elementor-widget-text-editor .elementor-drop-cap-letter{display:inline-block}<\/style>\t\t\t\t<p dir=\"ltr\" style=\"line-height: 1.38; text-align: justify; background-color: #ffffff; margin-top: 0pt; margin-bottom: 0pt; padding: 0pt 0pt 8pt 0pt;\"><span style=\"font-size: 11pt; font-family: Arial; color: #000000; background-color: transparent; font-weight: 400; font-style: normal; font-variant: normal; text-decoration: none; vertical-align: baseline; white-space: pre-wrap;\">Institute of Economics and Technology (SIET) is proud to cooperate with extremely reliable partners in the field of training, research and technology transfer. We have created a unique learning environment while providing SIET students with excellent development opportunities.<\/span><\/p>\n<p dir=\"ltr\" style=\"line-height: 1.38; text-align: justify; background-color: #ffffff; margin-top: 0pt; margin-bottom: 8pt;\"><span style=\"font-size: 11pt; font-family: Arial; color: #000000; background-color: transparent; font-weight: 400; font-style: normal; font-variant: normal; text-decoration: none; vertical-align: baseline; white-space: pre-wrap;\">With the common goal of improving the quality of training, our partners provide us with a diverse and practical learning program. The program is designed intensively, ensuring that students will receive the knowledge necessary to succeed in the field of Economics and Technology, contributing to improving the quality of education and positioning SIET as one of the prestigious training center in the field of Economics and Technology.<\/span><\/p>\n<ul>\n<li><span style=\"font-size: 11pt; font-family: Arial; background-color: transparent; font-weight: bold; font-variant-numeric: normal; font-variant-east-asian: normal; font-variant-alternates: normal; vertical-align: baseline; white-space-collapse: preserve;\">FPT Corporation<\/span><span style=\"font-size: 11pt; font-family: Arial; background-color: transparent; font-variant-numeric: normal; font-variant-east-asian: normal; font-variant-alternates: normal; vertical-align: baseline; white-space-collapse: preserve;\"> was established in 1999. As one of the member units, operating in the field of education in Vietnam and owning many affiliated member units.<\/span><\/li>\n<li><span style=\"background-color: transparent; font-size: 11pt; font-variant-numeric: normal; font-variant-east-asian: normal; font-variant-alternates: normal; vertical-align: baseline;\"><b>National Creative Startup Support Center<\/b><\/span><span style=\"background-color: transparent; font-size: 11pt; font-variant-numeric: normal; font-variant-east-asian: normal; font-variant-alternates: normal; vertical-align: baseline;\"> was established in 2019 with the central mission of supporting innovative startups and promoting the development of the startup ecosystem.<\/span><\/li>\n<\/ul>\n<ul>\n<li><span style=\"background-color: transparent; font-size: 11pt; font-weight: bold; font-variant-numeric: normal; font-variant-east-asian: normal; font-variant-alternates: normal; vertical-align: baseline;\">Ministry of Science and Technology<\/span><span style=\"background-color: transparent; font-size: 11pt; font-variant-numeric: normal; font-variant-east-asian: normal; font-variant-alternates: normal; vertical-align: baseline;\"> is an agency of the Government, performing the function of state management of science and technology, including: scientific research activities, technological development, innovation; develop scientific and technological potentials; Intellectual Property; quality measurement standards; atomic energy, radiation and nuclear safety; State management of public services in the fields under its management according to the provisions of law.<\/span><\/li>\n<li><span style=\"background-color: transparent; font-size: 11pt; font-family: Arial; font-weight: bold; font-variant-numeric: normal; font-variant-east-asian: normal; font-variant-alternates: normal; vertical-align: baseline;\">The Science and Technology Enterprise and Market Development Department<\/span><span style=\"background-color: transparent; font-size: 11pt; font-family: Arial; font-variant-numeric: normal; font-variant-east-asian: normal; font-variant-alternates: normal; vertical-align: baseline;\"> is an organization directly under the Ministry of Science and Technology (Science and Technology) assisting the Minister in performing the state management function on the development of technology markets and scientific enterprises. and innovative technology and entrepreneurship.<\/span><\/li>\n<li><span style=\"background-color: transparent; font-size: 11pt; font-family: Arial; font-weight: bold; font-variant-numeric: normal; font-variant-east-asian: normal; font-variant-alternates: normal; vertical-align: baseline;\">Andong National University<\/span><span style=\"background-color: transparent; font-size: 11pt; font-family: Arial; font-variant-numeric: normal; font-variant-east-asian: normal; font-variant-alternates: normal; vertical-align: baseline;\"> (Korea) was established in 1947, belongs to the top 20 leading universities in Korea in 2012 with a steady increase in the number of students and has more than 7 member schools up to now.<\/span><\/li>\n<li><b><span style=\"background-color: transparent; font-size: 11pt;\">IPA VietNam<\/span><br \/><\/b><\/li>\n<li><span style=\"background-color: transparent; font-size: 11pt;\"><b>ML Companies<\/b><\/span><\/li>\n<li><span style=\"background-color: transparent; font-size: 11pt; font-family: Arial; font-weight: bold; font-variant-numeric: normal; font-variant-east-asian: normal; font-variant-alternates: normal; vertical-align: baseline;\">SunGroup<\/span><span style=\"background-color: transparent; font-size: 11pt; font-family: Arial; font-variant-numeric: normal; font-variant-east-asian: normal; font-variant-alternates: normal; vertical-align: baseline;\"> is a multi-disciplinary corporation, inheriting 20 years of experience in real estate development from the brands of its member companies in providing real estate-focused solutions including: Investment Consulting Investment \u2013 \u200b\u200bValuation \u2013 Trade and Communication \u2013 Technology Application \u2013 Construction Design \u2013 Legal in Vietnam.<\/span><\/li>\n<li><span style=\"background-color: transparent; font-size: 11pt; font-family: Arial; font-weight: bold; font-variant-numeric: normal; font-variant-east-asian: normal; font-variant-alternates: normal; vertical-align: baseline;\">SunValue<\/span><span style=\"background-color: transparent; font-size: 11pt; font-family: Arial; font-variant-numeric: normal; font-variant-east-asian: normal; font-variant-alternates: normal; vertical-align: baseline;\"> specializes in providing valuation services with comprehensive and breakthrough solutions on a global scale for the purposes of investment, borrowing, mergers and acquisitions, equitization, debt settlement... simultaneously apply comprehensive digital transformation and information technology application<\/span><\/li>\n<li><span style=\"background-color: transparent; font-size: 11pt; font-family: Arial; font-weight: bold; font-variant-numeric: normal; font-variant-east-asian: normal; font-variant-alternates: normal; vertical-align: baseline;\">Hoang Quan Appraisal Company<\/span><span style=\"background-color: transparent; font-size: 11pt; font-family: Arial; font-variant-numeric: normal; font-variant-east-asian: normal; font-variant-alternates: normal; vertical-align: baseline;\"> is a member of Hoang Quan Real Estate system, associated with reputable and reliable partners in the Appraisal industry in the world such as: USA, Korea, Singapore, Hong Kong, ..<\/span><\/li>\n<li><span style=\"background-color: transparent; font-size: 11pt; font-family: Arial; font-weight: bold; font-variant-numeric: normal; font-variant-east-asian: normal; font-variant-alternates: normal; vertical-align: baseline;\">Ho\u00e0ng Qu\u00e2n Group<\/span><span style=\"background-color: transparent; font-size: 11pt; font-family: Arial; font-variant-numeric: normal; font-variant-east-asian: normal; font-variant-alternates: normal; vertical-align: baseline;\"> is one of the leading Real Estate - Education - Finance Group in the country and firmly integrates internationally, affirming the position and stature of Vietnamese enterprises in the world with more than 20 years of operating experience. in the industry.<\/span><\/li>\n<\/ul>\n<p><span style=\"background-color: transparent; font-family: Arial; font-size: 11pt; white-space: pre;\"><\/span><\/p>\n<p><span style=\"background-color: transparent; font-family: Roboto, sans-serif; font-size: 11pt; white-space: pre;\"><\/span><\/p>\n<p><span style=\"background-color: transparent; font-family: Roboto, sans-serif; font-size: 11pt; white-space: pre;\"><\/span><\/p>\n<p><span style=\"background-color: transparent; font-family: Arial; font-size: 11pt; font-weight: bold; white-space: pre;\"><\/span><\/p>\n<p><span style=\"background-color: transparent; font-family: Arial; font-size: 11pt; font-weight: bold; white-space: pre;\"><\/span><\/p>\n<p><span style=\"background-color: transparent; font-family: Roboto, sans-serif; font-size: 11pt; white-space: pre;\"><\/span><\/p>\n<p><span style=\"background-color: transparent; font-family: Roboto, sans-serif; font-size: 11pt; white-space: pre;\"><\/span><\/p>\n<p><span style=\"background-color: transparent; font-family: Roboto, sans-serif; font-size: 11pt; white-space: pre;\"><\/span><\/p>\n<ul>\n<\/ul>\n\t\t\t\t\t\t<\/div>\n\t\t\t\t<\/div>\n\t\t\t\t\t<\/div>\n\t\t<\/div>\n\t\t\t\t\t\t\t<\/div>\n\t\t<\/section>\n\t\t\t\t\t\t\t<\/div>","protected":false},"excerpt":{"rendered":"<p>Vi\u1ec7n Kinh t\u1ebf v\u00e0 C\u00f4ng ngh\u1ec7 (SIET) t\u1ef1 h\u00e0o \u0111\u01b0\u1ee3c h\u1ee3p t\u00e1c v\u1edbi nh\u1eefng \u0111\u1ed1i t\u00e1c v\u00f4 c\u00f9ng \u0111\u00e1ng tin c\u1eady trong l\u0129nh v\u1ef1c \u0111\u00e0o t\u1ea1o, nghi\u00ean c\u1ee9u v\u00e0 chuy\u1ec3n giao c\u00f4ng ngh\u1ec7. Ch\u00fang t\u00f4i \u0111\u00e3 t\u1ea1o ra m\u00f4i tr\u01b0\u1eddng h\u1ecdc t\u1eadp \u0111\u1ed9c \u0111\u00e1o, \u0111\u1ed3ng th\u1eddi mang \u0111\u1ebfn cho h\u1ecdc vi\u00ean c\u1ee7a SIET nh\u1eefng c\u01a1<\/p>","protected":false},"author":1,"featured_media":0,"parent":0,"menu_order":0,"comment_status":"closed","ping_status":"closed","template":"","meta":{"footnotes":""},"class_list":["post-7679","page","type-page","status-publish","hentry"],"yoast_head":"<!-- This site is optimized with the Yoast SEO plugin v20.2 - https:\/\/yoast.com\/wordpress\/plugins\/seo\/ -->\n<title>\u0110\u1ed1i t\u00e1c chi\u1ebfn l\u01b0\u1ee3c - Vi\u1ec7n Kinh T\u1ebf v\u00e0 C\u00f4ng Ngh\u1ec7 - SIET<\/title>\n<meta name=\"robots\" content=\"index, follow, max-snippet:-1, max-image-preview:large, max-video-preview:-1\" \/>\n<link rel=\"canonical\" href=\"https:\/\/www.siet.vn\/en\/doi-tac-chien-luoc\/\" \/>\n<meta property=\"og:locale\" content=\"en_US\" \/>\n<meta property=\"og:type\" content=\"article\" \/>\n<meta property=\"og:title\" content=\"\u0110\u1ed1i t\u00e1c chi\u1ebfn l\u01b0\u1ee3c - Vi\u1ec7n Kinh T\u1ebf v\u00e0 C\u00f4ng Ngh\u1ec7 - SIET\" \/>\n<meta property=\"og:description\" content=\"Vi\u1ec7n Kinh t\u1ebf v\u00e0 C\u00f4ng ngh\u1ec7 (SIET) t\u1ef1 h\u00e0o \u0111\u01b0\u1ee3c h\u1ee3p t\u00e1c v\u1edbi nh\u1eefng \u0111\u1ed1i t\u00e1c v\u00f4 c\u00f9ng \u0111\u00e1ng tin c\u1eady trong l\u0129nh v\u1ef1c \u0111\u00e0o t\u1ea1o, nghi\u00ean c\u1ee9u v\u00e0 chuy\u1ec3n giao c\u00f4ng ngh\u1ec7. Ch\u00fang t\u00f4i \u0111\u00e3 t\u1ea1o ra m\u00f4i tr\u01b0\u1eddng h\u1ecdc t\u1eadp \u0111\u1ed9c \u0111\u00e1o, \u0111\u1ed3ng th\u1eddi mang \u0111\u1ebfn cho h\u1ecdc vi\u00ean c\u1ee7a SIET nh\u1eefng c\u01a1\" \/>\n<meta property=\"og:url\" content=\"https:\/\/www.siet.vn\/en\/doi-tac-chien-luoc\/\" \/>\n<meta property=\"og:site_name\" content=\"Vi\u1ec7n Kinh T\u1ebf v\u00e0 C\u00f4ng Ngh\u1ec7 - SIET\" \/>\n<meta property=\"article:publisher\" content=\"https:\/\/www.facebook.com\/siet.vn\" \/>\n<meta property=\"article:modified_time\" content=\"2023-06-14T04:16:08+00:00\" \/>\n<meta name=\"twitter:card\" content=\"summary_large_image\" \/>\n<meta name=\"twitter:label1\" content=\"Est. reading time\" \/>\n\t<meta name=\"twitter:data1\" content=\"4 minutes\" \/>\n<script type=\"application\/ld+json\" class=\"yoast-schema-graph\">{\"@context\":\"https:\/\/schema.org\",\"@graph\":[{\"@type\":\"WebPage\",\"@id\":\"https:\/\/www.siet.vn\/doi-tac-chien-luoc\",\"url\":\"https:\/\/www.siet.vn\/doi-tac-chien-luoc\",\"name\":\"\u0110\u1ed1i t\u00e1c chi\u1ebfn l\u01b0\u1ee3c - Vi\u1ec7n Kinh T\u1ebf v\u00e0 C\u00f4ng Ngh\u1ec7 - SIET\",\"isPartOf\":{\"@id\":\"https:\/\/www.siet.vn\/en\/#website\"},\"datePublished\":\"2023-06-06T06:26:45+00:00\",\"dateModified\":\"2023-06-14T04:16:08+00:00\",\"breadcrumb\":{\"@id\":\"https:\/\/www.siet.vn\/doi-tac-chien-luoc#breadcrumb\"},\"inLanguage\":\"en-US\",\"potentialAction\":[{\"@type\":\"ReadAction\",\"target\":[\"https:\/\/www.siet.vn\/doi-tac-chien-luoc\"]}]},{\"@type\":\"BreadcrumbList\",\"@id\":\"https:\/\/www.siet.vn\/doi-tac-chien-luoc#breadcrumb\",\"itemListElement\":[{\"@type\":\"ListItem\",\"position\":1,\"name\":\"Trang ch\u1ee7\",\"item\":\"https:\/\/www.siet.vn\/\"},{\"@type\":\"ListItem\",\"position\":2,\"name\":\"\u0110\u1ed1i t\u00e1c chi\u1ebfn l\u01b0\u1ee3c\"}]},{\"@type\":\"WebSite\",\"@id\":\"https:\/\/www.siet.vn\/en\/#website\",\"url\":\"https:\/\/www.siet.vn\/en\/\",\"name\":\"Vi\u1ec7n Kinh T\u1ebf v\u00e0 C\u00f4ng Ngh\u1ec7 - SIET\",\"description\":\"Vi\u1ec7n Nghi\u00ean C\u1ee9u &amp; \u1ee8ng D\u1ee5ng\",\"publisher\":{\"@id\":\"https:\/\/www.siet.vn\/en\/#organization\"},\"potentialAction\":[{\"@type\":\"SearchAction\",\"target\":{\"@type\":\"EntryPoint\",\"urlTemplate\":\"https:\/\/www.siet.vn\/en\/?s={search_term_string}\"},\"query-input\":\"required name=search_term_string\"}],\"inLanguage\":\"en-US\"},{\"@type\":\"Organization\",\"@id\":\"https:\/\/www.siet.vn\/en\/#organization\",\"name\":\"Vi\u1ec7n Kinh T\u1ebf v\u00e0 C\u00f4ng Ngh\u1ec7 - SIET\",\"url\":\"https:\/\/www.siet.vn\/en\/\",\"logo\":{\"@type\":\"ImageObject\",\"inLanguage\":\"en-US\",\"@id\":\"https:\/\/www.siet.vn\/en\/#\/schema\/logo\/image\/\",\"url\":\"https:\/\/www.siet.vn\/wp-content\/uploads\/2022\/09\/siet-1.png\",\"contentUrl\":\"https:\/\/www.siet.vn\/wp-content\/uploads\/2022\/09\/siet-1.png\",\"width\":463,\"height\":313,\"caption\":\"Vi\u1ec7n Kinh T\u1ebf v\u00e0 C\u00f4ng Ngh\u1ec7 - SIET\"},\"image\":{\"@id\":\"https:\/\/www.siet.vn\/en\/#\/schema\/logo\/image\/\"},\"sameAs\":[\"https:\/\/www.facebook.com\/siet.vn\"]}]}<\/script>\n<!-- \/ Yoast SEO plugin. -->","yoast_head_json":{"title":"\u0110\u1ed1i t\u00e1c chi\u1ebfn l\u01b0\u1ee3c - Vi\u1ec7n Kinh T\u1ebf v\u00e0 C\u00f4ng Ngh\u1ec7 - SIET","robots":{"index":"index","follow":"follow","max-snippet":"max-snippet:-1","max-image-preview":"max-image-preview:large","max-video-preview":"max-video-preview:-1"},"canonical":"https:\/\/www.siet.vn\/en\/doi-tac-chien-luoc\/","og_locale":"en_US","og_type":"article","og_title":"\u0110\u1ed1i t\u00e1c chi\u1ebfn l\u01b0\u1ee3c - Vi\u1ec7n Kinh T\u1ebf v\u00e0 C\u00f4ng Ngh\u1ec7 - SIET","og_description":"Vi\u1ec7n Kinh t\u1ebf v\u00e0 C\u00f4ng ngh\u1ec7 (SIET) t\u1ef1 h\u00e0o \u0111\u01b0\u1ee3c h\u1ee3p t\u00e1c v\u1edbi nh\u1eefng \u0111\u1ed1i t\u00e1c v\u00f4 c\u00f9ng \u0111\u00e1ng tin c\u1eady trong l\u0129nh v\u1ef1c \u0111\u00e0o t\u1ea1o, nghi\u00ean c\u1ee9u v\u00e0 chuy\u1ec3n giao c\u00f4ng ngh\u1ec7. Ch\u00fang t\u00f4i \u0111\u00e3 t\u1ea1o ra m\u00f4i tr\u01b0\u1eddng h\u1ecdc t\u1eadp \u0111\u1ed9c \u0111\u00e1o, \u0111\u1ed3ng th\u1eddi mang \u0111\u1ebfn cho h\u1ecdc vi\u00ean c\u1ee7a SIET nh\u1eefng c\u01a1","og_url":"https:\/\/www.siet.vn\/en\/doi-tac-chien-luoc\/","og_site_name":"Vi\u1ec7n Kinh T\u1ebf v\u00e0 C\u00f4ng Ngh\u1ec7 - SIET","article_publisher":"https:\/\/www.facebook.com\/siet.vn","article_modified_time":"2023-06-14T04:16:08+00:00","twitter_card":"summary_large_image","twitter_misc":{"Est. reading time":"4 minutes"},"schema":{"@context":"https:\/\/schema.org","@graph":[{"@type":"WebPage","@id":"https:\/\/www.siet.vn\/doi-tac-chien-luoc","url":"https:\/\/www.siet.vn\/doi-tac-chien-luoc","name":"\u0110\u1ed1i t\u00e1c chi\u1ebfn l\u01b0\u1ee3c - Vi\u1ec7n Kinh T\u1ebf v\u00e0 C\u00f4ng Ngh\u1ec7 - SIET","isPartOf":{"@id":"https:\/\/www.siet.vn\/en\/#website"},"datePublished":"2023-06-06T06:26:45+00:00","dateModified":"2023-06-14T04:16:08+00:00","breadcrumb":{"@id":"https:\/\/www.siet.vn\/doi-tac-chien-luoc#breadcrumb"},"inLanguage":"en-US","potentialAction":[{"@type":"ReadAction","target":["https:\/\/www.siet.vn\/doi-tac-chien-luoc"]}]},{"@type":"BreadcrumbList","@id":"https:\/\/www.siet.vn\/doi-tac-chien-luoc#breadcrumb","itemListElement":[{"@type":"ListItem","position":1,"name":"Trang ch\u1ee7","item":"https:\/\/www.siet.vn\/"},{"@type":"ListItem","position":2,"name":"\u0110\u1ed1i t\u00e1c chi\u1ebfn l\u01b0\u1ee3c"}]},{"@type":"WebSite","@id":"https:\/\/www.siet.vn\/en\/#website","url":"https:\/\/www.siet.vn\/en\/","name":"Vi\u1ec7n Kinh T\u1ebf v\u00e0 C\u00f4ng Ngh\u1ec7 - SIET","description":"Vi\u1ec7n Nghi\u00ean C\u1ee9u &amp; \u1ee8ng D\u1ee5ng","publisher":{"@id":"https:\/\/www.siet.vn\/en\/#organization"},"potentialAction":[{"@type":"SearchAction","target":{"@type":"EntryPoint","urlTemplate":"https:\/\/www.siet.vn\/en\/?s={search_term_string}"},"query-input":"required name=search_term_string"}],"inLanguage":"en-US"},{"@type":"Organization","@id":"https:\/\/www.siet.vn\/en\/#organization","name":"Vi\u1ec7n Kinh T\u1ebf v\u00e0 C\u00f4ng Ngh\u1ec7 - SIET","url":"https:\/\/www.siet.vn\/en\/","logo":{"@type":"ImageObject","inLanguage":"en-US","@id":"https:\/\/www.siet.vn\/en\/#\/schema\/logo\/image\/","url":"https:\/\/www.siet.vn\/wp-content\/uploads\/2022\/09\/siet-1.png","contentUrl":"https:\/\/www.siet.vn\/wp-content\/uploads\/2022\/09\/siet-1.png","width":463,"height":313,"caption":"Vi\u1ec7n Kinh T\u1ebf v\u00e0 C\u00f4ng Ngh\u1ec7 - SIET"},"image":{"@id":"https:\/\/www.siet.vn\/en\/#\/schema\/logo\/image\/"},"sameAs":["https:\/\/www.facebook.com\/siet.vn"]}]}},"_links":{"self":[{"href":"https:\/\/www.siet.vn\/en\/wp-json\/wp\/v2\/pages\/7679","targetHints":{"allow":["GET"]}}],"collection":[{"href":"https:\/\/www.siet.vn\/en\/wp-json\/wp\/v2\/pages"}],"about":[{"href":"https:\/\/www.siet.vn\/en\/wp-json\/wp\/v2\/types\/page"}],"author":[{"embeddable":true,"href":"https:\/\/www.siet.vn\/en\/wp-json\/wp\/v2\/users\/1"}],"replies":[{"embeddable":true,"href":"https:\/\/www.siet.vn\/en\/wp-json\/wp\/v2\/comments?post=7679"}],"version-history":[{"count":33,"href":"https:\/\/www.siet.vn\/en\/wp-json\/wp\/v2\/pages\/7679\/revisions"}],"predecessor-version":[{"id":7879,"href":"https:\/\/www.siet.vn\/en\/wp-json\/wp\/v2\/pages\/7679\/revisions\/7879"}],"wp:attachment":[{"href":"https:\/\/www.siet.vn\/en\/wp-json\/wp\/v2\/media?parent=7679"}],"curies":[{"name":"wp","href":"https:\/\/api.w.org\/{rel}","templated":true}]}}