{"id":7636,"date":"2023-05-26T15:54:42","date_gmt":"2023-05-26T08:54:42","guid":{"rendered":"https:\/\/www.siet.vn\/?page_id=7636"},"modified":"2023-06-16T14:13:46","modified_gmt":"2023-06-16T07:13:46","slug":"dich-vu-tu-van","status":"publish","type":"page","link":"https:\/\/www.siet.vn\/en\/dich-vu-tu-van","title":{"rendered":"Consulting service"},"content":{"rendered":"<div data-elementor-type=\"wp-page\" data-elementor-id=\"7636\" class=\"elementor elementor-7636\">\n\t\t\t\t\t\t\t\t\t<section class=\"elementor-section elementor-top-section elementor-element elementor-element-725fc2d8 elementor-section-boxed elementor-section-height-default elementor-section-height-default\" data-id=\"725fc2d8\" data-element_type=\"section\">\n\t\t\t\t\t\t<div class=\"elementor-container elementor-column-gap-default\">\n\t\t\t\t\t<div class=\"elementor-column elementor-col-100 elementor-top-column elementor-element elementor-element-42261f3b\" data-id=\"42261f3b\" data-element_type=\"column\">\n\t\t\t<div class=\"elementor-widget-wrap elementor-element-populated\">\n\t\t\t\t\t\t\t\t<div class=\"elementor-element elementor-element-73f60a1 elementor-widget elementor-widget-image\" data-id=\"73f60a1\" data-element_type=\"widget\" data-widget_type=\"image.default\">\n\t\t\t\t<div class=\"elementor-widget-container\">\n\t\t\t<style>\/*! elementor - v3.13.3 - 28-05-2023 *\/\n.elementor-widget-image{text-align:center}.elementor-widget-image a{display:inline-block}.elementor-widget-image a img[src$=\".svg\"]{width:48px}.elementor-widget-image img{vertical-align:middle;display:inline-block}<\/style>\t\t\t\t\t\t\t\t\t\t\t\t<img loading=\"lazy\" decoding=\"async\" width=\"1024\" height=\"594\" src=\"https:\/\/www.siet.vn\/wp-content\/uploads\/2023\/06\/Dich-vu-t_636830797420659728-1024x594.jpeg\" class=\"attachment-large size-large wp-image-7833\" alt=\"\" srcset=\"https:\/\/www.siet.vn\/wp-content\/uploads\/2023\/06\/Dich-vu-t_636830797420659728-1024x594.jpeg 1024w, https:\/\/www.siet.vn\/wp-content\/uploads\/2023\/06\/Dich-vu-t_636830797420659728-300x174.jpeg 300w, https:\/\/www.siet.vn\/wp-content\/uploads\/2023\/06\/Dich-vu-t_636830797420659728-768x446.jpeg 768w, https:\/\/www.siet.vn\/wp-content\/uploads\/2023\/06\/Dich-vu-t_636830797420659728-1536x891.jpeg 1536w, https:\/\/www.siet.vn\/wp-content\/uploads\/2023\/06\/Dich-vu-t_636830797420659728-18x10.jpeg 18w, https:\/\/www.siet.vn\/wp-content\/uploads\/2023\/06\/Dich-vu-t_636830797420659728-350x204.jpeg 350w, https:\/\/www.siet.vn\/wp-content\/uploads\/2023\/06\/Dich-vu-t_636830797420659728-900x522.jpeg 900w, https:\/\/www.siet.vn\/wp-content\/uploads\/2023\/06\/Dich-vu-t_636830797420659728-600x348.jpeg 600w, https:\/\/www.siet.vn\/wp-content\/uploads\/2023\/06\/Dich-vu-t_636830797420659728.jpeg 1920w\" sizes=\"auto, (max-width: 1024px) 100vw, 1024px\" \/>\t\t\t\t\t\t\t\t\t\t\t\t\t\t\t<\/div>\n\t\t\t\t<\/div>\n\t\t\t\t<div class=\"elementor-element elementor-element-53468f6a elementor-widget elementor-widget-text-editor\" data-id=\"53468f6a\" data-element_type=\"widget\" data-widget_type=\"text-editor.default\">\n\t\t\t\t<div class=\"elementor-widget-container\">\n\t\t\t<style>\/*! elementor - v3.13.3 - 28-05-2023 *\/\n.elementor-widget-text-editor.elementor-drop-cap-view-stacked .elementor-drop-cap{background-color:#69727d;color:#fff}.elementor-widget-text-editor.elementor-drop-cap-view-framed .elementor-drop-cap{color:#69727d;border:3px solid;background-color:transparent}.elementor-widget-text-editor:not(.elementor-drop-cap-view-default) .elementor-drop-cap{margin-top:8px}.elementor-widget-text-editor:not(.elementor-drop-cap-view-default) .elementor-drop-cap-letter{width:1em;height:1em}.elementor-widget-text-editor .elementor-drop-cap{float:left;text-align:center;line-height:1;font-size:50px}.elementor-widget-text-editor .elementor-drop-cap-letter{display:inline-block}<\/style>\t\t\t\t<div style=\"text-align: justify;\"><span style=\"background-color: transparent; font-family: Arial; font-size: 12pt; white-space-collapse: preserve;\">Institute of Economics and Technology (SIET) is proud to be an organization specializing in providing quality and in-depth consulting services in the field of Economics and Technology.<\/span><\/div>\n<div style=\"text-align: justify;\"><span style=\"background-color: transparent; font-family: Arial; font-size: 12pt; text-align: justify; white-space-collapse: preserve;\">With market knowledge, customers and a team of seasoned professionals, SIET is committed to bringing you the ultimate solution to your business challenges.<\/span><\/div>\n<div style=\"text-align: justify;\"><span style=\"background-color: transparent; font-family: Arial; font-size: 12pt; text-align: justify; white-space-collapse: preserve;\"><br \/><\/span><\/div>\n<ul style=\"margin-top: 0; margin-bottom: 0; padding-inline-start: 48px;\">\n<li><span style=\"font-size: 12pt; background-color: transparent; font-variant-numeric: normal; font-variant-east-asian: normal; font-variant-alternates: normal; vertical-align: baseline; text-wrap: wrap;\"><b>Digital transformation strategy:<\/b> SIET provides businesses with digital transformation strategy solutions in line with business goals and requirements.<\/span><\/li>\n<\/ul>\n<ul style=\"margin-top: 0; margin-bottom: 0; padding-inline-start: 48px;\">\n<li><span style=\"font-size: 12pt; background-color: transparent; font-variant-numeric: normal; font-variant-east-asian: normal; font-variant-alternates: normal; vertical-align: baseline; text-wrap: wrap;\"><b>Digitizing Process:<\/b> Supporting businesses in applying digital technologies to improve operational processes to help optimize work processes, automate work, integrate systems and processes, provide solutions to custom software solutions and staff training.<\/span><\/li>\n<\/ul>\n<ul style=\"margin-top: 0; margin-bottom: 0; padding-inline-start: 48px;\">\n<li><span style=\"font-size: 12pt; background-color: transparent; font-variant-numeric: normal; font-variant-east-asian: normal; font-variant-alternates: normal; vertical-align: baseline; text-wrap: wrap;\"><b>Market Analysis:<\/b> Provides detailed market analysis services to help you better understand your customers, competitors and industry trends specifically Real Estate; valuation; digital communication.&nbsp;<\/span><\/li>\n<\/ul>\n<ul style=\"margin-top: 0; margin-bottom: 0; padding-inline-start: 48px;\">\n<li><span style=\"font-size: 12pt; background-color: transparent; font-variant-numeric: normal; font-variant-east-asian: normal; font-variant-alternates: normal; vertical-align: baseline; text-wrap: wrap;\"><b>Corporate Coaching:<\/b> Ensuring that human resources understand and acquire the right skills and mindset is important to help businesses implement strategies and optimize operations.<\/span><\/li>\n<li><span style=\"font-size: 12pt; background-color: transparent; font-variant-numeric: normal; font-variant-east-asian: normal; font-variant-alternates: normal; vertical-align: baseline; text-wrap: wrap;\"><b>Corporate restructuring:<\/b> Determining production and business strategies, re-establishing the appropriate company structure, rearranging the organizational apparatus, as well as re-establishing the risk control mechanism to achieve success. public and sustainable growth.&nbsp;<\/span><\/li>\n<\/ul>\n\t\t\t\t\t\t<\/div>\n\t\t\t\t<\/div>\n\t\t\t\t\t<\/div>\n\t\t<\/div>\n\t\t\t\t\t\t\t<\/div>\n\t\t<\/section>\n\t\t\t\t\t\t\t<\/div>","protected":false},"excerpt":{"rendered":"<p>Vi\u1ec7n Kinh T\u1ebf v\u00e0 C\u00f4ng Ngh\u1ec7 (SIET) chuy\u00ean thi\u1ebft k\u1ebf \u0111\u01b0a ra gi\u1ea3i ph\u00e1p t\u1ed1i \u01b0u gi\u00fap b\u1ea1n \u0111\u1ea1t m\u1ee5c ti\u00eau v\u00e0 v\u01b0\u1ee3t qua th\u1eed th\u00e1ch trong kinh doanh. Vi\u1ec7n Kinh T\u1ebf v\u00e0 C\u00f4ng Ngh\u1ec7 (SIET) t\u1ef1 h\u00e0o l\u00e0 m\u1ed9t t\u1ed5 ch\u1ee9c chuy\u00ean cung c\u1ea5p d\u1ecbch v\u1ee5 t\u01b0 v\u1ea5n ch\u1ea5t l\u01b0\u1ee3ng v\u00e0 chuy\u00ean s\u00e2u trong<\/p>","protected":false},"author":1,"featured_media":0,"parent":0,"menu_order":0,"comment_status":"closed","ping_status":"closed","template":"","meta":{"footnotes":""},"class_list":["post-7636","page","type-page","status-publish","hentry"],"yoast_head":"<!-- This site is optimized with the Yoast SEO plugin v20.2 - https:\/\/yoast.com\/wordpress\/plugins\/seo\/ -->\n<title>D\u1ecbch V\u1ee5 T\u01b0 V\u1ea5n - Vi\u1ec7n Kinh T\u1ebf v\u00e0 C\u00f4ng Ngh\u1ec7 - SIET<\/title>\n<meta name=\"robots\" content=\"index, follow, max-snippet:-1, max-image-preview:large, max-video-preview:-1\" \/>\n<link rel=\"canonical\" href=\"https:\/\/www.siet.vn\/en\/dich-vu-tu-van\/\" \/>\n<meta property=\"og:locale\" content=\"en_US\" \/>\n<meta property=\"og:type\" content=\"article\" \/>\n<meta property=\"og:title\" content=\"D\u1ecbch V\u1ee5 T\u01b0 V\u1ea5n - Vi\u1ec7n Kinh T\u1ebf v\u00e0 C\u00f4ng Ngh\u1ec7 - SIET\" \/>\n<meta property=\"og:description\" content=\"Vi\u1ec7n Kinh T\u1ebf v\u00e0 C\u00f4ng Ngh\u1ec7 (SIET) chuy\u00ean thi\u1ebft k\u1ebf \u0111\u01b0a ra gi\u1ea3i ph\u00e1p t\u1ed1i \u01b0u gi\u00fap b\u1ea1n \u0111\u1ea1t m\u1ee5c ti\u00eau v\u00e0 v\u01b0\u1ee3t qua th\u1eed th\u00e1ch trong kinh doanh. Vi\u1ec7n Kinh T\u1ebf v\u00e0 C\u00f4ng Ngh\u1ec7 (SIET) t\u1ef1 h\u00e0o l\u00e0 m\u1ed9t t\u1ed5 ch\u1ee9c chuy\u00ean cung c\u1ea5p d\u1ecbch v\u1ee5 t\u01b0 v\u1ea5n ch\u1ea5t l\u01b0\u1ee3ng v\u00e0 chuy\u00ean s\u00e2u trong\" \/>\n<meta property=\"og:url\" content=\"https:\/\/www.siet.vn\/en\/dich-vu-tu-van\/\" \/>\n<meta property=\"og:site_name\" content=\"Vi\u1ec7n Kinh T\u1ebf v\u00e0 C\u00f4ng Ngh\u1ec7 - SIET\" \/>\n<meta property=\"article:publisher\" content=\"https:\/\/www.facebook.com\/siet.vn\" \/>\n<meta property=\"article:modified_time\" content=\"2023-06-16T07:13:46+00:00\" \/>\n<meta property=\"og:image\" content=\"https:\/\/www.siet.vn\/wp-content\/uploads\/2023\/06\/Dich-vu-t_636830797420659728-1024x594.jpeg\" \/>\n<meta name=\"twitter:card\" content=\"summary_large_image\" \/>\n<meta name=\"twitter:label1\" content=\"Est. reading time\" \/>\n\t<meta name=\"twitter:data1\" content=\"2 minutes\" \/>\n<script type=\"application\/ld+json\" class=\"yoast-schema-graph\">{\"@context\":\"https:\/\/schema.org\",\"@graph\":[{\"@type\":\"WebPage\",\"@id\":\"https:\/\/www.siet.vn\/dich-vu-tu-van\",\"url\":\"https:\/\/www.siet.vn\/dich-vu-tu-van\",\"name\":\"D\u1ecbch V\u1ee5 T\u01b0 V\u1ea5n - Vi\u1ec7n Kinh T\u1ebf v\u00e0 C\u00f4ng Ngh\u1ec7 - SIET\",\"isPartOf\":{\"@id\":\"https:\/\/www.siet.vn\/en\/#website\"},\"datePublished\":\"2023-05-26T08:54:42+00:00\",\"dateModified\":\"2023-06-16T07:13:46+00:00\",\"breadcrumb\":{\"@id\":\"https:\/\/www.siet.vn\/dich-vu-tu-van#breadcrumb\"},\"inLanguage\":\"en-US\",\"potentialAction\":[{\"@type\":\"ReadAction\",\"target\":[\"https:\/\/www.siet.vn\/dich-vu-tu-van\"]}]},{\"@type\":\"BreadcrumbList\",\"@id\":\"https:\/\/www.siet.vn\/dich-vu-tu-van#breadcrumb\",\"itemListElement\":[{\"@type\":\"ListItem\",\"position\":1,\"name\":\"Trang ch\u1ee7\",\"item\":\"https:\/\/www.siet.vn\/\"},{\"@type\":\"ListItem\",\"position\":2,\"name\":\"D\u1ecbch V\u1ee5 T\u01b0 V\u1ea5n\"}]},{\"@type\":\"WebSite\",\"@id\":\"https:\/\/www.siet.vn\/en\/#website\",\"url\":\"https:\/\/www.siet.vn\/en\/\",\"name\":\"Vi\u1ec7n Kinh T\u1ebf v\u00e0 C\u00f4ng Ngh\u1ec7 - SIET\",\"description\":\"Vi\u1ec7n Nghi\u00ean C\u1ee9u &amp; \u1ee8ng D\u1ee5ng\",\"publisher\":{\"@id\":\"https:\/\/www.siet.vn\/en\/#organization\"},\"potentialAction\":[{\"@type\":\"SearchAction\",\"target\":{\"@type\":\"EntryPoint\",\"urlTemplate\":\"https:\/\/www.siet.vn\/en\/?s={search_term_string}\"},\"query-input\":\"required name=search_term_string\"}],\"inLanguage\":\"en-US\"},{\"@type\":\"Organization\",\"@id\":\"https:\/\/www.siet.vn\/en\/#organization\",\"name\":\"Vi\u1ec7n Kinh T\u1ebf v\u00e0 C\u00f4ng Ngh\u1ec7 - SIET\",\"url\":\"https:\/\/www.siet.vn\/en\/\",\"logo\":{\"@type\":\"ImageObject\",\"inLanguage\":\"en-US\",\"@id\":\"https:\/\/www.siet.vn\/en\/#\/schema\/logo\/image\/\",\"url\":\"https:\/\/www.siet.vn\/wp-content\/uploads\/2022\/09\/siet-1.png\",\"contentUrl\":\"https:\/\/www.siet.vn\/wp-content\/uploads\/2022\/09\/siet-1.png\",\"width\":463,\"height\":313,\"caption\":\"Vi\u1ec7n Kinh T\u1ebf v\u00e0 C\u00f4ng Ngh\u1ec7 - SIET\"},\"image\":{\"@id\":\"https:\/\/www.siet.vn\/en\/#\/schema\/logo\/image\/\"},\"sameAs\":[\"https:\/\/www.facebook.com\/siet.vn\"]}]}<\/script>\n<!-- \/ Yoast SEO plugin. -->","yoast_head_json":{"title":"D\u1ecbch V\u1ee5 T\u01b0 V\u1ea5n - Vi\u1ec7n Kinh T\u1ebf v\u00e0 C\u00f4ng Ngh\u1ec7 - SIET","robots":{"index":"index","follow":"follow","max-snippet":"max-snippet:-1","max-image-preview":"max-image-preview:large","max-video-preview":"max-video-preview:-1"},"canonical":"https:\/\/www.siet.vn\/en\/dich-vu-tu-van\/","og_locale":"en_US","og_type":"article","og_title":"D\u1ecbch V\u1ee5 T\u01b0 V\u1ea5n - Vi\u1ec7n Kinh T\u1ebf v\u00e0 C\u00f4ng Ngh\u1ec7 - SIET","og_description":"Vi\u1ec7n Kinh T\u1ebf v\u00e0 C\u00f4ng Ngh\u1ec7 (SIET) chuy\u00ean thi\u1ebft k\u1ebf \u0111\u01b0a ra gi\u1ea3i ph\u00e1p t\u1ed1i \u01b0u gi\u00fap b\u1ea1n \u0111\u1ea1t m\u1ee5c ti\u00eau v\u00e0 v\u01b0\u1ee3t qua th\u1eed th\u00e1ch trong kinh doanh. Vi\u1ec7n Kinh T\u1ebf v\u00e0 C\u00f4ng Ngh\u1ec7 (SIET) t\u1ef1 h\u00e0o l\u00e0 m\u1ed9t t\u1ed5 ch\u1ee9c chuy\u00ean cung c\u1ea5p d\u1ecbch v\u1ee5 t\u01b0 v\u1ea5n ch\u1ea5t l\u01b0\u1ee3ng v\u00e0 chuy\u00ean s\u00e2u trong","og_url":"https:\/\/www.siet.vn\/en\/dich-vu-tu-van\/","og_site_name":"Vi\u1ec7n Kinh T\u1ebf v\u00e0 C\u00f4ng Ngh\u1ec7 - SIET","article_publisher":"https:\/\/www.facebook.com\/siet.vn","article_modified_time":"2023-06-16T07:13:46+00:00","og_image":[{"url":"https:\/\/www.siet.vn\/wp-content\/uploads\/2023\/06\/Dich-vu-t_636830797420659728-1024x594.jpeg"}],"twitter_card":"summary_large_image","twitter_misc":{"Est. reading time":"2 minutes"},"schema":{"@context":"https:\/\/schema.org","@graph":[{"@type":"WebPage","@id":"https:\/\/www.siet.vn\/dich-vu-tu-van","url":"https:\/\/www.siet.vn\/dich-vu-tu-van","name":"D\u1ecbch V\u1ee5 T\u01b0 V\u1ea5n - Vi\u1ec7n Kinh T\u1ebf v\u00e0 C\u00f4ng Ngh\u1ec7 - SIET","isPartOf":{"@id":"https:\/\/www.siet.vn\/en\/#website"},"datePublished":"2023-05-26T08:54:42+00:00","dateModified":"2023-06-16T07:13:46+00:00","breadcrumb":{"@id":"https:\/\/www.siet.vn\/dich-vu-tu-van#breadcrumb"},"inLanguage":"en-US","potentialAction":[{"@type":"ReadAction","target":["https:\/\/www.siet.vn\/dich-vu-tu-van"]}]},{"@type":"BreadcrumbList","@id":"https:\/\/www.siet.vn\/dich-vu-tu-van#breadcrumb","itemListElement":[{"@type":"ListItem","position":1,"name":"Trang ch\u1ee7","item":"https:\/\/www.siet.vn\/"},{"@type":"ListItem","position":2,"name":"D\u1ecbch V\u1ee5 T\u01b0 V\u1ea5n"}]},{"@type":"WebSite","@id":"https:\/\/www.siet.vn\/en\/#website","url":"https:\/\/www.siet.vn\/en\/","name":"Vi\u1ec7n Kinh T\u1ebf v\u00e0 C\u00f4ng Ngh\u1ec7 - SIET","description":"Vi\u1ec7n Nghi\u00ean C\u1ee9u &amp; \u1ee8ng D\u1ee5ng","publisher":{"@id":"https:\/\/www.siet.vn\/en\/#organization"},"potentialAction":[{"@type":"SearchAction","target":{"@type":"EntryPoint","urlTemplate":"https:\/\/www.siet.vn\/en\/?s={search_term_string}"},"query-input":"required name=search_term_string"}],"inLanguage":"en-US"},{"@type":"Organization","@id":"https:\/\/www.siet.vn\/en\/#organization","name":"Vi\u1ec7n Kinh T\u1ebf v\u00e0 C\u00f4ng Ngh\u1ec7 - SIET","url":"https:\/\/www.siet.vn\/en\/","logo":{"@type":"ImageObject","inLanguage":"en-US","@id":"https:\/\/www.siet.vn\/en\/#\/schema\/logo\/image\/","url":"https:\/\/www.siet.vn\/wp-content\/uploads\/2022\/09\/siet-1.png","contentUrl":"https:\/\/www.siet.vn\/wp-content\/uploads\/2022\/09\/siet-1.png","width":463,"height":313,"caption":"Vi\u1ec7n Kinh T\u1ebf v\u00e0 C\u00f4ng Ngh\u1ec7 - SIET"},"image":{"@id":"https:\/\/www.siet.vn\/en\/#\/schema\/logo\/image\/"},"sameAs":["https:\/\/www.facebook.com\/siet.vn"]}]}},"_links":{"self":[{"href":"https:\/\/www.siet.vn\/en\/wp-json\/wp\/v2\/pages\/7636","targetHints":{"allow":["GET"]}}],"collection":[{"href":"https:\/\/www.siet.vn\/en\/wp-json\/wp\/v2\/pages"}],"about":[{"href":"https:\/\/www.siet.vn\/en\/wp-json\/wp\/v2\/types\/page"}],"author":[{"embeddable":true,"href":"https:\/\/www.siet.vn\/en\/wp-json\/wp\/v2\/users\/1"}],"replies":[{"embeddable":true,"href":"https:\/\/www.siet.vn\/en\/wp-json\/wp\/v2\/comments?post=7636"}],"version-history":[{"count":20,"href":"https:\/\/www.siet.vn\/en\/wp-json\/wp\/v2\/pages\/7636\/revisions"}],"predecessor-version":[{"id":7904,"href":"https:\/\/www.siet.vn\/en\/wp-json\/wp\/v2\/pages\/7636\/revisions\/7904"}],"wp:attachment":[{"href":"https:\/\/www.siet.vn\/en\/wp-json\/wp\/v2\/media?parent=7636"}],"curies":[{"name":"wp","href":"https:\/\/api.w.org\/{rel}","templated":true}]}}