{"id":7591,"date":"2023-05-26T14:55:49","date_gmt":"2023-05-26T07:55:49","guid":{"rendered":"https:\/\/www.siet.vn\/?page_id=7591"},"modified":"2023-06-14T10:15:22","modified_gmt":"2023-06-14T03:15:22","slug":"in-house","status":"publish","type":"page","link":"https:\/\/www.siet.vn\/en\/in-house","title":{"rendered":"In-House"},"content":{"rendered":"<div data-elementor-type=\"wp-page\" data-elementor-id=\"7591\" class=\"elementor elementor-7591\">\n\t\t\t\t\t\t\t\t\t<section class=\"elementor-section elementor-top-section elementor-element elementor-element-5851631d elementor-section-boxed elementor-section-height-default elementor-section-height-default\" data-id=\"5851631d\" data-element_type=\"section\">\n\t\t\t\t\t\t<div class=\"elementor-container elementor-column-gap-default\">\n\t\t\t\t\t<div class=\"elementor-column elementor-col-100 elementor-top-column elementor-element elementor-element-1353b241\" data-id=\"1353b241\" data-element_type=\"column\">\n\t\t\t<div class=\"elementor-widget-wrap elementor-element-populated\">\n\t\t\t\t\t\t\t\t<div class=\"elementor-element elementor-element-40269ec3 elementor-widget elementor-widget-text-editor\" data-id=\"40269ec3\" data-element_type=\"widget\" data-widget_type=\"text-editor.default\">\n\t\t\t\t<div class=\"elementor-widget-container\">\n\t\t\t<style>\/*! elementor - v3.13.3 - 28-05-2023 *\/\n.elementor-widget-text-editor.elementor-drop-cap-view-stacked .elementor-drop-cap{background-color:#69727d;color:#fff}.elementor-widget-text-editor.elementor-drop-cap-view-framed .elementor-drop-cap{color:#69727d;border:3px solid;background-color:transparent}.elementor-widget-text-editor:not(.elementor-drop-cap-view-default) .elementor-drop-cap{margin-top:8px}.elementor-widget-text-editor:not(.elementor-drop-cap-view-default) .elementor-drop-cap-letter{width:1em;height:1em}.elementor-widget-text-editor .elementor-drop-cap{float:left;text-align:center;line-height:1;font-size:50px}.elementor-widget-text-editor .elementor-drop-cap-letter{display:inline-block}<\/style>\t\t\t\t<ul>\n<li>VALUATION<\/li>\n<li><strong style=\"font-size: 13px;\"> Course Description<\/strong><\/li>\n<\/ul>\n<p style=\"font-weight: 400;\">\u00a0 \u00a0 \u00a0The course \u201cAppraisal\u201d is an intensive course to equip the necessary knowledge and skills to become a professional appraiser in the business field. This course focuses on important aspects of the business valuation process and provides the tools and methods needed to understand and assess the value of a business.<\/p>\n<p style=\"font-weight: 400;\">\u00a0<\/p>\n<p style=\"font-weight: 400;\">Basic knowledge, including the following topics and contents:<\/p>\n<ul>\n<li style=\"font-weight: 400;\"><strong>Law on real estate business<\/strong><\/li>\n<\/ul>\n<ol>\n<li>Real estate market<\/li>\n<li>Investing in real estate business<\/li>\n<\/ol>\n<p style=\"font-weight: 400;\">\u00a0<\/p>\n<ul>\n<li><strong>Professional knowledge in real estate valuation includes the following topics and contents:<\/strong><\/li>\n<\/ul>\n<ol>\n<li style=\"font-weight: 400;\">Overview of real estate valuation services<\/li>\n<li style=\"font-weight: 400;\">Process and methods of real estate valuation<\/li>\n<li style=\"font-weight: 400;\">Real estate valuation<\/li>\n<\/ol>\n<div>\u00a0<\/div>\n<ul>\n<li><strong>Compare learning methods:<\/strong><\/li>\n<\/ul>\n<p style=\"font-weight: 400;\"><strong style=\"font-size: 13px;\">+ Online:<\/strong><span style=\"font-size: 13px;\"> Diverse content, can be self-referencing from many sources, then self-aggregate and accumulate into your own experience. At the same time, it requires the initiative to promote their own thinking capacity, towards the goal of self-studying the problem. In addition, it can help students save time and become more flexible about time and place.<\/span><\/p>\n<p style=\"font-weight: 400;\">\u00a0<\/p>\n<p style=\"font-weight: 400;\"><strong style=\"font-size: 13px;\">+ Offline: <\/strong><span style=\"font-size: 13px;\">towards the goal of imparting direct knowledge, practicing independence, with the advantage of being directly connected with experts and other individuals, creating a dynamic environment. Enables teachers to better understand students and be better able to assess their strengths and weaknesses, acting as a mentor and guide students in their career possibilities.<\/span><\/p>\n<p style=\"font-weight: 400;\">\u00a0<\/p>\n<p style=\"font-weight: 400;\"><strong style=\"font-size: 13px;\">+ In-house: <\/strong><span style=\"font-size: 13px;\">Lessons - methods suitable for each individual's capacity. Face-to-face interaction helps to work more closely and makes students confident to ask questions, study according to plan and be more active in learning. At the same time, towards flexibility, convenience for students and increasing the ability to complete lessons.<\/span><\/p>\n\t\t\t\t\t\t<\/div>\n\t\t\t\t<\/div>\n\t\t\t\t\t<\/div>\n\t\t<\/div>\n\t\t\t\t\t\t\t<\/div>\n\t\t<\/section>\n\t\t\t\t\t\t\t<\/div>","protected":false},"excerpt":{"rendered":"<p>TH\u1ea8M \u0110\u1ecaNH GI\u00c1 M\u00f4 ta\u0309 kho\u0301a ho\u0323c \u00a0 \u00a0 \u00a0Kho\u00e1 h\u1ecdc &#8220;Th\u1ea9m \u0111\u1ecbnh gi\u00e1&#8221; l\u00e0 m\u1ed9t kh\u00f3a h\u1ecdc chuy\u00ean s\u00e2u nh\u1eb1m trang b\u1ecb ki\u1ebfn th\u1ee9c v\u00e0 k\u1ef9 n\u0103ng c\u1ea7n thi\u1ebft \u0111\u1ec3 tr\u1edf th\u00e0nh m\u1ed9t chuy\u00ean vi\u00ean th\u1ea9m \u0111\u1ecbnh gi\u00e1 chuy\u00ean nghi\u1ec7p trong l\u0129nh v\u1ef1c doanh nghi\u1ec7p. Kh\u00f3a h\u1ecdc n\u00e0y t\u1eadp trung v\u00e0o c\u00e1c kh\u00eda c\u1ea1nh<\/p>","protected":false},"author":1,"featured_media":0,"parent":0,"menu_order":0,"comment_status":"closed","ping_status":"closed","template":"","meta":{"footnotes":""},"class_list":["post-7591","page","type-page","status-publish","hentry"],"yoast_head":"<!-- This site is optimized with the Yoast SEO plugin v20.2 - https:\/\/yoast.com\/wordpress\/plugins\/seo\/ -->\n<title>In-House - Vi\u1ec7n Kinh T\u1ebf v\u00e0 C\u00f4ng Ngh\u1ec7 - SIET<\/title>\n<meta name=\"robots\" content=\"index, follow, max-snippet:-1, max-image-preview:large, max-video-preview:-1\" \/>\n<link rel=\"canonical\" href=\"https:\/\/www.siet.vn\/en\/in-house\/\" \/>\n<meta property=\"og:locale\" content=\"en_US\" \/>\n<meta property=\"og:type\" content=\"article\" \/>\n<meta property=\"og:title\" content=\"In-House - Vi\u1ec7n Kinh T\u1ebf v\u00e0 C\u00f4ng Ngh\u1ec7 - SIET\" \/>\n<meta property=\"og:description\" content=\"TH\u1ea8M \u0110\u1ecaNH GI\u00c1 M\u00f4 ta\u0309 kho\u0301a ho\u0323c \u00a0 \u00a0 \u00a0Kho\u00e1 h\u1ecdc &#8220;Th\u1ea9m \u0111\u1ecbnh gi\u00e1&#8221; l\u00e0 m\u1ed9t kh\u00f3a h\u1ecdc chuy\u00ean s\u00e2u nh\u1eb1m trang b\u1ecb ki\u1ebfn th\u1ee9c v\u00e0 k\u1ef9 n\u0103ng c\u1ea7n thi\u1ebft \u0111\u1ec3 tr\u1edf th\u00e0nh m\u1ed9t chuy\u00ean vi\u00ean th\u1ea9m \u0111\u1ecbnh gi\u00e1 chuy\u00ean nghi\u1ec7p trong l\u0129nh v\u1ef1c doanh nghi\u1ec7p. Kh\u00f3a h\u1ecdc n\u00e0y t\u1eadp trung v\u00e0o c\u00e1c kh\u00eda c\u1ea1nh\" \/>\n<meta property=\"og:url\" content=\"https:\/\/www.siet.vn\/en\/in-house\/\" \/>\n<meta property=\"og:site_name\" content=\"Vi\u1ec7n Kinh T\u1ebf v\u00e0 C\u00f4ng Ngh\u1ec7 - SIET\" \/>\n<meta property=\"article:publisher\" content=\"https:\/\/www.facebook.com\/siet.vn\" \/>\n<meta property=\"article:modified_time\" content=\"2023-06-14T03:15:22+00:00\" \/>\n<meta name=\"twitter:card\" content=\"summary_large_image\" \/>\n<meta name=\"twitter:label1\" content=\"Est. reading time\" \/>\n\t<meta name=\"twitter:data1\" content=\"3 minutes\" \/>\n<script type=\"application\/ld+json\" class=\"yoast-schema-graph\">{\"@context\":\"https:\/\/schema.org\",\"@graph\":[{\"@type\":\"WebPage\",\"@id\":\"https:\/\/www.siet.vn\/in-house\",\"url\":\"https:\/\/www.siet.vn\/in-house\",\"name\":\"In-House - Vi\u1ec7n Kinh T\u1ebf v\u00e0 C\u00f4ng Ngh\u1ec7 - SIET\",\"isPartOf\":{\"@id\":\"https:\/\/www.siet.vn\/en\/#website\"},\"datePublished\":\"2023-05-26T07:55:49+00:00\",\"dateModified\":\"2023-06-14T03:15:22+00:00\",\"breadcrumb\":{\"@id\":\"https:\/\/www.siet.vn\/in-house#breadcrumb\"},\"inLanguage\":\"en-US\",\"potentialAction\":[{\"@type\":\"ReadAction\",\"target\":[\"https:\/\/www.siet.vn\/in-house\"]}]},{\"@type\":\"BreadcrumbList\",\"@id\":\"https:\/\/www.siet.vn\/in-house#breadcrumb\",\"itemListElement\":[{\"@type\":\"ListItem\",\"position\":1,\"name\":\"Trang ch\u1ee7\",\"item\":\"https:\/\/www.siet.vn\/\"},{\"@type\":\"ListItem\",\"position\":2,\"name\":\"In-House\"}]},{\"@type\":\"WebSite\",\"@id\":\"https:\/\/www.siet.vn\/en\/#website\",\"url\":\"https:\/\/www.siet.vn\/en\/\",\"name\":\"Vi\u1ec7n Kinh T\u1ebf v\u00e0 C\u00f4ng Ngh\u1ec7 - SIET\",\"description\":\"Vi\u1ec7n Nghi\u00ean C\u1ee9u &amp; \u1ee8ng D\u1ee5ng\",\"publisher\":{\"@id\":\"https:\/\/www.siet.vn\/en\/#organization\"},\"potentialAction\":[{\"@type\":\"SearchAction\",\"target\":{\"@type\":\"EntryPoint\",\"urlTemplate\":\"https:\/\/www.siet.vn\/en\/?s={search_term_string}\"},\"query-input\":\"required name=search_term_string\"}],\"inLanguage\":\"en-US\"},{\"@type\":\"Organization\",\"@id\":\"https:\/\/www.siet.vn\/en\/#organization\",\"name\":\"Vi\u1ec7n Kinh T\u1ebf v\u00e0 C\u00f4ng Ngh\u1ec7 - SIET\",\"url\":\"https:\/\/www.siet.vn\/en\/\",\"logo\":{\"@type\":\"ImageObject\",\"inLanguage\":\"en-US\",\"@id\":\"https:\/\/www.siet.vn\/en\/#\/schema\/logo\/image\/\",\"url\":\"https:\/\/www.siet.vn\/wp-content\/uploads\/2022\/09\/siet-1.png\",\"contentUrl\":\"https:\/\/www.siet.vn\/wp-content\/uploads\/2022\/09\/siet-1.png\",\"width\":463,\"height\":313,\"caption\":\"Vi\u1ec7n Kinh T\u1ebf v\u00e0 C\u00f4ng Ngh\u1ec7 - SIET\"},\"image\":{\"@id\":\"https:\/\/www.siet.vn\/en\/#\/schema\/logo\/image\/\"},\"sameAs\":[\"https:\/\/www.facebook.com\/siet.vn\"]}]}<\/script>\n<!-- \/ Yoast SEO plugin. -->","yoast_head_json":{"title":"In-House - Vi\u1ec7n Kinh T\u1ebf v\u00e0 C\u00f4ng Ngh\u1ec7 - SIET","robots":{"index":"index","follow":"follow","max-snippet":"max-snippet:-1","max-image-preview":"max-image-preview:large","max-video-preview":"max-video-preview:-1"},"canonical":"https:\/\/www.siet.vn\/en\/in-house\/","og_locale":"en_US","og_type":"article","og_title":"In-House - Vi\u1ec7n Kinh T\u1ebf v\u00e0 C\u00f4ng Ngh\u1ec7 - SIET","og_description":"TH\u1ea8M \u0110\u1ecaNH GI\u00c1 M\u00f4 ta\u0309 kho\u0301a ho\u0323c \u00a0 \u00a0 \u00a0Kho\u00e1 h\u1ecdc &#8220;Th\u1ea9m \u0111\u1ecbnh gi\u00e1&#8221; l\u00e0 m\u1ed9t kh\u00f3a h\u1ecdc chuy\u00ean s\u00e2u nh\u1eb1m trang b\u1ecb ki\u1ebfn th\u1ee9c v\u00e0 k\u1ef9 n\u0103ng c\u1ea7n thi\u1ebft \u0111\u1ec3 tr\u1edf th\u00e0nh m\u1ed9t chuy\u00ean vi\u00ean th\u1ea9m \u0111\u1ecbnh gi\u00e1 chuy\u00ean nghi\u1ec7p trong l\u0129nh v\u1ef1c doanh nghi\u1ec7p. Kh\u00f3a h\u1ecdc n\u00e0y t\u1eadp trung v\u00e0o c\u00e1c kh\u00eda c\u1ea1nh","og_url":"https:\/\/www.siet.vn\/en\/in-house\/","og_site_name":"Vi\u1ec7n Kinh T\u1ebf v\u00e0 C\u00f4ng Ngh\u1ec7 - SIET","article_publisher":"https:\/\/www.facebook.com\/siet.vn","article_modified_time":"2023-06-14T03:15:22+00:00","twitter_card":"summary_large_image","twitter_misc":{"Est. reading time":"3 minutes"},"schema":{"@context":"https:\/\/schema.org","@graph":[{"@type":"WebPage","@id":"https:\/\/www.siet.vn\/in-house","url":"https:\/\/www.siet.vn\/in-house","name":"In-House - Vi\u1ec7n Kinh T\u1ebf v\u00e0 C\u00f4ng Ngh\u1ec7 - SIET","isPartOf":{"@id":"https:\/\/www.siet.vn\/en\/#website"},"datePublished":"2023-05-26T07:55:49+00:00","dateModified":"2023-06-14T03:15:22+00:00","breadcrumb":{"@id":"https:\/\/www.siet.vn\/in-house#breadcrumb"},"inLanguage":"en-US","potentialAction":[{"@type":"ReadAction","target":["https:\/\/www.siet.vn\/in-house"]}]},{"@type":"BreadcrumbList","@id":"https:\/\/www.siet.vn\/in-house#breadcrumb","itemListElement":[{"@type":"ListItem","position":1,"name":"Trang ch\u1ee7","item":"https:\/\/www.siet.vn\/"},{"@type":"ListItem","position":2,"name":"In-House"}]},{"@type":"WebSite","@id":"https:\/\/www.siet.vn\/en\/#website","url":"https:\/\/www.siet.vn\/en\/","name":"Vi\u1ec7n Kinh T\u1ebf v\u00e0 C\u00f4ng Ngh\u1ec7 - SIET","description":"Vi\u1ec7n Nghi\u00ean C\u1ee9u &amp; \u1ee8ng D\u1ee5ng","publisher":{"@id":"https:\/\/www.siet.vn\/en\/#organization"},"potentialAction":[{"@type":"SearchAction","target":{"@type":"EntryPoint","urlTemplate":"https:\/\/www.siet.vn\/en\/?s={search_term_string}"},"query-input":"required name=search_term_string"}],"inLanguage":"en-US"},{"@type":"Organization","@id":"https:\/\/www.siet.vn\/en\/#organization","name":"Vi\u1ec7n Kinh T\u1ebf v\u00e0 C\u00f4ng Ngh\u1ec7 - SIET","url":"https:\/\/www.siet.vn\/en\/","logo":{"@type":"ImageObject","inLanguage":"en-US","@id":"https:\/\/www.siet.vn\/en\/#\/schema\/logo\/image\/","url":"https:\/\/www.siet.vn\/wp-content\/uploads\/2022\/09\/siet-1.png","contentUrl":"https:\/\/www.siet.vn\/wp-content\/uploads\/2022\/09\/siet-1.png","width":463,"height":313,"caption":"Vi\u1ec7n Kinh T\u1ebf v\u00e0 C\u00f4ng Ngh\u1ec7 - SIET"},"image":{"@id":"https:\/\/www.siet.vn\/en\/#\/schema\/logo\/image\/"},"sameAs":["https:\/\/www.facebook.com\/siet.vn"]}]}},"_links":{"self":[{"href":"https:\/\/www.siet.vn\/en\/wp-json\/wp\/v2\/pages\/7591","targetHints":{"allow":["GET"]}}],"collection":[{"href":"https:\/\/www.siet.vn\/en\/wp-json\/wp\/v2\/pages"}],"about":[{"href":"https:\/\/www.siet.vn\/en\/wp-json\/wp\/v2\/types\/page"}],"author":[{"embeddable":true,"href":"https:\/\/www.siet.vn\/en\/wp-json\/wp\/v2\/users\/1"}],"replies":[{"embeddable":true,"href":"https:\/\/www.siet.vn\/en\/wp-json\/wp\/v2\/comments?post=7591"}],"version-history":[{"count":8,"href":"https:\/\/www.siet.vn\/en\/wp-json\/wp\/v2\/pages\/7591\/revisions"}],"predecessor-version":[{"id":7830,"href":"https:\/\/www.siet.vn\/en\/wp-json\/wp\/v2\/pages\/7591\/revisions\/7830"}],"wp:attachment":[{"href":"https:\/\/www.siet.vn\/en\/wp-json\/wp\/v2\/media?parent=7591"}],"curies":[{"name":"wp","href":"https:\/\/api.w.org\/{rel}","templated":true}]}}