{"id":7582,"date":"2023-05-26T14:53:01","date_gmt":"2023-05-26T07:53:01","guid":{"rendered":"https:\/\/www.siet.vn\/?page_id=7582"},"modified":"2023-06-06T11:10:32","modified_gmt":"2023-06-06T04:10:32","slug":"doi-tac-chuyen-giao-cong-nghe","status":"publish","type":"page","link":"https:\/\/www.siet.vn\/en\/doi-tac-chuyen-giao-cong-nghe","title":{"rendered":"Technology transfer partner"},"content":{"rendered":"<p style=\"font-weight: 400;\">Not only in training and research, SIET's partners also play an important role in technology transfer. Offering cutting edge technologies and latest solutions. We have leveraged these knowledge and skills to apply them to real projects and applications. Create a bridge between research and application, making a significant contribution to promoting economic and technological development in the community.<\/p>","protected":false},"excerpt":{"rendered":"<p>Kh\u00f4ng ch\u1ec9 d\u1eebng l\u1ea1i \u1edf vi\u1ec7c \u0111\u00e0o t\u1ea1o v\u00e0 nghi\u00ean c\u1ee9u, \u0111\u1ed1i t\u00e1c c\u1ee7a SIET c\u00f2n \u0111\u00f3ng vai tr\u00f2 quan tr\u1ecdng trong vi\u1ec7c chuy\u1ec3n giao c\u00f4ng ngh\u1ec7. \u0110\u01b0a ra nh\u1eefng c\u00f4ng ngh\u1ec7 ti\u00ean ti\u1ebfn v\u00e0 c\u00e1c gi\u1ea3i ph\u00e1p m\u1edbi nh\u1ea5t. Ch\u00fang t\u00f4i \u0111\u00e3 t\u1eadn d\u1ee5ng nh\u1eefng ki\u1ebfn th\u1ee9c v\u00e0 k\u1ef9 n\u0103ng n\u00e0y \u0111\u1ec3 \u00e1p d\u1ee5ng<\/p>","protected":false},"author":1,"featured_media":0,"parent":0,"menu_order":0,"comment_status":"closed","ping_status":"closed","template":"","meta":{"footnotes":""},"class_list":["post-7582","page","type-page","status-publish","hentry"],"yoast_head":"<!-- This site is optimized with the Yoast SEO plugin v20.2 - https:\/\/yoast.com\/wordpress\/plugins\/seo\/ -->\n<title>\u0110\u1ed1i t\u00e1c chuy\u1ec3n giao c\u00f4ng ngh\u1ec7 - Vi\u1ec7n Kinh T\u1ebf v\u00e0 C\u00f4ng Ngh\u1ec7 - SIET<\/title>\n<meta name=\"robots\" content=\"index, follow, max-snippet:-1, max-image-preview:large, max-video-preview:-1\" \/>\n<link rel=\"canonical\" href=\"https:\/\/www.siet.vn\/en\/doi-tac-chuyen-giao-cong-nghe\/\" \/>\n<meta property=\"og:locale\" content=\"en_US\" \/>\n<meta property=\"og:type\" content=\"article\" \/>\n<meta property=\"og:title\" content=\"\u0110\u1ed1i t\u00e1c chuy\u1ec3n giao c\u00f4ng ngh\u1ec7 - Vi\u1ec7n Kinh T\u1ebf v\u00e0 C\u00f4ng Ngh\u1ec7 - SIET\" \/>\n<meta property=\"og:description\" content=\"Kh\u00f4ng ch\u1ec9 d\u1eebng l\u1ea1i \u1edf vi\u1ec7c \u0111\u00e0o t\u1ea1o v\u00e0 nghi\u00ean c\u1ee9u, \u0111\u1ed1i t\u00e1c c\u1ee7a SIET c\u00f2n \u0111\u00f3ng vai tr\u00f2 quan tr\u1ecdng trong vi\u1ec7c chuy\u1ec3n giao c\u00f4ng ngh\u1ec7. \u0110\u01b0a ra nh\u1eefng c\u00f4ng ngh\u1ec7 ti\u00ean ti\u1ebfn v\u00e0 c\u00e1c gi\u1ea3i ph\u00e1p m\u1edbi nh\u1ea5t. Ch\u00fang t\u00f4i \u0111\u00e3 t\u1eadn d\u1ee5ng nh\u1eefng ki\u1ebfn th\u1ee9c v\u00e0 k\u1ef9 n\u0103ng n\u00e0y \u0111\u1ec3 \u00e1p d\u1ee5ng\" \/>\n<meta property=\"og:url\" content=\"https:\/\/www.siet.vn\/en\/doi-tac-chuyen-giao-cong-nghe\/\" \/>\n<meta property=\"og:site_name\" content=\"Vi\u1ec7n Kinh T\u1ebf v\u00e0 C\u00f4ng Ngh\u1ec7 - SIET\" \/>\n<meta property=\"article:publisher\" content=\"https:\/\/www.facebook.com\/siet.vn\" \/>\n<meta property=\"article:modified_time\" content=\"2023-06-06T04:10:32+00:00\" \/>\n<meta name=\"twitter:card\" content=\"summary_large_image\" \/>\n<meta name=\"twitter:label1\" content=\"Est. reading time\" \/>\n\t<meta name=\"twitter:data1\" content=\"1 minute\" \/>\n<script type=\"application\/ld+json\" class=\"yoast-schema-graph\">{\"@context\":\"https:\/\/schema.org\",\"@graph\":[{\"@type\":\"WebPage\",\"@id\":\"https:\/\/www.siet.vn\/doi-tac-chuyen-giao-cong-nghe\",\"url\":\"https:\/\/www.siet.vn\/doi-tac-chuyen-giao-cong-nghe\",\"name\":\"\u0110\u1ed1i t\u00e1c chuy\u1ec3n giao c\u00f4ng ngh\u1ec7 - Vi\u1ec7n Kinh T\u1ebf v\u00e0 C\u00f4ng Ngh\u1ec7 - SIET\",\"isPartOf\":{\"@id\":\"https:\/\/www.siet.vn\/en\/#website\"},\"datePublished\":\"2023-05-26T07:53:01+00:00\",\"dateModified\":\"2023-06-06T04:10:32+00:00\",\"breadcrumb\":{\"@id\":\"https:\/\/www.siet.vn\/doi-tac-chuyen-giao-cong-nghe#breadcrumb\"},\"inLanguage\":\"en-US\",\"potentialAction\":[{\"@type\":\"ReadAction\",\"target\":[\"https:\/\/www.siet.vn\/doi-tac-chuyen-giao-cong-nghe\"]}]},{\"@type\":\"BreadcrumbList\",\"@id\":\"https:\/\/www.siet.vn\/doi-tac-chuyen-giao-cong-nghe#breadcrumb\",\"itemListElement\":[{\"@type\":\"ListItem\",\"position\":1,\"name\":\"Trang ch\u1ee7\",\"item\":\"https:\/\/www.siet.vn\/\"},{\"@type\":\"ListItem\",\"position\":2,\"name\":\"\u0110\u1ed1i t\u00e1c chuy\u1ec3n giao c\u00f4ng ngh\u1ec7\"}]},{\"@type\":\"WebSite\",\"@id\":\"https:\/\/www.siet.vn\/en\/#website\",\"url\":\"https:\/\/www.siet.vn\/en\/\",\"name\":\"Vi\u1ec7n Kinh T\u1ebf v\u00e0 C\u00f4ng Ngh\u1ec7 - SIET\",\"description\":\"Vi\u1ec7n Nghi\u00ean C\u1ee9u &amp; \u1ee8ng D\u1ee5ng\",\"publisher\":{\"@id\":\"https:\/\/www.siet.vn\/en\/#organization\"},\"potentialAction\":[{\"@type\":\"SearchAction\",\"target\":{\"@type\":\"EntryPoint\",\"urlTemplate\":\"https:\/\/www.siet.vn\/en\/?s={search_term_string}\"},\"query-input\":\"required name=search_term_string\"}],\"inLanguage\":\"en-US\"},{\"@type\":\"Organization\",\"@id\":\"https:\/\/www.siet.vn\/en\/#organization\",\"name\":\"Vi\u1ec7n Kinh T\u1ebf v\u00e0 C\u00f4ng Ngh\u1ec7 - SIET\",\"url\":\"https:\/\/www.siet.vn\/en\/\",\"logo\":{\"@type\":\"ImageObject\",\"inLanguage\":\"en-US\",\"@id\":\"https:\/\/www.siet.vn\/en\/#\/schema\/logo\/image\/\",\"url\":\"https:\/\/www.siet.vn\/wp-content\/uploads\/2022\/09\/siet-1.png\",\"contentUrl\":\"https:\/\/www.siet.vn\/wp-content\/uploads\/2022\/09\/siet-1.png\",\"width\":463,\"height\":313,\"caption\":\"Vi\u1ec7n Kinh T\u1ebf v\u00e0 C\u00f4ng Ngh\u1ec7 - SIET\"},\"image\":{\"@id\":\"https:\/\/www.siet.vn\/en\/#\/schema\/logo\/image\/\"},\"sameAs\":[\"https:\/\/www.facebook.com\/siet.vn\"]}]}<\/script>\n<!-- \/ Yoast SEO plugin. -->","yoast_head_json":{"title":"\u0110\u1ed1i t\u00e1c chuy\u1ec3n giao c\u00f4ng ngh\u1ec7 - Vi\u1ec7n Kinh T\u1ebf v\u00e0 C\u00f4ng Ngh\u1ec7 - SIET","robots":{"index":"index","follow":"follow","max-snippet":"max-snippet:-1","max-image-preview":"max-image-preview:large","max-video-preview":"max-video-preview:-1"},"canonical":"https:\/\/www.siet.vn\/en\/doi-tac-chuyen-giao-cong-nghe\/","og_locale":"en_US","og_type":"article","og_title":"\u0110\u1ed1i t\u00e1c chuy\u1ec3n giao c\u00f4ng ngh\u1ec7 - Vi\u1ec7n Kinh T\u1ebf v\u00e0 C\u00f4ng Ngh\u1ec7 - SIET","og_description":"Kh\u00f4ng ch\u1ec9 d\u1eebng l\u1ea1i \u1edf vi\u1ec7c \u0111\u00e0o t\u1ea1o v\u00e0 nghi\u00ean c\u1ee9u, \u0111\u1ed1i t\u00e1c c\u1ee7a SIET c\u00f2n \u0111\u00f3ng vai tr\u00f2 quan tr\u1ecdng trong vi\u1ec7c chuy\u1ec3n giao c\u00f4ng ngh\u1ec7. \u0110\u01b0a ra nh\u1eefng c\u00f4ng ngh\u1ec7 ti\u00ean ti\u1ebfn v\u00e0 c\u00e1c gi\u1ea3i ph\u00e1p m\u1edbi nh\u1ea5t. Ch\u00fang t\u00f4i \u0111\u00e3 t\u1eadn d\u1ee5ng nh\u1eefng ki\u1ebfn th\u1ee9c v\u00e0 k\u1ef9 n\u0103ng n\u00e0y \u0111\u1ec3 \u00e1p d\u1ee5ng","og_url":"https:\/\/www.siet.vn\/en\/doi-tac-chuyen-giao-cong-nghe\/","og_site_name":"Vi\u1ec7n Kinh T\u1ebf v\u00e0 C\u00f4ng Ngh\u1ec7 - SIET","article_publisher":"https:\/\/www.facebook.com\/siet.vn","article_modified_time":"2023-06-06T04:10:32+00:00","twitter_card":"summary_large_image","twitter_misc":{"Est. reading time":"1 minute"},"schema":{"@context":"https:\/\/schema.org","@graph":[{"@type":"WebPage","@id":"https:\/\/www.siet.vn\/doi-tac-chuyen-giao-cong-nghe","url":"https:\/\/www.siet.vn\/doi-tac-chuyen-giao-cong-nghe","name":"\u0110\u1ed1i t\u00e1c chuy\u1ec3n giao c\u00f4ng ngh\u1ec7 - Vi\u1ec7n Kinh T\u1ebf v\u00e0 C\u00f4ng Ngh\u1ec7 - SIET","isPartOf":{"@id":"https:\/\/www.siet.vn\/en\/#website"},"datePublished":"2023-05-26T07:53:01+00:00","dateModified":"2023-06-06T04:10:32+00:00","breadcrumb":{"@id":"https:\/\/www.siet.vn\/doi-tac-chuyen-giao-cong-nghe#breadcrumb"},"inLanguage":"en-US","potentialAction":[{"@type":"ReadAction","target":["https:\/\/www.siet.vn\/doi-tac-chuyen-giao-cong-nghe"]}]},{"@type":"BreadcrumbList","@id":"https:\/\/www.siet.vn\/doi-tac-chuyen-giao-cong-nghe#breadcrumb","itemListElement":[{"@type":"ListItem","position":1,"name":"Trang ch\u1ee7","item":"https:\/\/www.siet.vn\/"},{"@type":"ListItem","position":2,"name":"\u0110\u1ed1i t\u00e1c chuy\u1ec3n giao c\u00f4ng ngh\u1ec7"}]},{"@type":"WebSite","@id":"https:\/\/www.siet.vn\/en\/#website","url":"https:\/\/www.siet.vn\/en\/","name":"Vi\u1ec7n Kinh T\u1ebf v\u00e0 C\u00f4ng Ngh\u1ec7 - SIET","description":"Vi\u1ec7n Nghi\u00ean C\u1ee9u &amp; \u1ee8ng D\u1ee5ng","publisher":{"@id":"https:\/\/www.siet.vn\/en\/#organization"},"potentialAction":[{"@type":"SearchAction","target":{"@type":"EntryPoint","urlTemplate":"https:\/\/www.siet.vn\/en\/?s={search_term_string}"},"query-input":"required name=search_term_string"}],"inLanguage":"en-US"},{"@type":"Organization","@id":"https:\/\/www.siet.vn\/en\/#organization","name":"Vi\u1ec7n Kinh T\u1ebf v\u00e0 C\u00f4ng Ngh\u1ec7 - SIET","url":"https:\/\/www.siet.vn\/en\/","logo":{"@type":"ImageObject","inLanguage":"en-US","@id":"https:\/\/www.siet.vn\/en\/#\/schema\/logo\/image\/","url":"https:\/\/www.siet.vn\/wp-content\/uploads\/2022\/09\/siet-1.png","contentUrl":"https:\/\/www.siet.vn\/wp-content\/uploads\/2022\/09\/siet-1.png","width":463,"height":313,"caption":"Vi\u1ec7n Kinh T\u1ebf v\u00e0 C\u00f4ng Ngh\u1ec7 - SIET"},"image":{"@id":"https:\/\/www.siet.vn\/en\/#\/schema\/logo\/image\/"},"sameAs":["https:\/\/www.facebook.com\/siet.vn"]}]}},"_links":{"self":[{"href":"https:\/\/www.siet.vn\/en\/wp-json\/wp\/v2\/pages\/7582","targetHints":{"allow":["GET"]}}],"collection":[{"href":"https:\/\/www.siet.vn\/en\/wp-json\/wp\/v2\/pages"}],"about":[{"href":"https:\/\/www.siet.vn\/en\/wp-json\/wp\/v2\/types\/page"}],"author":[{"embeddable":true,"href":"https:\/\/www.siet.vn\/en\/wp-json\/wp\/v2\/users\/1"}],"replies":[{"embeddable":true,"href":"https:\/\/www.siet.vn\/en\/wp-json\/wp\/v2\/comments?post=7582"}],"version-history":[{"count":2,"href":"https:\/\/www.siet.vn\/en\/wp-json\/wp\/v2\/pages\/7582\/revisions"}],"predecessor-version":[{"id":7663,"href":"https:\/\/www.siet.vn\/en\/wp-json\/wp\/v2\/pages\/7582\/revisions\/7663"}],"wp:attachment":[{"href":"https:\/\/www.siet.vn\/en\/wp-json\/wp\/v2\/media?parent=7582"}],"curies":[{"name":"wp","href":"https:\/\/api.w.org\/{rel}","templated":true}]}}