{"id":7580,"date":"2023-05-26T14:52:28","date_gmt":"2023-05-26T07:52:28","guid":{"rendered":"https:\/\/www.siet.vn\/?page_id=7580"},"modified":"2023-06-06T11:09:34","modified_gmt":"2023-06-06T04:09:34","slug":"doi-tac-nghien-cuu","status":"publish","type":"page","link":"https:\/\/www.siet.vn\/en\/doi-tac-nghien-cuu","title":{"rendered":"Research partner"},"content":{"rendered":"<p style=\"font-weight: 400;\">In addition to training, our partners are also actively involved in research, working together on groundbreaking research projects to discover and apply innovative solutions. Our research partners have built up a multidisciplinary network of experts, delivering diversity and creativity.<\/p>","protected":false},"excerpt":{"rendered":"<p>Ngo\u00e0i vi\u1ec7c \u0111\u00e0o t\u1ea1o, t\u00edch c\u1ef1c tham gia v\u00e0o ho\u1ea1t \u0111\u1ed9ng nghi\u00ean c\u1ee9u, c\u00f9ng nhau th\u1ef1c hi\u1ec7n c\u00e1c d\u1ef1 \u00e1n nghi\u00ean c\u1ee9u \u0111\u1ed9t ph\u00e1, nh\u1eb1m kh\u00e1m ph\u00e1 v\u00e0 \u00e1p d\u1ee5ng nh\u1eefng gi\u1ea3i ph\u00e1p s\u00e1ng t\u1ea1o. \u0110\u1ed1i t\u00e1c nghi\u00ean c\u1ee9u c\u1ee7a ch\u00fang t\u00f4i \u0111\u00e3 x\u00e2y d\u1ef1ng m\u1ed9t m\u1ea1ng l\u01b0\u1edbi chuy\u00ean gia \u0111a ng\u00e0nh, \u0111em \u0111\u1ebfn s\u1ef1<\/p>","protected":false},"author":1,"featured_media":0,"parent":0,"menu_order":0,"comment_status":"closed","ping_status":"closed","template":"","meta":{"footnotes":""},"class_list":["post-7580","page","type-page","status-publish","hentry"],"yoast_head":"<!-- This site is optimized with the Yoast SEO plugin v20.2 - https:\/\/yoast.com\/wordpress\/plugins\/seo\/ -->\n<title>\u0110\u1ed1i t\u00e1c nghi\u00ean c\u1ee9u - Vi\u1ec7n Kinh T\u1ebf v\u00e0 C\u00f4ng Ngh\u1ec7 - SIET<\/title>\n<meta name=\"robots\" content=\"index, follow, max-snippet:-1, max-image-preview:large, max-video-preview:-1\" \/>\n<link rel=\"canonical\" href=\"https:\/\/www.siet.vn\/en\/doi-tac-nghien-cuu\/\" \/>\n<meta property=\"og:locale\" content=\"en_US\" \/>\n<meta property=\"og:type\" content=\"article\" \/>\n<meta property=\"og:title\" content=\"\u0110\u1ed1i t\u00e1c nghi\u00ean c\u1ee9u - Vi\u1ec7n Kinh T\u1ebf v\u00e0 C\u00f4ng Ngh\u1ec7 - SIET\" \/>\n<meta property=\"og:description\" content=\"Ngo\u00e0i vi\u1ec7c \u0111\u00e0o t\u1ea1o, t\u00edch c\u1ef1c tham gia v\u00e0o ho\u1ea1t \u0111\u1ed9ng nghi\u00ean c\u1ee9u, c\u00f9ng nhau th\u1ef1c hi\u1ec7n c\u00e1c d\u1ef1 \u00e1n nghi\u00ean c\u1ee9u \u0111\u1ed9t ph\u00e1, nh\u1eb1m kh\u00e1m ph\u00e1 v\u00e0 \u00e1p d\u1ee5ng nh\u1eefng gi\u1ea3i ph\u00e1p s\u00e1ng t\u1ea1o. \u0110\u1ed1i t\u00e1c nghi\u00ean c\u1ee9u c\u1ee7a ch\u00fang t\u00f4i \u0111\u00e3 x\u00e2y d\u1ef1ng m\u1ed9t m\u1ea1ng l\u01b0\u1edbi chuy\u00ean gia \u0111a ng\u00e0nh, \u0111em \u0111\u1ebfn s\u1ef1\" \/>\n<meta property=\"og:url\" content=\"https:\/\/www.siet.vn\/en\/doi-tac-nghien-cuu\/\" \/>\n<meta property=\"og:site_name\" content=\"Vi\u1ec7n Kinh T\u1ebf v\u00e0 C\u00f4ng Ngh\u1ec7 - SIET\" \/>\n<meta property=\"article:publisher\" content=\"https:\/\/www.facebook.com\/siet.vn\" \/>\n<meta property=\"article:modified_time\" content=\"2023-06-06T04:09:34+00:00\" \/>\n<meta name=\"twitter:card\" content=\"summary_large_image\" \/>\n<meta name=\"twitter:label1\" content=\"Est. reading time\" \/>\n\t<meta name=\"twitter:data1\" content=\"1 minute\" \/>\n<script type=\"application\/ld+json\" class=\"yoast-schema-graph\">{\"@context\":\"https:\/\/schema.org\",\"@graph\":[{\"@type\":\"WebPage\",\"@id\":\"https:\/\/www.siet.vn\/doi-tac-nghien-cuu\",\"url\":\"https:\/\/www.siet.vn\/doi-tac-nghien-cuu\",\"name\":\"\u0110\u1ed1i t\u00e1c nghi\u00ean c\u1ee9u - Vi\u1ec7n Kinh T\u1ebf v\u00e0 C\u00f4ng Ngh\u1ec7 - SIET\",\"isPartOf\":{\"@id\":\"https:\/\/www.siet.vn\/en\/#website\"},\"datePublished\":\"2023-05-26T07:52:28+00:00\",\"dateModified\":\"2023-06-06T04:09:34+00:00\",\"breadcrumb\":{\"@id\":\"https:\/\/www.siet.vn\/doi-tac-nghien-cuu#breadcrumb\"},\"inLanguage\":\"en-US\",\"potentialAction\":[{\"@type\":\"ReadAction\",\"target\":[\"https:\/\/www.siet.vn\/doi-tac-nghien-cuu\"]}]},{\"@type\":\"BreadcrumbList\",\"@id\":\"https:\/\/www.siet.vn\/doi-tac-nghien-cuu#breadcrumb\",\"itemListElement\":[{\"@type\":\"ListItem\",\"position\":1,\"name\":\"Trang ch\u1ee7\",\"item\":\"https:\/\/www.siet.vn\/\"},{\"@type\":\"ListItem\",\"position\":2,\"name\":\"\u0110\u1ed1i t\u00e1c nghi\u00ean c\u1ee9u\"}]},{\"@type\":\"WebSite\",\"@id\":\"https:\/\/www.siet.vn\/en\/#website\",\"url\":\"https:\/\/www.siet.vn\/en\/\",\"name\":\"Vi\u1ec7n Kinh T\u1ebf v\u00e0 C\u00f4ng Ngh\u1ec7 - SIET\",\"description\":\"Vi\u1ec7n Nghi\u00ean C\u1ee9u &amp; \u1ee8ng D\u1ee5ng\",\"publisher\":{\"@id\":\"https:\/\/www.siet.vn\/en\/#organization\"},\"potentialAction\":[{\"@type\":\"SearchAction\",\"target\":{\"@type\":\"EntryPoint\",\"urlTemplate\":\"https:\/\/www.siet.vn\/en\/?s={search_term_string}\"},\"query-input\":\"required name=search_term_string\"}],\"inLanguage\":\"en-US\"},{\"@type\":\"Organization\",\"@id\":\"https:\/\/www.siet.vn\/en\/#organization\",\"name\":\"Vi\u1ec7n Kinh T\u1ebf v\u00e0 C\u00f4ng Ngh\u1ec7 - SIET\",\"url\":\"https:\/\/www.siet.vn\/en\/\",\"logo\":{\"@type\":\"ImageObject\",\"inLanguage\":\"en-US\",\"@id\":\"https:\/\/www.siet.vn\/en\/#\/schema\/logo\/image\/\",\"url\":\"https:\/\/www.siet.vn\/wp-content\/uploads\/2022\/09\/siet-1.png\",\"contentUrl\":\"https:\/\/www.siet.vn\/wp-content\/uploads\/2022\/09\/siet-1.png\",\"width\":463,\"height\":313,\"caption\":\"Vi\u1ec7n Kinh T\u1ebf v\u00e0 C\u00f4ng Ngh\u1ec7 - SIET\"},\"image\":{\"@id\":\"https:\/\/www.siet.vn\/en\/#\/schema\/logo\/image\/\"},\"sameAs\":[\"https:\/\/www.facebook.com\/siet.vn\"]}]}<\/script>\n<!-- \/ Yoast SEO plugin. -->","yoast_head_json":{"title":"\u0110\u1ed1i t\u00e1c nghi\u00ean c\u1ee9u - Vi\u1ec7n Kinh T\u1ebf v\u00e0 C\u00f4ng Ngh\u1ec7 - SIET","robots":{"index":"index","follow":"follow","max-snippet":"max-snippet:-1","max-image-preview":"max-image-preview:large","max-video-preview":"max-video-preview:-1"},"canonical":"https:\/\/www.siet.vn\/en\/doi-tac-nghien-cuu\/","og_locale":"en_US","og_type":"article","og_title":"\u0110\u1ed1i t\u00e1c nghi\u00ean c\u1ee9u - Vi\u1ec7n Kinh T\u1ebf v\u00e0 C\u00f4ng Ngh\u1ec7 - SIET","og_description":"Ngo\u00e0i vi\u1ec7c \u0111\u00e0o t\u1ea1o, t\u00edch c\u1ef1c tham gia v\u00e0o ho\u1ea1t \u0111\u1ed9ng nghi\u00ean c\u1ee9u, c\u00f9ng nhau th\u1ef1c hi\u1ec7n c\u00e1c d\u1ef1 \u00e1n nghi\u00ean c\u1ee9u \u0111\u1ed9t ph\u00e1, nh\u1eb1m kh\u00e1m ph\u00e1 v\u00e0 \u00e1p d\u1ee5ng nh\u1eefng gi\u1ea3i ph\u00e1p s\u00e1ng t\u1ea1o. \u0110\u1ed1i t\u00e1c nghi\u00ean c\u1ee9u c\u1ee7a ch\u00fang t\u00f4i \u0111\u00e3 x\u00e2y d\u1ef1ng m\u1ed9t m\u1ea1ng l\u01b0\u1edbi chuy\u00ean gia \u0111a ng\u00e0nh, \u0111em \u0111\u1ebfn s\u1ef1","og_url":"https:\/\/www.siet.vn\/en\/doi-tac-nghien-cuu\/","og_site_name":"Vi\u1ec7n Kinh T\u1ebf v\u00e0 C\u00f4ng Ngh\u1ec7 - SIET","article_publisher":"https:\/\/www.facebook.com\/siet.vn","article_modified_time":"2023-06-06T04:09:34+00:00","twitter_card":"summary_large_image","twitter_misc":{"Est. reading time":"1 minute"},"schema":{"@context":"https:\/\/schema.org","@graph":[{"@type":"WebPage","@id":"https:\/\/www.siet.vn\/doi-tac-nghien-cuu","url":"https:\/\/www.siet.vn\/doi-tac-nghien-cuu","name":"\u0110\u1ed1i t\u00e1c nghi\u00ean c\u1ee9u - Vi\u1ec7n Kinh T\u1ebf v\u00e0 C\u00f4ng Ngh\u1ec7 - SIET","isPartOf":{"@id":"https:\/\/www.siet.vn\/en\/#website"},"datePublished":"2023-05-26T07:52:28+00:00","dateModified":"2023-06-06T04:09:34+00:00","breadcrumb":{"@id":"https:\/\/www.siet.vn\/doi-tac-nghien-cuu#breadcrumb"},"inLanguage":"en-US","potentialAction":[{"@type":"ReadAction","target":["https:\/\/www.siet.vn\/doi-tac-nghien-cuu"]}]},{"@type":"BreadcrumbList","@id":"https:\/\/www.siet.vn\/doi-tac-nghien-cuu#breadcrumb","itemListElement":[{"@type":"ListItem","position":1,"name":"Trang ch\u1ee7","item":"https:\/\/www.siet.vn\/"},{"@type":"ListItem","position":2,"name":"\u0110\u1ed1i t\u00e1c nghi\u00ean c\u1ee9u"}]},{"@type":"WebSite","@id":"https:\/\/www.siet.vn\/en\/#website","url":"https:\/\/www.siet.vn\/en\/","name":"Vi\u1ec7n Kinh T\u1ebf v\u00e0 C\u00f4ng Ngh\u1ec7 - SIET","description":"Vi\u1ec7n Nghi\u00ean C\u1ee9u &amp; \u1ee8ng D\u1ee5ng","publisher":{"@id":"https:\/\/www.siet.vn\/en\/#organization"},"potentialAction":[{"@type":"SearchAction","target":{"@type":"EntryPoint","urlTemplate":"https:\/\/www.siet.vn\/en\/?s={search_term_string}"},"query-input":"required name=search_term_string"}],"inLanguage":"en-US"},{"@type":"Organization","@id":"https:\/\/www.siet.vn\/en\/#organization","name":"Vi\u1ec7n Kinh T\u1ebf v\u00e0 C\u00f4ng Ngh\u1ec7 - SIET","url":"https:\/\/www.siet.vn\/en\/","logo":{"@type":"ImageObject","inLanguage":"en-US","@id":"https:\/\/www.siet.vn\/en\/#\/schema\/logo\/image\/","url":"https:\/\/www.siet.vn\/wp-content\/uploads\/2022\/09\/siet-1.png","contentUrl":"https:\/\/www.siet.vn\/wp-content\/uploads\/2022\/09\/siet-1.png","width":463,"height":313,"caption":"Vi\u1ec7n Kinh T\u1ebf v\u00e0 C\u00f4ng Ngh\u1ec7 - SIET"},"image":{"@id":"https:\/\/www.siet.vn\/en\/#\/schema\/logo\/image\/"},"sameAs":["https:\/\/www.facebook.com\/siet.vn"]}]}},"_links":{"self":[{"href":"https:\/\/www.siet.vn\/en\/wp-json\/wp\/v2\/pages\/7580","targetHints":{"allow":["GET"]}}],"collection":[{"href":"https:\/\/www.siet.vn\/en\/wp-json\/wp\/v2\/pages"}],"about":[{"href":"https:\/\/www.siet.vn\/en\/wp-json\/wp\/v2\/types\/page"}],"author":[{"embeddable":true,"href":"https:\/\/www.siet.vn\/en\/wp-json\/wp\/v2\/users\/1"}],"replies":[{"embeddable":true,"href":"https:\/\/www.siet.vn\/en\/wp-json\/wp\/v2\/comments?post=7580"}],"version-history":[{"count":2,"href":"https:\/\/www.siet.vn\/en\/wp-json\/wp\/v2\/pages\/7580\/revisions"}],"predecessor-version":[{"id":7662,"href":"https:\/\/www.siet.vn\/en\/wp-json\/wp\/v2\/pages\/7580\/revisions\/7662"}],"wp:attachment":[{"href":"https:\/\/www.siet.vn\/en\/wp-json\/wp\/v2\/media?parent=7580"}],"curies":[{"name":"wp","href":"https:\/\/api.w.org\/{rel}","templated":true}]}}