{"id":7578,"date":"2023-05-26T14:51:59","date_gmt":"2023-05-26T07:51:59","guid":{"rendered":"https:\/\/www.siet.vn\/?page_id=7578"},"modified":"2023-06-06T11:08:43","modified_gmt":"2023-06-06T04:08:43","slug":"doi-tac-dao-tao","status":"publish","type":"page","link":"https:\/\/www.siet.vn\/en\/doi-tac-dao-tao","title":{"rendered":"Foreign training partner"},"content":{"rendered":"<p style=\"font-weight: 400;\">The Institute's training partners bring cutting-edge learning methods that combine theory with practice, helping students hone their skills and apply their knowledge in the real world. With intensive support from training partners, students have the opportunity to access high-quality courses, taught by experts. Training partner of <strong>SIET<\/strong> offers a multinational learning environment, allowing students to interact and learn from international peers.<\/p>","protected":false},"excerpt":{"rendered":"<p>\u0110\u1ed1i t\u00e1c \u0111\u00e0o t\u1ea1o c\u1ee7a Vi\u1ec7n mang \u0111\u1ebfn ph\u01b0\u01a1ng ph\u00e1p h\u1ecdc t\u1eadp ti\u00ean ti\u1ebfn, k\u1ebft h\u1ee3p l\u00fd thuy\u1ebft v\u1edbi th\u1ef1c ti\u1ec5n, gi\u00fap h\u1ecdc vi\u00ean r\u00e8n luy\u1ec7n k\u1ef9 n\u0103ng v\u00e0 \u00e1p d\u1ee5ng ki\u1ebfn th\u1ee9c trong th\u1ebf gi\u1edbi th\u1ef1c. V\u1edbi s\u1ef1 h\u1ed7 tr\u1ee3 chuy\u00ean s\u00e2u t\u1eeb \u0111\u1ed1i t\u00e1c \u0111\u00e0o t\u1ea1o, h\u1ecdc vi\u00ean c\u00f3 c\u01a1 h\u1ed9i ti\u1ebfp c\u1eadn<\/p>","protected":false},"author":1,"featured_media":0,"parent":0,"menu_order":0,"comment_status":"closed","ping_status":"closed","template":"","meta":{"footnotes":""},"class_list":["post-7578","page","type-page","status-publish","hentry"],"yoast_head":"<!-- This site is optimized with the Yoast SEO plugin v20.2 - https:\/\/yoast.com\/wordpress\/plugins\/seo\/ -->\n<title>\u0110\u1ed1i t\u00e1c \u0111\u00e0o t\u1ea1o n\u01b0\u1edbc ngo\u00e0i - Vi\u1ec7n Kinh T\u1ebf v\u00e0 C\u00f4ng Ngh\u1ec7 - SIET<\/title>\n<meta name=\"robots\" content=\"index, follow, max-snippet:-1, max-image-preview:large, max-video-preview:-1\" \/>\n<link rel=\"canonical\" href=\"https:\/\/www.siet.vn\/en\/doi-tac-dao-tao\/\" \/>\n<meta property=\"og:locale\" content=\"en_US\" \/>\n<meta property=\"og:type\" content=\"article\" \/>\n<meta property=\"og:title\" content=\"\u0110\u1ed1i t\u00e1c \u0111\u00e0o t\u1ea1o n\u01b0\u1edbc ngo\u00e0i - Vi\u1ec7n Kinh T\u1ebf v\u00e0 C\u00f4ng Ngh\u1ec7 - SIET\" \/>\n<meta property=\"og:description\" content=\"\u0110\u1ed1i t\u00e1c \u0111\u00e0o t\u1ea1o c\u1ee7a Vi\u1ec7n mang \u0111\u1ebfn ph\u01b0\u01a1ng ph\u00e1p h\u1ecdc t\u1eadp ti\u00ean ti\u1ebfn, k\u1ebft h\u1ee3p l\u00fd thuy\u1ebft v\u1edbi th\u1ef1c ti\u1ec5n, gi\u00fap h\u1ecdc vi\u00ean r\u00e8n luy\u1ec7n k\u1ef9 n\u0103ng v\u00e0 \u00e1p d\u1ee5ng ki\u1ebfn th\u1ee9c trong th\u1ebf gi\u1edbi th\u1ef1c. V\u1edbi s\u1ef1 h\u1ed7 tr\u1ee3 chuy\u00ean s\u00e2u t\u1eeb \u0111\u1ed1i t\u00e1c \u0111\u00e0o t\u1ea1o, h\u1ecdc vi\u00ean c\u00f3 c\u01a1 h\u1ed9i ti\u1ebfp c\u1eadn\" \/>\n<meta property=\"og:url\" content=\"https:\/\/www.siet.vn\/en\/doi-tac-dao-tao\/\" \/>\n<meta property=\"og:site_name\" content=\"Vi\u1ec7n Kinh T\u1ebf v\u00e0 C\u00f4ng Ngh\u1ec7 - SIET\" \/>\n<meta property=\"article:publisher\" content=\"https:\/\/www.facebook.com\/siet.vn\" \/>\n<meta property=\"article:modified_time\" content=\"2023-06-06T04:08:43+00:00\" \/>\n<meta name=\"twitter:card\" content=\"summary_large_image\" \/>\n<meta name=\"twitter:label1\" content=\"Est. reading time\" \/>\n\t<meta name=\"twitter:data1\" content=\"1 minute\" \/>\n<script type=\"application\/ld+json\" class=\"yoast-schema-graph\">{\"@context\":\"https:\/\/schema.org\",\"@graph\":[{\"@type\":\"WebPage\",\"@id\":\"https:\/\/www.siet.vn\/doi-tac-dao-tao\",\"url\":\"https:\/\/www.siet.vn\/doi-tac-dao-tao\",\"name\":\"\u0110\u1ed1i t\u00e1c \u0111\u00e0o t\u1ea1o n\u01b0\u1edbc ngo\u00e0i - Vi\u1ec7n Kinh T\u1ebf v\u00e0 C\u00f4ng Ngh\u1ec7 - SIET\",\"isPartOf\":{\"@id\":\"https:\/\/www.siet.vn\/en\/#website\"},\"datePublished\":\"2023-05-26T07:51:59+00:00\",\"dateModified\":\"2023-06-06T04:08:43+00:00\",\"breadcrumb\":{\"@id\":\"https:\/\/www.siet.vn\/doi-tac-dao-tao#breadcrumb\"},\"inLanguage\":\"en-US\",\"potentialAction\":[{\"@type\":\"ReadAction\",\"target\":[\"https:\/\/www.siet.vn\/doi-tac-dao-tao\"]}]},{\"@type\":\"BreadcrumbList\",\"@id\":\"https:\/\/www.siet.vn\/doi-tac-dao-tao#breadcrumb\",\"itemListElement\":[{\"@type\":\"ListItem\",\"position\":1,\"name\":\"Trang ch\u1ee7\",\"item\":\"https:\/\/www.siet.vn\/\"},{\"@type\":\"ListItem\",\"position\":2,\"name\":\"\u0110\u1ed1i t\u00e1c \u0111\u00e0o t\u1ea1o n\u01b0\u1edbc ngo\u00e0i\"}]},{\"@type\":\"WebSite\",\"@id\":\"https:\/\/www.siet.vn\/en\/#website\",\"url\":\"https:\/\/www.siet.vn\/en\/\",\"name\":\"Vi\u1ec7n Kinh T\u1ebf v\u00e0 C\u00f4ng Ngh\u1ec7 - SIET\",\"description\":\"Vi\u1ec7n Nghi\u00ean C\u1ee9u &amp; \u1ee8ng D\u1ee5ng\",\"publisher\":{\"@id\":\"https:\/\/www.siet.vn\/en\/#organization\"},\"potentialAction\":[{\"@type\":\"SearchAction\",\"target\":{\"@type\":\"EntryPoint\",\"urlTemplate\":\"https:\/\/www.siet.vn\/en\/?s={search_term_string}\"},\"query-input\":\"required name=search_term_string\"}],\"inLanguage\":\"en-US\"},{\"@type\":\"Organization\",\"@id\":\"https:\/\/www.siet.vn\/en\/#organization\",\"name\":\"Vi\u1ec7n Kinh T\u1ebf v\u00e0 C\u00f4ng Ngh\u1ec7 - SIET\",\"url\":\"https:\/\/www.siet.vn\/en\/\",\"logo\":{\"@type\":\"ImageObject\",\"inLanguage\":\"en-US\",\"@id\":\"https:\/\/www.siet.vn\/en\/#\/schema\/logo\/image\/\",\"url\":\"https:\/\/www.siet.vn\/wp-content\/uploads\/2022\/09\/siet-1.png\",\"contentUrl\":\"https:\/\/www.siet.vn\/wp-content\/uploads\/2022\/09\/siet-1.png\",\"width\":463,\"height\":313,\"caption\":\"Vi\u1ec7n Kinh T\u1ebf v\u00e0 C\u00f4ng Ngh\u1ec7 - SIET\"},\"image\":{\"@id\":\"https:\/\/www.siet.vn\/en\/#\/schema\/logo\/image\/\"},\"sameAs\":[\"https:\/\/www.facebook.com\/siet.vn\"]}]}<\/script>\n<!-- \/ Yoast SEO plugin. -->","yoast_head_json":{"title":"\u0110\u1ed1i t\u00e1c \u0111\u00e0o t\u1ea1o n\u01b0\u1edbc ngo\u00e0i - Vi\u1ec7n Kinh T\u1ebf v\u00e0 C\u00f4ng Ngh\u1ec7 - SIET","robots":{"index":"index","follow":"follow","max-snippet":"max-snippet:-1","max-image-preview":"max-image-preview:large","max-video-preview":"max-video-preview:-1"},"canonical":"https:\/\/www.siet.vn\/en\/doi-tac-dao-tao\/","og_locale":"en_US","og_type":"article","og_title":"\u0110\u1ed1i t\u00e1c \u0111\u00e0o t\u1ea1o n\u01b0\u1edbc ngo\u00e0i - Vi\u1ec7n Kinh T\u1ebf v\u00e0 C\u00f4ng Ngh\u1ec7 - SIET","og_description":"\u0110\u1ed1i t\u00e1c \u0111\u00e0o t\u1ea1o c\u1ee7a Vi\u1ec7n mang \u0111\u1ebfn ph\u01b0\u01a1ng ph\u00e1p h\u1ecdc t\u1eadp ti\u00ean ti\u1ebfn, k\u1ebft h\u1ee3p l\u00fd thuy\u1ebft v\u1edbi th\u1ef1c ti\u1ec5n, gi\u00fap h\u1ecdc vi\u00ean r\u00e8n luy\u1ec7n k\u1ef9 n\u0103ng v\u00e0 \u00e1p d\u1ee5ng ki\u1ebfn th\u1ee9c trong th\u1ebf gi\u1edbi th\u1ef1c. V\u1edbi s\u1ef1 h\u1ed7 tr\u1ee3 chuy\u00ean s\u00e2u t\u1eeb \u0111\u1ed1i t\u00e1c \u0111\u00e0o t\u1ea1o, h\u1ecdc vi\u00ean c\u00f3 c\u01a1 h\u1ed9i ti\u1ebfp c\u1eadn","og_url":"https:\/\/www.siet.vn\/en\/doi-tac-dao-tao\/","og_site_name":"Vi\u1ec7n Kinh T\u1ebf v\u00e0 C\u00f4ng Ngh\u1ec7 - SIET","article_publisher":"https:\/\/www.facebook.com\/siet.vn","article_modified_time":"2023-06-06T04:08:43+00:00","twitter_card":"summary_large_image","twitter_misc":{"Est. reading time":"1 minute"},"schema":{"@context":"https:\/\/schema.org","@graph":[{"@type":"WebPage","@id":"https:\/\/www.siet.vn\/doi-tac-dao-tao","url":"https:\/\/www.siet.vn\/doi-tac-dao-tao","name":"\u0110\u1ed1i t\u00e1c \u0111\u00e0o t\u1ea1o n\u01b0\u1edbc ngo\u00e0i - Vi\u1ec7n Kinh T\u1ebf v\u00e0 C\u00f4ng Ngh\u1ec7 - SIET","isPartOf":{"@id":"https:\/\/www.siet.vn\/en\/#website"},"datePublished":"2023-05-26T07:51:59+00:00","dateModified":"2023-06-06T04:08:43+00:00","breadcrumb":{"@id":"https:\/\/www.siet.vn\/doi-tac-dao-tao#breadcrumb"},"inLanguage":"en-US","potentialAction":[{"@type":"ReadAction","target":["https:\/\/www.siet.vn\/doi-tac-dao-tao"]}]},{"@type":"BreadcrumbList","@id":"https:\/\/www.siet.vn\/doi-tac-dao-tao#breadcrumb","itemListElement":[{"@type":"ListItem","position":1,"name":"Trang ch\u1ee7","item":"https:\/\/www.siet.vn\/"},{"@type":"ListItem","position":2,"name":"\u0110\u1ed1i t\u00e1c \u0111\u00e0o t\u1ea1o n\u01b0\u1edbc ngo\u00e0i"}]},{"@type":"WebSite","@id":"https:\/\/www.siet.vn\/en\/#website","url":"https:\/\/www.siet.vn\/en\/","name":"Vi\u1ec7n Kinh T\u1ebf v\u00e0 C\u00f4ng Ngh\u1ec7 - SIET","description":"Vi\u1ec7n Nghi\u00ean C\u1ee9u &amp; \u1ee8ng D\u1ee5ng","publisher":{"@id":"https:\/\/www.siet.vn\/en\/#organization"},"potentialAction":[{"@type":"SearchAction","target":{"@type":"EntryPoint","urlTemplate":"https:\/\/www.siet.vn\/en\/?s={search_term_string}"},"query-input":"required name=search_term_string"}],"inLanguage":"en-US"},{"@type":"Organization","@id":"https:\/\/www.siet.vn\/en\/#organization","name":"Vi\u1ec7n Kinh T\u1ebf v\u00e0 C\u00f4ng Ngh\u1ec7 - SIET","url":"https:\/\/www.siet.vn\/en\/","logo":{"@type":"ImageObject","inLanguage":"en-US","@id":"https:\/\/www.siet.vn\/en\/#\/schema\/logo\/image\/","url":"https:\/\/www.siet.vn\/wp-content\/uploads\/2022\/09\/siet-1.png","contentUrl":"https:\/\/www.siet.vn\/wp-content\/uploads\/2022\/09\/siet-1.png","width":463,"height":313,"caption":"Vi\u1ec7n Kinh T\u1ebf v\u00e0 C\u00f4ng Ngh\u1ec7 - SIET"},"image":{"@id":"https:\/\/www.siet.vn\/en\/#\/schema\/logo\/image\/"},"sameAs":["https:\/\/www.facebook.com\/siet.vn"]}]}},"_links":{"self":[{"href":"https:\/\/www.siet.vn\/en\/wp-json\/wp\/v2\/pages\/7578","targetHints":{"allow":["GET"]}}],"collection":[{"href":"https:\/\/www.siet.vn\/en\/wp-json\/wp\/v2\/pages"}],"about":[{"href":"https:\/\/www.siet.vn\/en\/wp-json\/wp\/v2\/types\/page"}],"author":[{"embeddable":true,"href":"https:\/\/www.siet.vn\/en\/wp-json\/wp\/v2\/users\/1"}],"replies":[{"embeddable":true,"href":"https:\/\/www.siet.vn\/en\/wp-json\/wp\/v2\/comments?post=7578"}],"version-history":[{"count":2,"href":"https:\/\/www.siet.vn\/en\/wp-json\/wp\/v2\/pages\/7578\/revisions"}],"predecessor-version":[{"id":7661,"href":"https:\/\/www.siet.vn\/en\/wp-json\/wp\/v2\/pages\/7578\/revisions\/7661"}],"wp:attachment":[{"href":"https:\/\/www.siet.vn\/en\/wp-json\/wp\/v2\/media?parent=7578"}],"curies":[{"name":"wp","href":"https:\/\/api.w.org\/{rel}","templated":true}]}}