{"id":7412,"date":"2022-11-09T09:23:07","date_gmt":"2022-11-09T09:23:07","guid":{"rendered":"http:\/\/siet.vn\/?page_id=7412"},"modified":"2022-11-10T12:02:38","modified_gmt":"2022-11-10T05:02:38","slug":"dao-tao-huan-luyen","status":"publish","type":"page","link":"https:\/\/www.siet.vn\/en\/dao-tao-huan-luyen","title":{"rendered":"TRAINED &amp; COACHING"},"content":{"rendered":"<p>The development of artificial intelligence systems in production and management processes to increase operational efficiency and improve product quality, protect intellectual property rights, and quality productivity (standards, measures, and quality) for individual organizations is an urgent need.<\/p>\n<p><img loading=\"lazy\" decoding=\"async\" class=\"wp-image-7260 size-full aligncenter\" src=\"http:\/\/siet.vn\/wp-content\/uploads\/2022\/11\/SIET3.png\" alt=\"\" width=\"900\" height=\"580\" srcset=\"https:\/\/www.siet.vn\/wp-content\/uploads\/2022\/11\/SIET3.png 900w, https:\/\/www.siet.vn\/wp-content\/uploads\/2022\/11\/SIET3-300x193.png 300w, https:\/\/www.siet.vn\/wp-content\/uploads\/2022\/11\/SIET3-768x495.png 768w, https:\/\/www.siet.vn\/wp-content\/uploads\/2022\/11\/SIET3-600x387.png 600w\" sizes=\"auto, (max-width: 900px) 100vw, 900px\" \/><br \/>\nTherefore, the Institute of Economics and Technology (SIET) always supports and develops the ideas of students, lecturers, researchers and social scientists; participate in fundraising activities to develop products from scientific research; cooperation and development through innovative activities from universities, institutes, organizations and scientific experts at home and abroad.<\/p>\n<p><img loading=\"lazy\" decoding=\"async\" class=\"aligncenter wp-image-7354 size-large\" src=\"http:\/\/siet.vn\/wp-content\/uploads\/2022\/11\/anh-ky-ket-hop-tac-12-1024x683.jpg\" alt=\"\" width=\"1024\" height=\"683\" srcset=\"https:\/\/www.siet.vn\/wp-content\/uploads\/2022\/11\/anh-ky-ket-hop-tac-12-1024x683.jpg 1024w, https:\/\/www.siet.vn\/wp-content\/uploads\/2022\/11\/anh-ky-ket-hop-tac-12-300x200.jpg 300w, https:\/\/www.siet.vn\/wp-content\/uploads\/2022\/11\/anh-ky-ket-hop-tac-12-768x512.jpg 768w, https:\/\/www.siet.vn\/wp-content\/uploads\/2022\/11\/anh-ky-ket-hop-tac-12-1536x1025.jpg 1536w, https:\/\/www.siet.vn\/wp-content\/uploads\/2022\/11\/anh-ky-ket-hop-tac-12-2048x1366.jpg 2048w, https:\/\/www.siet.vn\/wp-content\/uploads\/2022\/11\/anh-ky-ket-hop-tac-12-900x600.jpg 900w, https:\/\/www.siet.vn\/wp-content\/uploads\/2022\/11\/anh-ky-ket-hop-tac-12-600x400.jpg 600w\" sizes=\"auto, (max-width: 1024px) 100vw, 1024px\" \/><br \/>\nThe Institute SIET\u2019s mission is gathering and arousing the intellectual abilities and resources of scientists and technology scientists, managers and entrepreneurs in order to improve the capacity of research, application, consultation and transfer of advances science and technology; strengthen the organization of short-term training programs to meet the needs of enterprises in accessing science and technology programs; transferring \nnew technology applications to businesses in order to create new products with increased technological content.<\/p>\n<p><img loading=\"lazy\" decoding=\"async\" class=\"aligncenter wp-image-7348 size-full\" src=\"http:\/\/siet.vn\/wp-content\/uploads\/2022\/11\/36c.png\" alt=\"\" width=\"980\" height=\"653\" srcset=\"https:\/\/www.siet.vn\/wp-content\/uploads\/2022\/11\/36c.png 980w, https:\/\/www.siet.vn\/wp-content\/uploads\/2022\/11\/36c-300x200.png 300w, https:\/\/www.siet.vn\/wp-content\/uploads\/2022\/11\/36c-768x512.png 768w, https:\/\/www.siet.vn\/wp-content\/uploads\/2022\/11\/36c-900x600.png 900w, https:\/\/www.siet.vn\/wp-content\/uploads\/2022\/11\/36c-600x400.png 600w\" sizes=\"auto, (max-width: 980px) 100vw, 980px\" \/><\/p>","protected":false},"excerpt":{"rendered":"<p>Ho\u1ea1t \u0111\u1ed9ng \u0111\u1ed5i m\u1edbi s\u00e1ng t\u1ea1o, chuy\u1ec3n giao c\u00f4ng ngh\u1ec7, chuy\u1ec3n \u0111\u1ed5i s\u1ed1, ph\u00e1t tri\u1ec3n h\u1ec7 th\u1ed1ng tr\u00ed th\u00f4ng minh nh\u00e2n t\u1ea1o trong c\u00e1c quy tr\u00ecnh s\u1ea3n xu\u1ea5t, qu\u1ea3n l\u00fd nh\u1eb1m t\u0103ng hi\u1ec7u qu\u1ea3 v\u1eadn h\u00e0nh v\u00e0 n\u00e2ng cao ch\u1ea5t l\u01b0\u1ee3ng s\u1ea3n ph\u1ea9m, b\u1ea3o h\u1ed9 quy\u1ec1n s\u1edf h\u1eefu tr\u00ed tu\u1ec7 v\u00e0 n\u0103ng su\u1ea5t ch\u1ea5t l\u01b0\u1ee3ng<\/p>","protected":false},"author":1,"featured_media":0,"parent":0,"menu_order":0,"comment_status":"closed","ping_status":"closed","template":"","meta":{"footnotes":""},"class_list":["post-7412","page","type-page","status-publish","hentry"],"yoast_head":"<!-- This site is optimized with the Yoast SEO plugin v20.2 - https:\/\/yoast.com\/wordpress\/plugins\/seo\/ -->\n<title>\u0110A\u0300O TA\u0323O &amp; HU\u00c2\u0301N LUY\u00ca\u0323N - Vi\u1ec7n Kinh T\u1ebf v\u00e0 C\u00f4ng Ngh\u1ec7 - SIET<\/title>\n<meta name=\"robots\" content=\"index, follow, max-snippet:-1, max-image-preview:large, max-video-preview:-1\" \/>\n<link rel=\"canonical\" href=\"https:\/\/www.siet.vn\/en\/dao-tao-huan-luyen\" \/>\n<meta property=\"og:locale\" content=\"en_US\" \/>\n<meta property=\"og:type\" content=\"article\" \/>\n<meta property=\"og:title\" content=\"\u0110A\u0300O TA\u0323O &amp; HU\u00c2\u0301N LUY\u00ca\u0323N - Vi\u1ec7n Kinh T\u1ebf v\u00e0 C\u00f4ng Ngh\u1ec7 - SIET\" \/>\n<meta property=\"og:description\" content=\"Ho\u1ea1t \u0111\u1ed9ng \u0111\u1ed5i m\u1edbi s\u00e1ng t\u1ea1o, chuy\u1ec3n giao c\u00f4ng ngh\u1ec7, chuy\u1ec3n \u0111\u1ed5i s\u1ed1, ph\u00e1t tri\u1ec3n h\u1ec7 th\u1ed1ng tr\u00ed th\u00f4ng minh nh\u00e2n t\u1ea1o trong c\u00e1c quy tr\u00ecnh s\u1ea3n xu\u1ea5t, qu\u1ea3n l\u00fd nh\u1eb1m t\u0103ng hi\u1ec7u qu\u1ea3 v\u1eadn h\u00e0nh v\u00e0 n\u00e2ng cao ch\u1ea5t l\u01b0\u1ee3ng s\u1ea3n ph\u1ea9m, b\u1ea3o h\u1ed9 quy\u1ec1n s\u1edf h\u1eefu tr\u00ed tu\u1ec7 v\u00e0 n\u0103ng su\u1ea5t ch\u1ea5t l\u01b0\u1ee3ng\" \/>\n<meta property=\"og:url\" content=\"https:\/\/www.siet.vn\/en\/dao-tao-huan-luyen\" \/>\n<meta property=\"og:site_name\" content=\"Vi\u1ec7n Kinh T\u1ebf v\u00e0 C\u00f4ng Ngh\u1ec7 - SIET\" \/>\n<meta property=\"article:publisher\" content=\"https:\/\/www.facebook.com\/siet.vn\" \/>\n<meta property=\"article:modified_time\" content=\"2022-11-10T05:02:38+00:00\" \/>\n<meta property=\"og:image\" content=\"http:\/\/siet.vn\/wp-content\/uploads\/2022\/11\/SIET3.png\" \/>\n<meta name=\"twitter:card\" content=\"summary_large_image\" \/>\n<meta name=\"twitter:label1\" content=\"Est. reading time\" \/>\n\t<meta name=\"twitter:data1\" content=\"2 minutes\" \/>\n<script type=\"application\/ld+json\" class=\"yoast-schema-graph\">{\"@context\":\"https:\/\/schema.org\",\"@graph\":[{\"@type\":\"WebPage\",\"@id\":\"https:\/\/www.siet.vn\/en\/dao-tao-huan-luyen\",\"url\":\"https:\/\/www.siet.vn\/en\/dao-tao-huan-luyen\",\"name\":\"\u0110A\u0300O TA\u0323O & HU\u00c2\u0301N LUY\u00ca\u0323N - Vi\u1ec7n Kinh T\u1ebf v\u00e0 C\u00f4ng Ngh\u1ec7 - SIET\",\"isPartOf\":{\"@id\":\"https:\/\/www.siet.vn\/en\/#website\"},\"datePublished\":\"2022-11-09T09:23:07+00:00\",\"dateModified\":\"2022-11-10T05:02:38+00:00\",\"breadcrumb\":{\"@id\":\"https:\/\/www.siet.vn\/en\/dao-tao-huan-luyen#breadcrumb\"},\"inLanguage\":\"en-US\",\"potentialAction\":[{\"@type\":\"ReadAction\",\"target\":[\"https:\/\/www.siet.vn\/en\/dao-tao-huan-luyen\"]}]},{\"@type\":\"BreadcrumbList\",\"@id\":\"https:\/\/www.siet.vn\/en\/dao-tao-huan-luyen#breadcrumb\",\"itemListElement\":[{\"@type\":\"ListItem\",\"position\":1,\"name\":\"Trang ch\u1ee7\",\"item\":\"https:\/\/www.siet.vn\/\"},{\"@type\":\"ListItem\",\"position\":2,\"name\":\"\u0110A\u0300O TA\u0323O &#038; HU\u00c2\u0301N LUY\u00ca\u0323N\"}]},{\"@type\":\"WebSite\",\"@id\":\"https:\/\/www.siet.vn\/en\/#website\",\"url\":\"https:\/\/www.siet.vn\/en\/\",\"name\":\"Vi\u1ec7n Kinh T\u1ebf v\u00e0 C\u00f4ng Ngh\u1ec7 - SIET\",\"description\":\"Vi\u1ec7n Nghi\u00ean C\u1ee9u &amp; \u1ee8ng D\u1ee5ng\",\"publisher\":{\"@id\":\"https:\/\/www.siet.vn\/en\/#organization\"},\"potentialAction\":[{\"@type\":\"SearchAction\",\"target\":{\"@type\":\"EntryPoint\",\"urlTemplate\":\"https:\/\/www.siet.vn\/en\/?s={search_term_string}\"},\"query-input\":\"required name=search_term_string\"}],\"inLanguage\":\"en-US\"},{\"@type\":\"Organization\",\"@id\":\"https:\/\/www.siet.vn\/en\/#organization\",\"name\":\"Vi\u1ec7n Kinh T\u1ebf v\u00e0 C\u00f4ng Ngh\u1ec7 - SIET\",\"url\":\"https:\/\/www.siet.vn\/en\/\",\"logo\":{\"@type\":\"ImageObject\",\"inLanguage\":\"en-US\",\"@id\":\"https:\/\/www.siet.vn\/en\/#\/schema\/logo\/image\/\",\"url\":\"https:\/\/www.siet.vn\/wp-content\/uploads\/2022\/09\/siet-1.png\",\"contentUrl\":\"https:\/\/www.siet.vn\/wp-content\/uploads\/2022\/09\/siet-1.png\",\"width\":463,\"height\":313,\"caption\":\"Vi\u1ec7n Kinh T\u1ebf v\u00e0 C\u00f4ng Ngh\u1ec7 - SIET\"},\"image\":{\"@id\":\"https:\/\/www.siet.vn\/en\/#\/schema\/logo\/image\/\"},\"sameAs\":[\"https:\/\/www.facebook.com\/siet.vn\"]}]}<\/script>\n<!-- \/ Yoast SEO plugin. -->","yoast_head_json":{"title":"\u0110A\u0300O TA\u0323O & HU\u00c2\u0301N LUY\u00ca\u0323N - Vi\u1ec7n Kinh T\u1ebf v\u00e0 C\u00f4ng Ngh\u1ec7 - SIET","robots":{"index":"index","follow":"follow","max-snippet":"max-snippet:-1","max-image-preview":"max-image-preview:large","max-video-preview":"max-video-preview:-1"},"canonical":"https:\/\/www.siet.vn\/en\/dao-tao-huan-luyen","og_locale":"en_US","og_type":"article","og_title":"\u0110A\u0300O TA\u0323O & HU\u00c2\u0301N LUY\u00ca\u0323N - Vi\u1ec7n Kinh T\u1ebf v\u00e0 C\u00f4ng Ngh\u1ec7 - SIET","og_description":"Ho\u1ea1t \u0111\u1ed9ng \u0111\u1ed5i m\u1edbi s\u00e1ng t\u1ea1o, chuy\u1ec3n giao c\u00f4ng ngh\u1ec7, chuy\u1ec3n \u0111\u1ed5i s\u1ed1, ph\u00e1t tri\u1ec3n h\u1ec7 th\u1ed1ng tr\u00ed th\u00f4ng minh nh\u00e2n t\u1ea1o trong c\u00e1c quy tr\u00ecnh s\u1ea3n xu\u1ea5t, qu\u1ea3n l\u00fd nh\u1eb1m t\u0103ng hi\u1ec7u qu\u1ea3 v\u1eadn h\u00e0nh v\u00e0 n\u00e2ng cao ch\u1ea5t l\u01b0\u1ee3ng s\u1ea3n ph\u1ea9m, b\u1ea3o h\u1ed9 quy\u1ec1n s\u1edf h\u1eefu tr\u00ed tu\u1ec7 v\u00e0 n\u0103ng su\u1ea5t ch\u1ea5t l\u01b0\u1ee3ng","og_url":"https:\/\/www.siet.vn\/en\/dao-tao-huan-luyen","og_site_name":"Vi\u1ec7n Kinh T\u1ebf v\u00e0 C\u00f4ng Ngh\u1ec7 - SIET","article_publisher":"https:\/\/www.facebook.com\/siet.vn","article_modified_time":"2022-11-10T05:02:38+00:00","og_image":[{"url":"http:\/\/siet.vn\/wp-content\/uploads\/2022\/11\/SIET3.png"}],"twitter_card":"summary_large_image","twitter_misc":{"Est. reading time":"2 minutes"},"schema":{"@context":"https:\/\/schema.org","@graph":[{"@type":"WebPage","@id":"https:\/\/www.siet.vn\/en\/dao-tao-huan-luyen","url":"https:\/\/www.siet.vn\/en\/dao-tao-huan-luyen","name":"\u0110A\u0300O TA\u0323O & HU\u00c2\u0301N LUY\u00ca\u0323N - Vi\u1ec7n Kinh T\u1ebf v\u00e0 C\u00f4ng Ngh\u1ec7 - SIET","isPartOf":{"@id":"https:\/\/www.siet.vn\/en\/#website"},"datePublished":"2022-11-09T09:23:07+00:00","dateModified":"2022-11-10T05:02:38+00:00","breadcrumb":{"@id":"https:\/\/www.siet.vn\/en\/dao-tao-huan-luyen#breadcrumb"},"inLanguage":"en-US","potentialAction":[{"@type":"ReadAction","target":["https:\/\/www.siet.vn\/en\/dao-tao-huan-luyen"]}]},{"@type":"BreadcrumbList","@id":"https:\/\/www.siet.vn\/en\/dao-tao-huan-luyen#breadcrumb","itemListElement":[{"@type":"ListItem","position":1,"name":"Trang ch\u1ee7","item":"https:\/\/www.siet.vn\/"},{"@type":"ListItem","position":2,"name":"\u0110A\u0300O TA\u0323O &#038; HU\u00c2\u0301N LUY\u00ca\u0323N"}]},{"@type":"WebSite","@id":"https:\/\/www.siet.vn\/en\/#website","url":"https:\/\/www.siet.vn\/en\/","name":"Vi\u1ec7n Kinh T\u1ebf v\u00e0 C\u00f4ng Ngh\u1ec7 - SIET","description":"Vi\u1ec7n Nghi\u00ean C\u1ee9u &amp; \u1ee8ng D\u1ee5ng","publisher":{"@id":"https:\/\/www.siet.vn\/en\/#organization"},"potentialAction":[{"@type":"SearchAction","target":{"@type":"EntryPoint","urlTemplate":"https:\/\/www.siet.vn\/en\/?s={search_term_string}"},"query-input":"required name=search_term_string"}],"inLanguage":"en-US"},{"@type":"Organization","@id":"https:\/\/www.siet.vn\/en\/#organization","name":"Vi\u1ec7n Kinh T\u1ebf v\u00e0 C\u00f4ng Ngh\u1ec7 - SIET","url":"https:\/\/www.siet.vn\/en\/","logo":{"@type":"ImageObject","inLanguage":"en-US","@id":"https:\/\/www.siet.vn\/en\/#\/schema\/logo\/image\/","url":"https:\/\/www.siet.vn\/wp-content\/uploads\/2022\/09\/siet-1.png","contentUrl":"https:\/\/www.siet.vn\/wp-content\/uploads\/2022\/09\/siet-1.png","width":463,"height":313,"caption":"Vi\u1ec7n Kinh T\u1ebf v\u00e0 C\u00f4ng Ngh\u1ec7 - SIET"},"image":{"@id":"https:\/\/www.siet.vn\/en\/#\/schema\/logo\/image\/"},"sameAs":["https:\/\/www.facebook.com\/siet.vn"]}]}},"_links":{"self":[{"href":"https:\/\/www.siet.vn\/en\/wp-json\/wp\/v2\/pages\/7412","targetHints":{"allow":["GET"]}}],"collection":[{"href":"https:\/\/www.siet.vn\/en\/wp-json\/wp\/v2\/pages"}],"about":[{"href":"https:\/\/www.siet.vn\/en\/wp-json\/wp\/v2\/types\/page"}],"author":[{"embeddable":true,"href":"https:\/\/www.siet.vn\/en\/wp-json\/wp\/v2\/users\/1"}],"replies":[{"embeddable":true,"href":"https:\/\/www.siet.vn\/en\/wp-json\/wp\/v2\/comments?post=7412"}],"version-history":[{"count":2,"href":"https:\/\/www.siet.vn\/en\/wp-json\/wp\/v2\/pages\/7412\/revisions"}],"predecessor-version":[{"id":7501,"href":"https:\/\/www.siet.vn\/en\/wp-json\/wp\/v2\/pages\/7412\/revisions\/7501"}],"wp:attachment":[{"href":"https:\/\/www.siet.vn\/en\/wp-json\/wp\/v2\/media?parent=7412"}],"curies":[{"name":"wp","href":"https:\/\/api.w.org\/{rel}","templated":true}]}}