{"id":7410,"date":"2022-11-09T09:21:10","date_gmt":"2022-11-09T09:21:10","guid":{"rendered":"http:\/\/siet.vn\/?page_id=7410"},"modified":"2022-12-19T09:27:56","modified_gmt":"2022-12-19T02:27:56","slug":"hop-tac-chuyen-giao","status":"publish","type":"page","link":"https:\/\/www.siet.vn\/en\/hop-tac-chuyen-giao","title":{"rendered":"COOPERATION &amp; TRANSFER"},"content":{"rendered":"<p><strong>COOPERATION, TRAINING LINKS AND WORKSHOP ORGANIZATION<\/strong><\/p>\n<p>The Institute of Economics and Technology (SIET) is prioritizing human resource development, especially high-quality human resources; developing human resources for leadership, management and key fields on the basis of improving and creating a strong, comprehensive and fundamental change in the quality of education as well as training associated with the recruitment mechanisms, use and treat talents, promoting research, transfering, applicating and strongly developing science - technology and innovation.\nThe Institute SIET conducts research and facilitates collaboration between scientific units, universities, institutes, organizations, and scientific experts both in Viet Nam and abroad another countries( US-UK, Australia, Singapore,..):<\/p>\n<p><img loading=\"lazy\" decoding=\"async\" class=\"wp-image-7528 size-full aligncenter\" src=\"http:\/\/siet.vn\/wp-content\/uploads\/2022\/12\/ff259c1357e8c1f9df8d2ed7244fc564-2.jpg\" alt=\"\" width=\"564\" height=\"376\" srcset=\"https:\/\/www.siet.vn\/wp-content\/uploads\/2022\/12\/ff259c1357e8c1f9df8d2ed7244fc564-2.jpg 564w, https:\/\/www.siet.vn\/wp-content\/uploads\/2022\/12\/ff259c1357e8c1f9df8d2ed7244fc564-2-300x200.jpg 300w, https:\/\/www.siet.vn\/wp-content\/uploads\/2022\/12\/ff259c1357e8c1f9df8d2ed7244fc564-2-18x12.jpg 18w\" sizes=\"auto, (max-width: 564px) 100vw, 564px\" \/><\/p>\n<p>The Institute conducts research activities and links between scientific units, universities, institutes, organizations and scientific experts at home and abroad:<\/p>\n<ul>\n<li>Cooperate and link experts and organizations to carry out consulting, training, coaching and transfer programs in the field of science and technology to serve the needs of economic development.<\/li>\n<li>Cooperation in organizing science and technology conferences.<\/li>\n<\/ul>\n<p>The Institute promotes research, application transfer and coordination among scientific, educational, training and consulting units in basic research, commercialization, fundraising and pilot research development, etc. practical production into life, contributing to increasing the efficiency of production and business activities and promoting commercial development.<\/p>\n<p><img loading=\"lazy\" decoding=\"async\" class=\"wp-image-7532 size-full aligncenter\" src=\"http:\/\/siet.vn\/wp-content\/uploads\/2022\/12\/6137fc563c6baf241bcdf3caa211e5cb.jpg\" alt=\"\" width=\"564\" height=\"376\" srcset=\"https:\/\/www.siet.vn\/wp-content\/uploads\/2022\/12\/6137fc563c6baf241bcdf3caa211e5cb.jpg 564w, https:\/\/www.siet.vn\/wp-content\/uploads\/2022\/12\/6137fc563c6baf241bcdf3caa211e5cb-300x200.jpg 300w, https:\/\/www.siet.vn\/wp-content\/uploads\/2022\/12\/6137fc563c6baf241bcdf3caa211e5cb-18x12.jpg 18w\" sizes=\"auto, (max-width: 564px) 100vw, 564px\" \/><\/p>\n<p>The Institute SIET has gathered a team of economic, scientific and technological staff inside and outside Viet Nam for research, economic development, technological innovation as well as consulting, training, organizing conferences, transfer seminars in the field of economics and technology. Always a place to train good business managers, a reliable consulting center for businesses and economic sectors, to participate in the economic development process, to bring the country into the knowledge economy and international integration.<\/p>","protected":false},"excerpt":{"rendered":"<p>H\u1ee2P T\u00c1C, LI\u00caN K\u1ebeT \u0110\u00c0O T\u1ea0O V\u00c0 T\u1ed4 CH\u1ee8C H\u1ed8I TH\u1ea2O Vi\u00ea\u0323n Kinh T\u00ea\u0301 &amp; C\u00f4ng Ngh\u00ea\u0323 lu\u00f4n \u01b0u ti\u00ean ph\u00e1t tri\u1ec3n ngu\u1ed3n nh\u00e2n l\u1ef1c, nh\u1ea5t l\u00e0 ngu\u1ed3n nh\u00e2n l\u1ef1c ch\u1ea5t l\u01b0\u1ee3ng cao; ph\u00e1t tri\u1ec3n ngu\u1ed3n nh\u00e2n l\u1ef1c cho c\u00f4ng t\u00e1c l\u00e3nh \u0111\u1ea1o, qu\u1ea3n l\u00fd v\u00e0 c\u00e1c l\u0129nh v\u1ef1c then ch\u1ed1t tr\u00ean c\u01a1 s\u1edf n\u00e2ng<\/p>","protected":false},"author":1,"featured_media":0,"parent":0,"menu_order":0,"comment_status":"closed","ping_status":"closed","template":"","meta":{"footnotes":""},"class_list":["post-7410","page","type-page","status-publish","hentry"],"yoast_head":"<!-- This site is optimized with the Yoast SEO plugin v20.2 - https:\/\/yoast.com\/wordpress\/plugins\/seo\/ -->\n<title>H\u01a0\u0323P TA\u0301C &amp; CHUY\u00ca\u0309N GIAO - Vi\u1ec7n Kinh T\u1ebf v\u00e0 C\u00f4ng Ngh\u1ec7 - SIET<\/title>\n<meta name=\"robots\" content=\"index, follow, max-snippet:-1, max-image-preview:large, max-video-preview:-1\" \/>\n<link rel=\"canonical\" href=\"https:\/\/www.siet.vn\/en\/hop-tac-chuyen-giao\" \/>\n<meta property=\"og:locale\" content=\"en_US\" \/>\n<meta property=\"og:type\" content=\"article\" \/>\n<meta property=\"og:title\" content=\"H\u01a0\u0323P TA\u0301C &amp; CHUY\u00ca\u0309N GIAO - Vi\u1ec7n Kinh T\u1ebf v\u00e0 C\u00f4ng Ngh\u1ec7 - SIET\" \/>\n<meta property=\"og:description\" content=\"H\u1ee2P T\u00c1C, LI\u00caN K\u1ebeT \u0110\u00c0O T\u1ea0O V\u00c0 T\u1ed4 CH\u1ee8C H\u1ed8I TH\u1ea2O Vi\u00ea\u0323n Kinh T\u00ea\u0301 &amp; C\u00f4ng Ngh\u00ea\u0323 lu\u00f4n \u01b0u ti\u00ean ph\u00e1t tri\u1ec3n ngu\u1ed3n nh\u00e2n l\u1ef1c, nh\u1ea5t l\u00e0 ngu\u1ed3n nh\u00e2n l\u1ef1c ch\u1ea5t l\u01b0\u1ee3ng cao; ph\u00e1t tri\u1ec3n ngu\u1ed3n nh\u00e2n l\u1ef1c cho c\u00f4ng t\u00e1c l\u00e3nh \u0111\u1ea1o, qu\u1ea3n l\u00fd v\u00e0 c\u00e1c l\u0129nh v\u1ef1c then ch\u1ed1t tr\u00ean c\u01a1 s\u1edf n\u00e2ng\" \/>\n<meta property=\"og:url\" content=\"https:\/\/www.siet.vn\/en\/hop-tac-chuyen-giao\" \/>\n<meta property=\"og:site_name\" content=\"Vi\u1ec7n Kinh T\u1ebf v\u00e0 C\u00f4ng Ngh\u1ec7 - SIET\" \/>\n<meta property=\"article:publisher\" content=\"https:\/\/www.facebook.com\/siet.vn\" \/>\n<meta property=\"article:modified_time\" content=\"2022-12-19T02:27:56+00:00\" \/>\n<meta property=\"og:image\" content=\"http:\/\/siet.vn\/wp-content\/uploads\/2022\/12\/ff259c1357e8c1f9df8d2ed7244fc564-2.jpg\" \/>\n<meta name=\"twitter:card\" content=\"summary_large_image\" \/>\n<meta name=\"twitter:label1\" content=\"Est. reading time\" \/>\n\t<meta name=\"twitter:data1\" content=\"3 minutes\" \/>\n<script type=\"application\/ld+json\" class=\"yoast-schema-graph\">{\"@context\":\"https:\/\/schema.org\",\"@graph\":[{\"@type\":\"WebPage\",\"@id\":\"https:\/\/www.siet.vn\/en\/hop-tac-chuyen-giao\",\"url\":\"https:\/\/www.siet.vn\/en\/hop-tac-chuyen-giao\",\"name\":\"H\u01a0\u0323P TA\u0301C & CHUY\u00ca\u0309N GIAO - Vi\u1ec7n Kinh T\u1ebf v\u00e0 C\u00f4ng Ngh\u1ec7 - SIET\",\"isPartOf\":{\"@id\":\"https:\/\/www.siet.vn\/en\/#website\"},\"datePublished\":\"2022-11-09T09:21:10+00:00\",\"dateModified\":\"2022-12-19T02:27:56+00:00\",\"breadcrumb\":{\"@id\":\"https:\/\/www.siet.vn\/en\/hop-tac-chuyen-giao#breadcrumb\"},\"inLanguage\":\"en-US\",\"potentialAction\":[{\"@type\":\"ReadAction\",\"target\":[\"https:\/\/www.siet.vn\/en\/hop-tac-chuyen-giao\"]}]},{\"@type\":\"BreadcrumbList\",\"@id\":\"https:\/\/www.siet.vn\/en\/hop-tac-chuyen-giao#breadcrumb\",\"itemListElement\":[{\"@type\":\"ListItem\",\"position\":1,\"name\":\"Trang ch\u1ee7\",\"item\":\"https:\/\/www.siet.vn\/\"},{\"@type\":\"ListItem\",\"position\":2,\"name\":\"H\u01a0\u0323P TA\u0301C &#038; CHUY\u00ca\u0309N GIAO\"}]},{\"@type\":\"WebSite\",\"@id\":\"https:\/\/www.siet.vn\/en\/#website\",\"url\":\"https:\/\/www.siet.vn\/en\/\",\"name\":\"Vi\u1ec7n Kinh T\u1ebf v\u00e0 C\u00f4ng Ngh\u1ec7 - SIET\",\"description\":\"Vi\u1ec7n Nghi\u00ean C\u1ee9u &amp; \u1ee8ng D\u1ee5ng\",\"publisher\":{\"@id\":\"https:\/\/www.siet.vn\/en\/#organization\"},\"potentialAction\":[{\"@type\":\"SearchAction\",\"target\":{\"@type\":\"EntryPoint\",\"urlTemplate\":\"https:\/\/www.siet.vn\/en\/?s={search_term_string}\"},\"query-input\":\"required name=search_term_string\"}],\"inLanguage\":\"en-US\"},{\"@type\":\"Organization\",\"@id\":\"https:\/\/www.siet.vn\/en\/#organization\",\"name\":\"Vi\u1ec7n Kinh T\u1ebf v\u00e0 C\u00f4ng Ngh\u1ec7 - SIET\",\"url\":\"https:\/\/www.siet.vn\/en\/\",\"logo\":{\"@type\":\"ImageObject\",\"inLanguage\":\"en-US\",\"@id\":\"https:\/\/www.siet.vn\/en\/#\/schema\/logo\/image\/\",\"url\":\"https:\/\/www.siet.vn\/wp-content\/uploads\/2022\/09\/siet-1.png\",\"contentUrl\":\"https:\/\/www.siet.vn\/wp-content\/uploads\/2022\/09\/siet-1.png\",\"width\":463,\"height\":313,\"caption\":\"Vi\u1ec7n Kinh T\u1ebf v\u00e0 C\u00f4ng Ngh\u1ec7 - SIET\"},\"image\":{\"@id\":\"https:\/\/www.siet.vn\/en\/#\/schema\/logo\/image\/\"},\"sameAs\":[\"https:\/\/www.facebook.com\/siet.vn\"]}]}<\/script>\n<!-- \/ Yoast SEO plugin. -->","yoast_head_json":{"title":"H\u01a0\u0323P TA\u0301C & CHUY\u00ca\u0309N GIAO - Vi\u1ec7n Kinh T\u1ebf v\u00e0 C\u00f4ng Ngh\u1ec7 - SIET","robots":{"index":"index","follow":"follow","max-snippet":"max-snippet:-1","max-image-preview":"max-image-preview:large","max-video-preview":"max-video-preview:-1"},"canonical":"https:\/\/www.siet.vn\/en\/hop-tac-chuyen-giao","og_locale":"en_US","og_type":"article","og_title":"H\u01a0\u0323P TA\u0301C & CHUY\u00ca\u0309N GIAO - Vi\u1ec7n Kinh T\u1ebf v\u00e0 C\u00f4ng Ngh\u1ec7 - SIET","og_description":"H\u1ee2P T\u00c1C, LI\u00caN K\u1ebeT \u0110\u00c0O T\u1ea0O V\u00c0 T\u1ed4 CH\u1ee8C H\u1ed8I TH\u1ea2O Vi\u00ea\u0323n Kinh T\u00ea\u0301 &amp; C\u00f4ng Ngh\u00ea\u0323 lu\u00f4n \u01b0u ti\u00ean ph\u00e1t tri\u1ec3n ngu\u1ed3n nh\u00e2n l\u1ef1c, nh\u1ea5t l\u00e0 ngu\u1ed3n nh\u00e2n l\u1ef1c ch\u1ea5t l\u01b0\u1ee3ng cao; ph\u00e1t tri\u1ec3n ngu\u1ed3n nh\u00e2n l\u1ef1c cho c\u00f4ng t\u00e1c l\u00e3nh \u0111\u1ea1o, qu\u1ea3n l\u00fd v\u00e0 c\u00e1c l\u0129nh v\u1ef1c then ch\u1ed1t tr\u00ean c\u01a1 s\u1edf n\u00e2ng","og_url":"https:\/\/www.siet.vn\/en\/hop-tac-chuyen-giao","og_site_name":"Vi\u1ec7n Kinh T\u1ebf v\u00e0 C\u00f4ng Ngh\u1ec7 - SIET","article_publisher":"https:\/\/www.facebook.com\/siet.vn","article_modified_time":"2022-12-19T02:27:56+00:00","og_image":[{"url":"http:\/\/siet.vn\/wp-content\/uploads\/2022\/12\/ff259c1357e8c1f9df8d2ed7244fc564-2.jpg"}],"twitter_card":"summary_large_image","twitter_misc":{"Est. reading time":"3 minutes"},"schema":{"@context":"https:\/\/schema.org","@graph":[{"@type":"WebPage","@id":"https:\/\/www.siet.vn\/en\/hop-tac-chuyen-giao","url":"https:\/\/www.siet.vn\/en\/hop-tac-chuyen-giao","name":"H\u01a0\u0323P TA\u0301C & CHUY\u00ca\u0309N GIAO - Vi\u1ec7n Kinh T\u1ebf v\u00e0 C\u00f4ng Ngh\u1ec7 - SIET","isPartOf":{"@id":"https:\/\/www.siet.vn\/en\/#website"},"datePublished":"2022-11-09T09:21:10+00:00","dateModified":"2022-12-19T02:27:56+00:00","breadcrumb":{"@id":"https:\/\/www.siet.vn\/en\/hop-tac-chuyen-giao#breadcrumb"},"inLanguage":"en-US","potentialAction":[{"@type":"ReadAction","target":["https:\/\/www.siet.vn\/en\/hop-tac-chuyen-giao"]}]},{"@type":"BreadcrumbList","@id":"https:\/\/www.siet.vn\/en\/hop-tac-chuyen-giao#breadcrumb","itemListElement":[{"@type":"ListItem","position":1,"name":"Trang ch\u1ee7","item":"https:\/\/www.siet.vn\/"},{"@type":"ListItem","position":2,"name":"H\u01a0\u0323P TA\u0301C &#038; CHUY\u00ca\u0309N GIAO"}]},{"@type":"WebSite","@id":"https:\/\/www.siet.vn\/en\/#website","url":"https:\/\/www.siet.vn\/en\/","name":"Vi\u1ec7n Kinh T\u1ebf v\u00e0 C\u00f4ng Ngh\u1ec7 - SIET","description":"Vi\u1ec7n Nghi\u00ean C\u1ee9u &amp; \u1ee8ng D\u1ee5ng","publisher":{"@id":"https:\/\/www.siet.vn\/en\/#organization"},"potentialAction":[{"@type":"SearchAction","target":{"@type":"EntryPoint","urlTemplate":"https:\/\/www.siet.vn\/en\/?s={search_term_string}"},"query-input":"required name=search_term_string"}],"inLanguage":"en-US"},{"@type":"Organization","@id":"https:\/\/www.siet.vn\/en\/#organization","name":"Vi\u1ec7n Kinh T\u1ebf v\u00e0 C\u00f4ng Ngh\u1ec7 - SIET","url":"https:\/\/www.siet.vn\/en\/","logo":{"@type":"ImageObject","inLanguage":"en-US","@id":"https:\/\/www.siet.vn\/en\/#\/schema\/logo\/image\/","url":"https:\/\/www.siet.vn\/wp-content\/uploads\/2022\/09\/siet-1.png","contentUrl":"https:\/\/www.siet.vn\/wp-content\/uploads\/2022\/09\/siet-1.png","width":463,"height":313,"caption":"Vi\u1ec7n Kinh T\u1ebf v\u00e0 C\u00f4ng Ngh\u1ec7 - SIET"},"image":{"@id":"https:\/\/www.siet.vn\/en\/#\/schema\/logo\/image\/"},"sameAs":["https:\/\/www.facebook.com\/siet.vn"]}]}},"_links":{"self":[{"href":"https:\/\/www.siet.vn\/en\/wp-json\/wp\/v2\/pages\/7410","targetHints":{"allow":["GET"]}}],"collection":[{"href":"https:\/\/www.siet.vn\/en\/wp-json\/wp\/v2\/pages"}],"about":[{"href":"https:\/\/www.siet.vn\/en\/wp-json\/wp\/v2\/types\/page"}],"author":[{"embeddable":true,"href":"https:\/\/www.siet.vn\/en\/wp-json\/wp\/v2\/users\/1"}],"replies":[{"embeddable":true,"href":"https:\/\/www.siet.vn\/en\/wp-json\/wp\/v2\/comments?post=7410"}],"version-history":[{"count":4,"href":"https:\/\/www.siet.vn\/en\/wp-json\/wp\/v2\/pages\/7410\/revisions"}],"predecessor-version":[{"id":7533,"href":"https:\/\/www.siet.vn\/en\/wp-json\/wp\/v2\/pages\/7410\/revisions\/7533"}],"wp:attachment":[{"href":"https:\/\/www.siet.vn\/en\/wp-json\/wp\/v2\/media?parent=7410"}],"curies":[{"name":"wp","href":"https:\/\/api.w.org\/{rel}","templated":true}]}}