{"id":7406,"date":"2022-11-09T06:48:16","date_gmt":"2022-11-09T06:48:16","guid":{"rendered":"http:\/\/siet.vn\/?page_id=7406"},"modified":"2023-06-19T11:20:02","modified_gmt":"2023-06-19T04:20:02","slug":"nghien-cuu-ung-dung","status":"publish","type":"page","link":"https:\/\/www.siet.vn\/en\/nghien-cuu-ung-dung","title":{"rendered":"APPLICATION RESEARCH"},"content":{"rendered":"<div data-elementor-type=\"wp-page\" data-elementor-id=\"7406\" class=\"elementor elementor-7406\">\n\t\t\t\t\t\t\t\t\t<section class=\"elementor-section elementor-top-section elementor-element elementor-element-371197ac elementor-section-boxed elementor-section-height-default elementor-section-height-default\" data-id=\"371197ac\" data-element_type=\"section\">\n\t\t\t\t\t\t<div class=\"elementor-container elementor-column-gap-default\">\n\t\t\t\t\t<div class=\"elementor-column elementor-col-100 elementor-top-column elementor-element elementor-element-42469be1\" data-id=\"42469be1\" data-element_type=\"column\">\n\t\t\t<div class=\"elementor-widget-wrap elementor-element-populated\">\n\t\t\t\t\t\t\t\t<div class=\"elementor-element elementor-element-5f1c8295 elementor-widget elementor-widget-text-editor\" data-id=\"5f1c8295\" data-element_type=\"widget\" data-widget_type=\"text-editor.default\">\n\t\t\t\t<div class=\"elementor-widget-container\">\n\t\t\t<style>\/*! elementor - v3.13.3 - 28-05-2023 *\/\n.elementor-widget-text-editor.elementor-drop-cap-view-stacked .elementor-drop-cap{background-color:#69727d;color:#fff}.elementor-widget-text-editor.elementor-drop-cap-view-framed .elementor-drop-cap{color:#69727d;border:3px solid;background-color:transparent}.elementor-widget-text-editor:not(.elementor-drop-cap-view-default) .elementor-drop-cap{margin-top:8px}.elementor-widget-text-editor:not(.elementor-drop-cap-view-default) .elementor-drop-cap-letter{width:1em;height:1em}.elementor-widget-text-editor .elementor-drop-cap{float:left;text-align:center;line-height:1;font-size:50px}.elementor-widget-text-editor .elementor-drop-cap-letter{display:inline-block}<\/style>\t\t\t\t<p>Institute of Economics and Technology <em>(<\/em><em>(abbreviated:<\/em><strong><em> SIET)<\/em><\/strong> is a science and technology organization under the Vietnam Union of Science and Technology Associations, established under Decision No. 629\/QD-LHHVN dated July 26, 2022 of the Vietnam Union of Science and Technology Associations<\/p>\n<p><img loading=\"lazy\" decoding=\"async\" class=\"wp-image-7517 size-full aligncenter\" src=\"http:\/\/siet.vn\/wp-content\/uploads\/2022\/12\/c1f023b2ad9585b8caaf19033222eae5.jpg\" alt=\"\" width=\"564\" height=\"349\" srcset=\"https:\/\/www.siet.vn\/wp-content\/uploads\/2022\/12\/c1f023b2ad9585b8caaf19033222eae5.jpg 564w, https:\/\/www.siet.vn\/wp-content\/uploads\/2022\/12\/c1f023b2ad9585b8caaf19033222eae5-300x186.jpg 300w, https:\/\/www.siet.vn\/wp-content\/uploads\/2022\/12\/c1f023b2ad9585b8caaf19033222eae5-18x12.jpg 18w\" sizes=\"auto, (max-width: 564px) 100vw, 564px\" \/><\/p>\n<p>As a result, the Institute of Economics and Technology is in charge of conducting scientific research and carrying out projects, tasks, and programs , especially as follows:<\/p>\n<ul>\n<li>Research and develop new technologies, improve existing technologies from previous research directions of enterprises and associated partners, focusing on the fields of technology, digital transformation and environmental friendliness;<\/li>\n<li>Training, transferring and franchising scientific and technological research results to organizations and individuals in need;<\/li>\n<li>Organize consulting activities, intellectual property registration services and seek opportunities for technology transfer.<\/li>\n<\/ul>\n<p>For research, economic development, and technology innovation as well as to serve and satisfy the development requirements of global economic and technological integration, the Institute has assembled a team of economic, scientific, and technological employees from both inside and outside the Institute SIET.<\/p>\n<p><img loading=\"lazy\" decoding=\"async\" class=\"aligncenter wp-image-7522\" src=\"http:\/\/siet.vn\/wp-content\/uploads\/2022\/12\/ff259c1357e8c1f9df8d2ed7244fc564-1.jpg\" alt=\"\" width=\"564\" height=\"376\" srcset=\"https:\/\/www.siet.vn\/wp-content\/uploads\/2022\/12\/ff259c1357e8c1f9df8d2ed7244fc564-1.jpg 564w, https:\/\/www.siet.vn\/wp-content\/uploads\/2022\/12\/ff259c1357e8c1f9df8d2ed7244fc564-1-300x200.jpg 300w, https:\/\/www.siet.vn\/wp-content\/uploads\/2022\/12\/ff259c1357e8c1f9df8d2ed7244fc564-1-18x12.jpg 18w\" sizes=\"auto, (max-width: 564px) 100vw, 564px\" \/><\/p>\n<p>The Institute of Economics and Technology (SIET) is a dependable resource for businesses and economic sectors seeking to hire competent managers, participate in economic development, and revitalize their nation. international integration and the knowledge economy.<\/p>\n\t\t\t\t\t\t<\/div>\n\t\t\t\t<\/div>\n\t\t\t\t\t<\/div>\n\t\t<\/div>\n\t\t\t\t\t\t\t<\/div>\n\t\t<\/section>\n\t\t\t\t\t\t\t<\/div>","protected":false},"excerpt":{"rendered":"<p>Vi\u1ec7n Kinh T\u1ebf v\u00e0 C\u00f4ng Ngh\u1ec7 (T\u00ean ti\u1ebfng Anh: Institute of Economics and Technology, vi\u1ebft t\u1eaft: SIET) l\u00e0 t\u1ed5 ch\u1ee9c khoa h\u1ecdc v\u00e0 c\u00f4ng ngh\u1ec7 thu\u1ed9c Li\u00ean Hi\u1ec7p c\u00e1c H\u1ed9i Khoa h\u1ecdc v\u00e0 k\u1ef9 thu\u1eadt Vi\u1ec7t Nam, \u0111\u01b0\u1ee3c th\u00e0nh l\u1eadp theo Quy\u1ebft \u0111\u1ecbnh s\u1ed1 629\/Q\u0110-LHHVN ng\u00e0y 26 th\u00e1ng 07 n\u0103m 2022 c\u1ee7a Li\u00ean Hi\u1ec7p c\u00e1c<\/p>","protected":false},"author":1,"featured_media":0,"parent":0,"menu_order":0,"comment_status":"closed","ping_status":"closed","template":"","meta":{"footnotes":""},"class_list":["post-7406","page","type-page","status-publish","hentry"],"yoast_head":"<!-- This site is optimized with the Yoast SEO plugin v20.2 - https:\/\/yoast.com\/wordpress\/plugins\/seo\/ -->\n<title>NGHI\u00caN C\u1ee8U \u1ee8NG D\u1ee4NG - Vi\u1ec7n Kinh T\u1ebf v\u00e0 C\u00f4ng Ngh\u1ec7 - SIET<\/title>\n<meta name=\"robots\" content=\"index, follow, max-snippet:-1, max-image-preview:large, max-video-preview:-1\" \/>\n<link rel=\"canonical\" href=\"https:\/\/www.siet.vn\/en\/nghien-cuu-ung-dung\/\" \/>\n<meta property=\"og:locale\" content=\"en_US\" \/>\n<meta property=\"og:type\" content=\"article\" \/>\n<meta property=\"og:title\" content=\"NGHI\u00caN C\u1ee8U \u1ee8NG D\u1ee4NG - Vi\u1ec7n Kinh T\u1ebf v\u00e0 C\u00f4ng Ngh\u1ec7 - SIET\" \/>\n<meta property=\"og:description\" content=\"Vi\u1ec7n Kinh T\u1ebf v\u00e0 C\u00f4ng Ngh\u1ec7 (T\u00ean ti\u1ebfng Anh: Institute of Economics and Technology, vi\u1ebft t\u1eaft: SIET) l\u00e0 t\u1ed5 ch\u1ee9c khoa h\u1ecdc v\u00e0 c\u00f4ng ngh\u1ec7 thu\u1ed9c Li\u00ean Hi\u1ec7p c\u00e1c H\u1ed9i Khoa h\u1ecdc v\u00e0 k\u1ef9 thu\u1eadt Vi\u1ec7t Nam, \u0111\u01b0\u1ee3c th\u00e0nh l\u1eadp theo Quy\u1ebft \u0111\u1ecbnh s\u1ed1 629\/Q\u0110-LHHVN ng\u00e0y 26 th\u00e1ng 07 n\u0103m 2022 c\u1ee7a Li\u00ean Hi\u1ec7p c\u00e1c\" \/>\n<meta property=\"og:url\" content=\"https:\/\/www.siet.vn\/en\/nghien-cuu-ung-dung\/\" \/>\n<meta property=\"og:site_name\" content=\"Vi\u1ec7n Kinh T\u1ebf v\u00e0 C\u00f4ng Ngh\u1ec7 - SIET\" \/>\n<meta property=\"article:publisher\" content=\"https:\/\/www.facebook.com\/siet.vn\" \/>\n<meta property=\"article:modified_time\" content=\"2023-06-19T04:20:02+00:00\" \/>\n<meta property=\"og:image\" content=\"http:\/\/siet.vn\/wp-content\/uploads\/2022\/12\/c1f023b2ad9585b8caaf19033222eae5.jpg\" \/>\n<meta name=\"twitter:card\" content=\"summary_large_image\" \/>\n<meta name=\"twitter:label1\" content=\"Est. reading time\" \/>\n\t<meta name=\"twitter:data1\" content=\"3 minutes\" \/>\n<script type=\"application\/ld+json\" class=\"yoast-schema-graph\">{\"@context\":\"https:\/\/schema.org\",\"@graph\":[{\"@type\":\"WebPage\",\"@id\":\"https:\/\/www.siet.vn\/nghien-cuu-ung-dung\",\"url\":\"https:\/\/www.siet.vn\/nghien-cuu-ung-dung\",\"name\":\"NGHI\u00caN C\u1ee8U \u1ee8NG D\u1ee4NG - Vi\u1ec7n Kinh T\u1ebf v\u00e0 C\u00f4ng Ngh\u1ec7 - SIET\",\"isPartOf\":{\"@id\":\"https:\/\/www.siet.vn\/en\/#website\"},\"datePublished\":\"2022-11-09T06:48:16+00:00\",\"dateModified\":\"2023-06-19T04:20:02+00:00\",\"breadcrumb\":{\"@id\":\"https:\/\/www.siet.vn\/nghien-cuu-ung-dung#breadcrumb\"},\"inLanguage\":\"en-US\",\"potentialAction\":[{\"@type\":\"ReadAction\",\"target\":[\"https:\/\/www.siet.vn\/nghien-cuu-ung-dung\"]}]},{\"@type\":\"BreadcrumbList\",\"@id\":\"https:\/\/www.siet.vn\/nghien-cuu-ung-dung#breadcrumb\",\"itemListElement\":[{\"@type\":\"ListItem\",\"position\":1,\"name\":\"Trang ch\u1ee7\",\"item\":\"https:\/\/www.siet.vn\/\"},{\"@type\":\"ListItem\",\"position\":2,\"name\":\"NGHI\u00caN C\u1ee8U \u1ee8NG D\u1ee4NG\"}]},{\"@type\":\"WebSite\",\"@id\":\"https:\/\/www.siet.vn\/en\/#website\",\"url\":\"https:\/\/www.siet.vn\/en\/\",\"name\":\"Vi\u1ec7n Kinh T\u1ebf v\u00e0 C\u00f4ng Ngh\u1ec7 - SIET\",\"description\":\"Vi\u1ec7n Nghi\u00ean C\u1ee9u &amp; \u1ee8ng D\u1ee5ng\",\"publisher\":{\"@id\":\"https:\/\/www.siet.vn\/en\/#organization\"},\"potentialAction\":[{\"@type\":\"SearchAction\",\"target\":{\"@type\":\"EntryPoint\",\"urlTemplate\":\"https:\/\/www.siet.vn\/en\/?s={search_term_string}\"},\"query-input\":\"required name=search_term_string\"}],\"inLanguage\":\"en-US\"},{\"@type\":\"Organization\",\"@id\":\"https:\/\/www.siet.vn\/en\/#organization\",\"name\":\"Vi\u1ec7n Kinh T\u1ebf v\u00e0 C\u00f4ng Ngh\u1ec7 - SIET\",\"url\":\"https:\/\/www.siet.vn\/en\/\",\"logo\":{\"@type\":\"ImageObject\",\"inLanguage\":\"en-US\",\"@id\":\"https:\/\/www.siet.vn\/en\/#\/schema\/logo\/image\/\",\"url\":\"https:\/\/www.siet.vn\/wp-content\/uploads\/2022\/09\/siet-1.png\",\"contentUrl\":\"https:\/\/www.siet.vn\/wp-content\/uploads\/2022\/09\/siet-1.png\",\"width\":463,\"height\":313,\"caption\":\"Vi\u1ec7n Kinh T\u1ebf v\u00e0 C\u00f4ng Ngh\u1ec7 - SIET\"},\"image\":{\"@id\":\"https:\/\/www.siet.vn\/en\/#\/schema\/logo\/image\/\"},\"sameAs\":[\"https:\/\/www.facebook.com\/siet.vn\"]}]}<\/script>\n<!-- \/ Yoast SEO plugin. -->","yoast_head_json":{"title":"NGHI\u00caN C\u1ee8U \u1ee8NG D\u1ee4NG - Vi\u1ec7n Kinh T\u1ebf v\u00e0 C\u00f4ng Ngh\u1ec7 - SIET","robots":{"index":"index","follow":"follow","max-snippet":"max-snippet:-1","max-image-preview":"max-image-preview:large","max-video-preview":"max-video-preview:-1"},"canonical":"https:\/\/www.siet.vn\/en\/nghien-cuu-ung-dung\/","og_locale":"en_US","og_type":"article","og_title":"NGHI\u00caN C\u1ee8U \u1ee8NG D\u1ee4NG - Vi\u1ec7n Kinh T\u1ebf v\u00e0 C\u00f4ng Ngh\u1ec7 - SIET","og_description":"Vi\u1ec7n Kinh T\u1ebf v\u00e0 C\u00f4ng Ngh\u1ec7 (T\u00ean ti\u1ebfng Anh: Institute of Economics and Technology, vi\u1ebft t\u1eaft: SIET) l\u00e0 t\u1ed5 ch\u1ee9c khoa h\u1ecdc v\u00e0 c\u00f4ng ngh\u1ec7 thu\u1ed9c Li\u00ean Hi\u1ec7p c\u00e1c H\u1ed9i Khoa h\u1ecdc v\u00e0 k\u1ef9 thu\u1eadt Vi\u1ec7t Nam, \u0111\u01b0\u1ee3c th\u00e0nh l\u1eadp theo Quy\u1ebft \u0111\u1ecbnh s\u1ed1 629\/Q\u0110-LHHVN ng\u00e0y 26 th\u00e1ng 07 n\u0103m 2022 c\u1ee7a Li\u00ean Hi\u1ec7p c\u00e1c","og_url":"https:\/\/www.siet.vn\/en\/nghien-cuu-ung-dung\/","og_site_name":"Vi\u1ec7n Kinh T\u1ebf v\u00e0 C\u00f4ng Ngh\u1ec7 - SIET","article_publisher":"https:\/\/www.facebook.com\/siet.vn","article_modified_time":"2023-06-19T04:20:02+00:00","og_image":[{"url":"http:\/\/siet.vn\/wp-content\/uploads\/2022\/12\/c1f023b2ad9585b8caaf19033222eae5.jpg"}],"twitter_card":"summary_large_image","twitter_misc":{"Est. reading time":"3 minutes"},"schema":{"@context":"https:\/\/schema.org","@graph":[{"@type":"WebPage","@id":"https:\/\/www.siet.vn\/nghien-cuu-ung-dung","url":"https:\/\/www.siet.vn\/nghien-cuu-ung-dung","name":"NGHI\u00caN C\u1ee8U \u1ee8NG D\u1ee4NG - Vi\u1ec7n Kinh T\u1ebf v\u00e0 C\u00f4ng Ngh\u1ec7 - SIET","isPartOf":{"@id":"https:\/\/www.siet.vn\/en\/#website"},"datePublished":"2022-11-09T06:48:16+00:00","dateModified":"2023-06-19T04:20:02+00:00","breadcrumb":{"@id":"https:\/\/www.siet.vn\/nghien-cuu-ung-dung#breadcrumb"},"inLanguage":"en-US","potentialAction":[{"@type":"ReadAction","target":["https:\/\/www.siet.vn\/nghien-cuu-ung-dung"]}]},{"@type":"BreadcrumbList","@id":"https:\/\/www.siet.vn\/nghien-cuu-ung-dung#breadcrumb","itemListElement":[{"@type":"ListItem","position":1,"name":"Trang ch\u1ee7","item":"https:\/\/www.siet.vn\/"},{"@type":"ListItem","position":2,"name":"NGHI\u00caN C\u1ee8U \u1ee8NG D\u1ee4NG"}]},{"@type":"WebSite","@id":"https:\/\/www.siet.vn\/en\/#website","url":"https:\/\/www.siet.vn\/en\/","name":"Vi\u1ec7n Kinh T\u1ebf v\u00e0 C\u00f4ng Ngh\u1ec7 - SIET","description":"Vi\u1ec7n Nghi\u00ean C\u1ee9u &amp; \u1ee8ng D\u1ee5ng","publisher":{"@id":"https:\/\/www.siet.vn\/en\/#organization"},"potentialAction":[{"@type":"SearchAction","target":{"@type":"EntryPoint","urlTemplate":"https:\/\/www.siet.vn\/en\/?s={search_term_string}"},"query-input":"required name=search_term_string"}],"inLanguage":"en-US"},{"@type":"Organization","@id":"https:\/\/www.siet.vn\/en\/#organization","name":"Vi\u1ec7n Kinh T\u1ebf v\u00e0 C\u00f4ng Ngh\u1ec7 - SIET","url":"https:\/\/www.siet.vn\/en\/","logo":{"@type":"ImageObject","inLanguage":"en-US","@id":"https:\/\/www.siet.vn\/en\/#\/schema\/logo\/image\/","url":"https:\/\/www.siet.vn\/wp-content\/uploads\/2022\/09\/siet-1.png","contentUrl":"https:\/\/www.siet.vn\/wp-content\/uploads\/2022\/09\/siet-1.png","width":463,"height":313,"caption":"Vi\u1ec7n Kinh T\u1ebf v\u00e0 C\u00f4ng Ngh\u1ec7 - SIET"},"image":{"@id":"https:\/\/www.siet.vn\/en\/#\/schema\/logo\/image\/"},"sameAs":["https:\/\/www.facebook.com\/siet.vn"]}]}},"_links":{"self":[{"href":"https:\/\/www.siet.vn\/en\/wp-json\/wp\/v2\/pages\/7406","targetHints":{"allow":["GET"]}}],"collection":[{"href":"https:\/\/www.siet.vn\/en\/wp-json\/wp\/v2\/pages"}],"about":[{"href":"https:\/\/www.siet.vn\/en\/wp-json\/wp\/v2\/types\/page"}],"author":[{"embeddable":true,"href":"https:\/\/www.siet.vn\/en\/wp-json\/wp\/v2\/users\/1"}],"replies":[{"embeddable":true,"href":"https:\/\/www.siet.vn\/en\/wp-json\/wp\/v2\/comments?post=7406"}],"version-history":[{"count":7,"href":"https:\/\/www.siet.vn\/en\/wp-json\/wp\/v2\/pages\/7406\/revisions"}],"predecessor-version":[{"id":7917,"href":"https:\/\/www.siet.vn\/en\/wp-json\/wp\/v2\/pages\/7406\/revisions\/7917"}],"wp:attachment":[{"href":"https:\/\/www.siet.vn\/en\/wp-json\/wp\/v2\/media?parent=7406"}],"curies":[{"name":"wp","href":"https:\/\/api.w.org\/{rel}","templated":true}]}}